{"id":563,"date":"2022-04-01T12:00:58","date_gmt":"2022-04-01T12:00:58","guid":{"rendered":"http:\/\/20.23.242.63\/?page_id=563"},"modified":"2025-12-04T10:38:33","modified_gmt":"2025-12-04T10:38:33","slug":"mensagem-conselho-administracao","status":"publish","type":"page","link":"https:\/\/incm.pt\/site\/mensagem-conselho-administracao\/","title":{"rendered":"Mensagem do Conselho de Administra\u00e7\u00e3o"},"content":{"rendered":"<p>[et_pb_section fb_built=&#8221;1&#8243; custom_padding_last_edited=&#8221;on|phone&#8221; _builder_version=&#8221;4.19.0&#8243; _module_preset=&#8221;default&#8221; background_image=&#8221;https:\/\/incm.pt\/site\/wp-content\/uploads\/2022\/06\/Mensagem-do-Conselho-de-Administracao.png&#8221; background_position=&#8221;bottom_center&#8221; background_enable_video_mp4=&#8221;off&#8221; min_height=&#8221;550px&#8221; custom_padding=&#8221;140px||140px||false|false&#8221; custom_padding_tablet=&#8221;&#8221; custom_padding_phone=&#8221;250px||250px||false|false&#8221; box_shadow_style=&#8221;preset3&#8243; global_colors_info=&#8221;{}&#8221;][\/et_pb_section][et_pb_section fb_built=&#8221;1&#8243; _builder_version=&#8221;4.16&#8243; _module_preset=&#8221;default&#8221; custom_padding=&#8221;0px||0px|||&#8221; global_colors_info=&#8221;{}&#8221;][et_pb_row _builder_version=&#8221;4.16&#8243; _module_preset=&#8221;default&#8221; width_tablet=&#8221;&#8221; width_phone=&#8221;&#8221; width_last_edited=&#8221;on|desktop&#8221; max_width=&#8221;100%&#8221; max_width_tablet=&#8221;&#8221; max_width_phone=&#8221;&#8221; max_width_last_edited=&#8221;on|desktop&#8221; global_colors_info=&#8221;{}&#8221;][et_pb_column type=&#8221;4_4&#8243; _builder_version=&#8221;4.16&#8243; _module_preset=&#8221;default&#8221; global_colors_info=&#8221;{}&#8221;][et_pb_code module_class=&#8221;breadcrumb&#8221; _builder_version=&#8221;4.17.4&#8243; _module_preset=&#8221;default&#8221; custom_margin=&#8221;||0px||false|false&#8221; custom_margin_tablet=&#8221;||0px||false|false&#8221; custom_margin_phone=&#8221;||0px||false|false&#8221; custom_margin_last_edited=&#8221;on|desktop&#8221; custom_padding=&#8221;|0px|0px|0px|false|false&#8221; custom_padding_tablet=&#8221;|0px||0px|false|false&#8221; custom_padding_phone=&#8221;|0px||0px|false|false&#8221; custom_padding_last_edited=&#8221;on|phone&#8221; global_colors_info=&#8221;{}&#8221;][\/et_pb_code][et_pb_text _builder_version=&#8221;4.17.4&#8243; _module_preset=&#8221;default&#8221; header_font=&#8221;Montserrat|700|||||||&#8221; header_text_color=&#8221;#333333&#8243; header_font_size=&#8221;45px&#8221; header_letter_spacing=&#8221;5px&#8221; width_last_edited=&#8221;off|desktop&#8221; max_width=&#8221;99.4%&#8221; max_width_tablet=&#8221;&#8221; max_width_phone=&#8221;&#8221; max_width_last_edited=&#8221;on|desktop&#8221; custom_padding=&#8221;25px||5px||false|false&#8221; custom_padding_tablet=&#8221;&#8221; custom_padding_phone=&#8221;&#8221; custom_padding_last_edited=&#8221;on|desktop&#8221; animation_style=&#8221;flip&#8221; animation_direction=&#8221;bottom&#8221; header_font_size_tablet=&#8221;35px&#8221; header_font_size_phone=&#8221;25px&#8221; header_font_size_last_edited=&#8221;on|phone&#8221; header_letter_spacing_tablet=&#8221;3px&#8221; header_letter_spacing_phone=&#8221;0px&#8221; header_letter_spacing_last_edited=&#8221;on|desktop&#8221; header_line_height_tablet=&#8221;&#8221; header_line_height_phone=&#8221;1.2em&#8221; header_line_height_last_edited=&#8221;on|desktop&#8221; border_width_bottom=&#8221;5px&#8221; border_color_bottom=&#8221;#b5a216&#8243; global_colors_info=&#8221;{}&#8221;]<\/p>\n<h1>MENSAGEM CONSELHO<br \/>DE ADMINISTRA\u00c7\u00c3O<\/h1>\n<p>[\/et_pb_text][\/et_pb_column][\/et_pb_row][\/et_pb_section][et_pb_section fb_built=&#8221;1&#8243; _builder_version=&#8221;4.16&#8243; _module_preset=&#8221;default&#8221; custom_padding=&#8221;0px|||||&#8221; global_colors_info=&#8221;{}&#8221;][et_pb_row _builder_version=&#8221;4.16&#8243; _module_preset=&#8221;default&#8221; width_tablet=&#8221;&#8221; width_phone=&#8221;&#8221; width_last_edited=&#8221;on|desktop&#8221; max_width=&#8221;100%&#8221; max_width_tablet=&#8221;&#8221; max_width_phone=&#8221;&#8221; max_width_last_edited=&#8221;on|desktop&#8221; global_colors_info=&#8221;{}&#8221;][et_pb_column type=&#8221;4_4&#8243; _builder_version=&#8221;4.16&#8243; _module_preset=&#8221;default&#8221; global_colors_info=&#8221;{}&#8221;][et_pb_text _builder_version=&#8221;4.17.4&#8243; _module_preset=&#8221;default&#8221; text_font=&#8221;Merriweather||||||||&#8221; text_text_color=&#8221;#333333&#8243; text_font_size=&#8221;22px&#8221; text_line_height=&#8221;1.5em&#8221; link_font=&#8221;|700|||||||&#8221; link_text_color=&#8221;#c2aa33&#8243; ul_line_height=&#8221;1.7em&#8221; animation_style=&#8221;fade&#8221; text_font_size_tablet=&#8221;20px&#8221; text_font_size_phone=&#8221;18px&#8221; text_font_size_last_edited=&#8221;on|tablet&#8221; text_line_height_tablet=&#8221;&#8221; text_line_height_phone=&#8221;&#8221; text_line_height_last_edited=&#8221;on|desktop&#8221; ul_line_height_tablet=&#8221;1.7em&#8221; ul_line_height_phone=&#8221;1.7em&#8221; ul_line_height_last_edited=&#8221;on|desktop&#8221; locked=&#8221;off&#8221; global_colors_info=&#8221;{}&#8221;]<\/p>\n<p><strong>A Imprensa Nacional-Casa da Moeda (INCM) tem uma longevidade e uma hist\u00f3ria sem paralelo a n\u00edvel nacional, um feito s\u00f3 ao alcance de empresas que possuem uma grande capacidade de adapta\u00e7\u00e3o aos constantes desafios e transforma\u00e7\u00f5es que se verificam no Pa\u00eds e no mundo, ajustando permanentemente a sua estrat\u00e9gia e o seu posicionamento, de forma dar uma resposta c\u00e9lere e efetiva \u00e0s necessidades dos seus clientes e parceiros.\u00a0<\/strong><\/p>\n<p>O quadro estrat\u00e9gico da INCM assenta em sete orienta\u00e7\u00f5es que reafirmam o posicionamento da empresa no mercado: o foco no cliente, na inova\u00e7\u00e3o, na internacionaliza\u00e7\u00e3o, na efici\u00eancia, no desenvolvimento dos colaboradores, na sustentabilidade e no reconhecimento da marca.<\/p>\n<p><strong>Em todos estes dom\u00ednios a empresa registou avan\u00e7os not\u00e1veis, com altera\u00e7\u00f5es profundas na sua organiza\u00e7\u00e3o e compet\u00eancias, tornando-se mais inovadora e focada no mercado, o que originou um reconhecimento crescente por todas as partes interessadas.\u00a0<\/strong><\/p>\n<p>No \u00faltimo tri\u00e9nio, \u00e9 poss\u00edvel destacar a inova\u00e7\u00e3o e a internacionaliza\u00e7\u00e3o como principais motores de desenvolvimento, que moldaram em grande medida a organiza\u00e7\u00e3o e a opera\u00e7\u00e3o atual da empresa, tornando-a mais din\u00e2mica, \u00e1gil e resiliente, conforme se p\u00f4de comprovar no contexto da recente pandemia, a qual condicionou de forma dram\u00e1tica o ambiente social e econ\u00f3mico, mas que simultaneamente constituiu um fator acelerador da transi\u00e7\u00e3o digital e ambiental.<\/p>\n<p><strong>Antecipando e projetando o ciclo que agora se inicia, acreditamos que todas as sete dimens\u00f5es estrat\u00e9gicas acima identificadas continuam a ser v\u00e1lidas, mas a sua evolu\u00e7\u00e3o ser\u00e1 marcada por esta necessidade de acelerar a transi\u00e7\u00e3o digital e ambiental.<\/strong><\/p>\n<p>A INCM assumir\u00e1, como sempre, o seu papel essencial \u00e0 sociedade e o seu contributo para a recupera\u00e7\u00e3o do Pa\u00eds, assumindo-se como o parceiro-chave dos seus clientes e parceiros, em particular dos servi\u00e7os da Administra\u00e7\u00e3o P\u00fablica, quer participando ativamente na sua transforma\u00e7\u00e3o digital, quer oferecendo novas solu\u00e7\u00f5es de seguran\u00e7a digital e f\u00edsica.<\/p>\n<p><strong>Assente nessas orienta\u00e7\u00f5es estrat\u00e9gicas, a sustentabilidade da empresa, pautada pelo equil\u00edbrio econ\u00f3mico, ambiental e social, continuar\u00e1 a ser um compromisso com metas objetivas e plaus\u00edveis, designadamente, atingir a neutralidade carb\u00f3nica em 2030, manter o investimento anual de 1% do volume de neg\u00f3cios em inova\u00e7\u00e3o, manter a afeta\u00e7\u00e3o de um valor similar em a\u00e7\u00f5es de responsabilidade social e com uma interven\u00e7\u00e3o muito presente na divulga\u00e7\u00e3o da l\u00edngua e da cultura portuguesa, continuar a ser uma empresa de refer\u00eancia em mat\u00e9rias de igualdade de g\u00e9nero e de concilia\u00e7\u00e3o entre a vida profissional, familiar e pessoal, e continuar a ser um agente ativo para o desenvolvimento econ\u00f3mico, social e cultural do Pa\u00eds.\u00a0<\/strong><\/p>\n<p>Estamos convictos que este \u00e9 o caminho a seguir, para que a INCM continue a ser uma empresa s\u00f3lida, \u00fatil e de confian\u00e7a aos olhos das pessoas, das empresas e das institui\u00e7\u00f5es, tanto em Portugal como no resto do mundo.<\/p>\n<p><span style=\"color: #c2aa33;\"><b>O Conselho de Administra\u00e7\u00e3o da\u202fINCM, S. A.<\/b><\/span><\/p>\n<p>&nbsp;<\/p>\n<p>[\/et_pb_text][\/et_pb_column][\/et_pb_row][\/et_pb_section]<\/p>\n","protected":false},"excerpt":{"rendered":"<p>MENSAGEM CONSELHODE ADMINISTRA\u00c7\u00c3OA Imprensa Nacional-Casa da Moeda (INCM) tem uma longevidade e uma hist\u00f3ria sem paralelo a n\u00edvel nacional, um feito s\u00f3 ao alcance de empresas que possuem uma grande capacidade de adapta\u00e7\u00e3o aos constantes desafios e transforma\u00e7\u00f5es que se verificam no Pa\u00eds e no mundo, ajustando permanentemente a sua estrat\u00e9gia e o seu posicionamento, [&hellip;]<\/p>\n","protected":false},"author":1,"featured_media":4182,"parent":0,"menu_order":0,"comment_status":"closed","ping_status":"closed","template":"","meta":{"_acf_changed":false,"_et_pb_use_builder":"on","_et_pb_old_content":"","_et_gb_content_width":"","footnotes":""},"class_list":["post-563","page","type-page","status-publish","has-post-thumbnail","hentry"],"acf":[],"_links":{"self":[{"href":"https:\/\/incm.pt\/site\/wp-json\/wp\/v2\/pages\/563","targetHints":{"allow":["GET"]}}],"collection":[{"href":"https:\/\/incm.pt\/site\/wp-json\/wp\/v2\/pages"}],"about":[{"href":"https:\/\/incm.pt\/site\/wp-json\/wp\/v2\/types\/page"}],"author":[{"embeddable":true,"href":"https:\/\/incm.pt\/site\/wp-json\/wp\/v2\/users\/1"}],"replies":[{"embeddable":true,"href":"https:\/\/incm.pt\/site\/wp-json\/wp\/v2\/comments?post=563"}],"version-history":[{"count":1,"href":"https:\/\/incm.pt\/site\/wp-json\/wp\/v2\/pages\/563\/revisions"}],"predecessor-version":[{"id":19411,"href":"https:\/\/incm.pt\/site\/wp-json\/wp\/v2\/pages\/563\/revisions\/19411"}],"wp:featuredmedia":[{"embeddable":true,"href":"https:\/\/incm.pt\/site\/wp-json\/wp\/v2\/media\/4182"}],"wp:attachment":[{"href":"https:\/\/incm.pt\/site\/wp-json\/wp\/v2\/media?parent=563"}],"curies":[{"name":"wp","href":"https:\/\/api.w.org\/{rel}","templated":true}]}}