{"id":5335,"date":"2022-07-04T12:20:52","date_gmt":"2022-07-04T12:20:52","guid":{"rendered":"https:\/\/incm.pt\/site\/?page_id=5335"},"modified":"2026-03-16T10:00:02","modified_gmt":"2026-03-16T10:00:02","slug":"rede-de-lojas-incm","status":"publish","type":"page","link":"https:\/\/incm.pt\/site\/rede-de-lojas-incm\/","title":{"rendered":"Rede de Lojas INCM"},"content":{"rendered":"<p>[et_pb_section fb_built=&#8221;1&#8243; custom_padding_last_edited=&#8221;on|phone&#8221; _builder_version=&#8221;4.19.0&#8243; _module_preset=&#8221;default&#8221; background_image=&#8221;https:\/\/incm.pt\/site\/wp-content\/uploads\/2022\/07\/Rede-de-lojas-e1658329170670.jpg&#8221; parallax=&#8221;on&#8221; background_enable_video_mp4=&#8221;off&#8221; transform_translate_linked=&#8221;off&#8221; min_height=&#8221;550px&#8221; custom_padding=&#8221;140px||140px||false|false&#8221; custom_padding_tablet=&#8221;&#8221; custom_padding_phone=&#8221;250px||250px||false|false&#8221; box_shadow_style=&#8221;preset3&#8243; locked=&#8221;off&#8221; global_colors_info=&#8221;{}&#8221;][\/et_pb_section][et_pb_section fb_built=&#8221;1&#8243; _builder_version=&#8221;4.17.4&#8243; _module_preset=&#8221;default&#8221; custom_padding=&#8221;0px|||||&#8221; global_colors_info=&#8221;{}&#8221;][et_pb_row _builder_version=&#8221;4.16&#8243; _module_preset=&#8221;default&#8221; custom_margin=&#8221;60px||||false|false&#8221; custom_margin_tablet=&#8221;&#8221; custom_margin_phone=&#8221;&#8221; custom_margin_last_edited=&#8221;on|desktop&#8221; global_colors_info=&#8221;{}&#8221;][et_pb_column type=&#8221;4_4&#8243; _builder_version=&#8221;4.16&#8243; _module_preset=&#8221;default&#8221; global_colors_info=&#8221;{}&#8221;][et_pb_text _builder_version=&#8221;4.17.4&#8243; _module_preset=&#8221;default&#8221; header_font=&#8221;Montserrat|700|||||||&#8221; header_text_color=&#8221;#333333&#8243; header_font_size=&#8221;45px&#8221; header_letter_spacing=&#8221;5px&#8221; width_last_edited=&#8221;off|desktop&#8221; max_width=&#8221;100%&#8221; max_width_tablet=&#8221;100%&#8221; max_width_phone=&#8221;100%&#8221; max_width_last_edited=&#8221;on|desktop&#8221; custom_padding=&#8221;25px||5px||false|false&#8221; custom_padding_tablet=&#8221;&#8221; custom_padding_phone=&#8221;&#8221; custom_padding_last_edited=&#8221;on|desktop&#8221; animation_style=&#8221;flip&#8221; animation_direction=&#8221;bottom&#8221; header_font_size_tablet=&#8221;&#8221; header_font_size_phone=&#8221;30px&#8221; header_font_size_last_edited=&#8221;on|desktop&#8221; header_letter_spacing_tablet=&#8221;&#8221; header_letter_spacing_phone=&#8221;&#8221; header_letter_spacing_last_edited=&#8221;on|desktop&#8221; border_width_bottom=&#8221;5px&#8221; border_color_bottom=&#8221;#b5a216&#8243; locked=&#8221;off&#8221; global_colors_info=&#8221;{}&#8221;]<\/p>\n<h1>REDE DE LOJAS INCM<\/h1>\n<p>[\/et_pb_text][et_pb_text _builder_version=&#8221;4.19.5&#8243; _module_preset=&#8221;default&#8221; text_font=&#8221;Merriweather||||||||&#8221; text_text_color=&#8221;#333333&#8243; text_font_size=&#8221;22px&#8221; text_line_height=&#8221;1.5em&#8221; link_font=&#8221;|700|||||||&#8221; link_text_color=&#8221;#c2aa33&#8243; ul_line_height=&#8221;1.7em&#8221; vertical_offset_tablet=&#8221;0&#8243; horizontal_offset_tablet=&#8221;0&#8243; animation_style=&#8221;fade&#8221; text_font_size_tablet=&#8221;20px&#8221; text_font_size_phone=&#8221;18px&#8221; text_font_size_last_edited=&#8221;on|tablet&#8221; text_line_height_tablet=&#8221;&#8221; text_line_height_phone=&#8221;2&#8243; text_line_height_last_edited=&#8221;on|desktop&#8221; ul_line_height_tablet=&#8221;&#8221; ul_line_height_phone=&#8221;&#8221; ul_line_height_last_edited=&#8221;on|desktop&#8221; z_index_tablet=&#8221;0&#8243; text_text_shadow_horizontal_length_tablet=&#8221;0px&#8221; text_text_shadow_vertical_length_tablet=&#8221;0px&#8221; text_text_shadow_blur_strength_tablet=&#8221;1px&#8221; link_text_shadow_horizontal_length_tablet=&#8221;0px&#8221; link_text_shadow_vertical_length_tablet=&#8221;0px&#8221; link_text_shadow_blur_strength_tablet=&#8221;1px&#8221; ul_text_shadow_horizontal_length_tablet=&#8221;0px&#8221; ul_text_shadow_vertical_length_tablet=&#8221;0px&#8221; ul_text_shadow_blur_strength_tablet=&#8221;1px&#8221; ol_text_shadow_horizontal_length_tablet=&#8221;0px&#8221; ol_text_shadow_vertical_length_tablet=&#8221;0px&#8221; ol_text_shadow_blur_strength_tablet=&#8221;1px&#8221; quote_text_shadow_horizontal_length_tablet=&#8221;0px&#8221; quote_text_shadow_vertical_length_tablet=&#8221;0px&#8221; quote_text_shadow_blur_strength_tablet=&#8221;1px&#8221; header_text_shadow_horizontal_length_tablet=&#8221;0px&#8221; header_text_shadow_vertical_length_tablet=&#8221;0px&#8221; header_text_shadow_blur_strength_tablet=&#8221;1px&#8221; header_2_text_shadow_horizontal_length_tablet=&#8221;0px&#8221; header_2_text_shadow_vertical_length_tablet=&#8221;0px&#8221; header_2_text_shadow_blur_strength_tablet=&#8221;1px&#8221; header_3_text_shadow_horizontal_length_tablet=&#8221;0px&#8221; header_3_text_shadow_vertical_length_tablet=&#8221;0px&#8221; header_3_text_shadow_blur_strength_tablet=&#8221;1px&#8221; header_4_text_shadow_horizontal_length_tablet=&#8221;0px&#8221; header_4_text_shadow_vertical_length_tablet=&#8221;0px&#8221; header_4_text_shadow_blur_strength_tablet=&#8221;1px&#8221; header_5_text_shadow_horizontal_length_tablet=&#8221;0px&#8221; header_5_text_shadow_vertical_length_tablet=&#8221;0px&#8221; header_5_text_shadow_blur_strength_tablet=&#8221;1px&#8221; header_6_text_shadow_horizontal_length_tablet=&#8221;0px&#8221; header_6_text_shadow_vertical_length_tablet=&#8221;0px&#8221; header_6_text_shadow_blur_strength_tablet=&#8221;1px&#8221; box_shadow_horizontal_tablet=&#8221;0px&#8221; box_shadow_vertical_tablet=&#8221;0px&#8221; box_shadow_blur_tablet=&#8221;40px&#8221; box_shadow_spread_tablet=&#8221;0px&#8221; locked=&#8221;off&#8221; global_colors_info=&#8221;{}&#8221;]<\/p>\n<p><strong>A INCM conta com uma rede nacional de lojas, aproximando os cidad\u00e3os da cultura e dos autores de express\u00e3o portuguesa. Descubra os nossos espa\u00e7os e conhe\u00e7a as nossas moedas e edi\u00e7\u00f5es mais recentes.<\/strong><\/p>\n<p><span style=\"font-size: 22px;\">Encontre toda a informa\u00e7\u00e3o \u00fatil para que a sua visita comece desde j\u00e1 com a melhor experi\u00eancia. Esperamos por si num dos nossos espa\u00e7os ou na nossa <\/span><a href=\"https:\/\/loja.incm.pt\/\">loja online<\/a><span style=\"font-size: 22px;\">.<\/span><\/p>\n<p>[\/et_pb_text][et_pb_text _builder_version=&#8221;4.19.4&#8243; _module_preset=&#8221;default&#8221; header_2_font=&#8221;Poppins|500|||||||&#8221; header_2_text_color=&#8221;#b5a216&#8243; custom_margin=&#8221;||||false|false&#8221; custom_margin_tablet=&#8221;&#8221; custom_margin_phone=&#8221;&#8221; custom_margin_last_edited=&#8221;on|desktop&#8221; custom_padding=&#8221;15px||||false|false&#8221; custom_padding_tablet=&#8221;&#8221; custom_padding_phone=&#8221;&#8221; custom_padding_last_edited=&#8221;on|desktop&#8221; animation_style=&#8221;fade&#8221; border_width_bottom=&#8221;5px&#8221; border_color_bottom=&#8221;#000000&#8243; global_colors_info=&#8221;{}&#8221;]<\/p>\n<h2>LISBOA<\/h2>\n<p>[\/et_pb_text][\/et_pb_column][\/et_pb_row][et_pb_row column_structure=&#8221;1_3,1_3,1_3&#8243; use_custom_gutter=&#8221;on&#8221; _builder_version=&#8221;4.17.4&#8243; _module_preset=&#8221;default&#8221; custom_padding=&#8221;0px|||||&#8221; animation_style=&#8221;fade&#8221; global_colors_info=&#8221;{}&#8221;][et_pb_column type=&#8221;1_3&#8243; _builder_version=&#8221;4.16&#8243; _module_preset=&#8221;default&#8221; global_colors_info=&#8221;{}&#8221;][et_pb_code _builder_version=&#8221;4.19.0&#8243; _module_preset=&#8221;default&#8221; animation_style=&#8221;fade&#8221; global_colors_info=&#8221;{}&#8221;][\/et_pb_code][et_pb_map address_lat=&#8221;38.736893128633&#8243; address_lng=&#8221;-9.1416807905991&#8243; _builder_version=&#8221;4.26.0&#8243; _module_preset=&#8221;default&#8221; height=&#8221;350px&#8221; global_colors_info=&#8221;{}&#8221;][et_pb_map_pin pin_address=&#8221;R. Dona Filipa de Vilhena 12A, 1000-178 Lisboa, Portugal&#8221; zoom_level=&#8221;17&#8243; pin_address_lat=&#8221;38.7368972&#8243; pin_address_lng=&#8221;-9.1418011&#8243; _builder_version=&#8221;4.26.0&#8243; _module_preset=&#8221;default&#8221; global_colors_info=&#8221;{}&#8221;][\/et_pb_map_pin][\/et_pb_map][et_pb_text _builder_version=&#8221;4.17.4&#8243; _module_preset=&#8221;default&#8221; header_5_font=&#8221;Merriweather||||||||&#8221; header_5_font_size=&#8221;18px&#8221; header_5_line_height=&#8221;1.4em&#8221; header_6_font=&#8221;Merriweather||||||||&#8221; header_6_font_size=&#8221;22px&#8221; header_6_line_height=&#8221;1.4em&#8221; animation_style=&#8221;fade&#8221; header_5_font_size_tablet=&#8221;&#8221; header_5_font_size_phone=&#8221;&#8221; header_5_font_size_last_edited=&#8221;on|desktop&#8221; header_5_line_height_tablet=&#8221;&#8221; header_5_line_height_phone=&#8221;&#8221; header_5_line_height_last_edited=&#8221;on|desktop&#8221; header_6_font_size_tablet=&#8221;&#8221; header_6_font_size_phone=&#8221;&#8221; header_6_font_size_last_edited=&#8221;on|desktop&#8221; header_6_line_height_tablet=&#8221;&#8221; header_6_line_height_phone=&#8221;&#8221; header_6_line_height_last_edited=&#8221;on|desktop&#8221; global_colors_info=&#8221;{}&#8221;]<\/p>\n<h6>Morada: Rua D. Filipa de Vilhena 12, 12A<br \/>1000-136 Lisboa<\/h6>\n<p>&nbsp;<\/p>\n<h6>Hor\u00e1rio: segunda-feira a sexta-feira, das 09h00 \u00e0s 18h00.<\/h6>\n<h6>S\u00e1bados e domingos estamos encerrados.<\/h6>\n<p>&nbsp;<\/p>\n<h5>Pontualmente, podem surgir altera\u00e7\u00f5es ao hor\u00e1rio apresentado. Queira por favor confirmar previamente atrav\u00e9s do nosso Centro de Atendimento ao Cliente.<\/h5>\n<p>&nbsp;<\/p>\n<h6>Autocarros: 16; 18; 26; 42<\/h6>\n<h6>Metro: Saldanha<\/h6>\n<p>&nbsp;<\/p>\n<h6>Coordenadas GPS: N 38\u00ba 44&#8242; 12.29&#8243; W 9\u00ba 8&#8242; 30.39&#8243;<\/h6>\n<p>[\/et_pb_text][\/et_pb_column][et_pb_column type=&#8221;1_3&#8243; _builder_version=&#8221;4.16&#8243; _module_preset=&#8221;default&#8221; global_colors_info=&#8221;{}&#8221;][et_pb_code _builder_version=&#8221;4.19.0&#8243; _module_preset=&#8221;default&#8221; animation_style=&#8221;fade&#8221; global_colors_info=&#8221;{}&#8221;][\/et_pb_code][et_pb_map address=&#8221;R. da Escola Polit\u00e9cnica 135, 1250-173 Lisboa, Portugal&#8221; address_lat=&#8221;38.7178607&#8243; address_lng=&#8221;-9.1518384&#8243; _builder_version=&#8221;4.19.0&#8243; _module_preset=&#8221;default&#8221; height=&#8221;350px&#8221; global_colors_info=&#8221;{}&#8221;][et_pb_map_pin pin_address=&#8221;R. da Escola Polit\u00e9cnica 135, 1250-173 Lisboa, Portugal&#8221; pin_address_lat=&#8221;38.7178607&#8243; pin_address_lng=&#8221;-9.1518384&#8243; _builder_version=&#8221;4.19.0&#8243; _module_preset=&#8221;default&#8221; global_colors_info=&#8221;{}&#8221;][\/et_pb_map_pin][\/et_pb_map][et_pb_text _builder_version=&#8221;4.17.4&#8243; _module_preset=&#8221;default&#8221; header_5_font=&#8221;Merriweather||||||||&#8221; header_5_font_size=&#8221;18px&#8221; header_5_line_height=&#8221;1.4em&#8221; header_6_font=&#8221;Merriweather||||||||&#8221; header_6_font_size=&#8221;22px&#8221; header_6_line_height=&#8221;1.4em&#8221; animation_style=&#8221;fade&#8221; header_5_font_size_tablet=&#8221;&#8221; header_5_font_size_phone=&#8221;&#8221; header_5_font_size_last_edited=&#8221;on|desktop&#8221; header_5_line_height_tablet=&#8221;&#8221; header_5_line_height_phone=&#8221;&#8221; header_5_line_height_last_edited=&#8221;on|desktop&#8221; header_6_font_size_tablet=&#8221;&#8221; header_6_font_size_phone=&#8221;&#8221; header_6_font_size_last_edited=&#8221;on|desktop&#8221; header_6_line_height_tablet=&#8221;&#8221; header_6_line_height_phone=&#8221;&#8221; header_6_line_height_last_edited=&#8221;on|desktop&#8221; global_colors_info=&#8221;{}&#8221;]<\/p>\n<h6>Morada: Rua da Escola Polit\u00e9cnica, 137<br \/>1250-100 Lisboa<\/h6>\n<p>&nbsp;<\/p>\n<h6><strong>Esta loja encontra-se encerrada por motivo de obras. <\/strong><\/h6>\n<h6>Estamos a modernizar o\u00a0 espa\u00e7o, a pensar no seu conforto.<\/h6>\n<h6>Entretanto, continuamos ao seu inteiro dispor na loja da Rua D. Filipa de Vilhena 12, 12A, em Lisboa, e em <span style=\"color: #b5a216;\"><a href=\"https:\/\/loja.incm.pt\/\" style=\"color: #b5a216;\">loja.incm.pt<\/a><\/span><\/h6>\n<p>&nbsp;<\/p>\n<h6>Autocarro: 58<\/h6>\n<h6>Metro: Rato<\/h6>\n<p>&nbsp;<\/p>\n<h6>Coordenadas GPS: N 38\u00ba 43&#8242; 4.45&#8243; W 9\u00ba 9&#8242; 6.62&#8243;<\/h6>\n<p>[\/et_pb_text][\/et_pb_column][et_pb_column type=&#8221;1_3&#8243; _builder_version=&#8221;4.16&#8243; _module_preset=&#8221;default&#8221; global_colors_info=&#8221;{}&#8221;][et_pb_code _builder_version=&#8221;4.19.0&#8243; _module_preset=&#8221;default&#8221; animation_style=&#8221;fade&#8221; global_colors_info=&#8221;{}&#8221;][\/et_pb_code][et_pb_map address=&#8221;Campo Grande 83, 1600 Lisboa, Portugal&#8221; address_lat=&#8221;38.751268&#8243; address_lng=&#8221;-9.1520324&#8243; disabled_on=&#8221;on|on|on&#8221; _builder_version=&#8221;4.19.0&#8243; _module_preset=&#8221;default&#8221; height=&#8221;350px&#8221; disabled=&#8221;on&#8221; global_colors_info=&#8221;{}&#8221;][et_pb_map_pin pin_address=&#8221;Campo Grande 83, 1600 Lisboa, Portugal&#8221; pin_address_lat=&#8221;38.751268&#8243; pin_address_lng=&#8221;-9.1520324&#8243; _builder_version=&#8221;4.19.0&#8243; _module_preset=&#8221;default&#8221; global_colors_info=&#8221;{}&#8221;][\/et_pb_map_pin][\/et_pb_map][et_pb_text disabled_on=&#8221;on|on|on&#8221; _builder_version=&#8221;4.19.4&#8243; _module_preset=&#8221;default&#8221; header_5_font=&#8221;Merriweather||||||||&#8221; header_5_font_size=&#8221;18px&#8221; header_5_line_height=&#8221;1.4em&#8221; header_6_font=&#8221;Merriweather||||||||&#8221; header_6_font_size=&#8221;22px&#8221; header_6_line_height=&#8221;1.4em&#8221; animation_style=&#8221;fade&#8221; header_5_font_size_tablet=&#8221;&#8221; header_5_font_size_phone=&#8221;&#8221; header_5_font_size_last_edited=&#8221;on|desktop&#8221; header_5_line_height_tablet=&#8221;&#8221; header_5_line_height_phone=&#8221;&#8221; header_5_line_height_last_edited=&#8221;on|desktop&#8221; header_6_font_size_tablet=&#8221;&#8221; header_6_font_size_phone=&#8221;&#8221; header_6_font_size_last_edited=&#8221;on|desktop&#8221; header_6_line_height_tablet=&#8221;&#8221; header_6_line_height_phone=&#8221;&#8221; header_6_line_height_last_edited=&#8221;on|desktop&#8221; disabled=&#8221;on&#8221; global_colors_info=&#8221;{}&#8221;]<\/p>\n<h6>Morada: Biblioteca Nacional &#8211; Campo Grande, 83<br \/>1749-081 Lisboa<\/h6>\n<p>&nbsp;<\/p>\n<h6>Esta loja est\u00e1 encerrada.<\/h6>\n<p>&nbsp;<\/p>\n<h6>Autocarros: 207 \/ 701 \/ 727 \/ 736 \/ 738 \/ 744 \/ 749 \/ 783<\/h6>\n<p>&nbsp;<\/p>\n<h6>Metro: Entrecampos<\/h6>\n<p>&nbsp;<\/p>\n<h6>Coordenadas GPS: N 38\u00b0 45&#8242; 4&#8243; O 9\u00b0 9&#8242; 9&#8243;<\/h6>\n<p>[\/et_pb_text][\/et_pb_column][\/et_pb_row][et_pb_row _builder_version=&#8221;4.16&#8243; _module_preset=&#8221;default&#8221; custom_margin=&#8221;10px||||false|false&#8221; custom_margin_tablet=&#8221;&#8221; custom_margin_phone=&#8221;&#8221; custom_margin_last_edited=&#8221;on|desktop&#8221; global_colors_info=&#8221;{}&#8221;][et_pb_column type=&#8221;4_4&#8243; _builder_version=&#8221;4.16&#8243; _module_preset=&#8221;default&#8221; global_colors_info=&#8221;{}&#8221;][et_pb_text _builder_version=&#8221;4.17.4&#8243; _module_preset=&#8221;default&#8221; header_2_font=&#8221;Poppins|500|||||||&#8221; header_2_text_color=&#8221;#b5a216&#8243; custom_margin=&#8221;||||false|false&#8221; custom_margin_tablet=&#8221;&#8221; custom_margin_phone=&#8221;&#8221; custom_margin_last_edited=&#8221;on|desktop&#8221; custom_padding=&#8221;15px||||false|false&#8221; custom_padding_tablet=&#8221;&#8221; custom_padding_phone=&#8221;&#8221; custom_padding_last_edited=&#8221;on|desktop&#8221; animation_style=&#8221;fade&#8221; border_width_bottom=&#8221;5px&#8221; global_colors_info=&#8221;{}&#8221;]<\/p>\n<h2>COIMBRA<\/h2>\n<p>[\/et_pb_text][\/et_pb_column][\/et_pb_row][et_pb_row column_structure=&#8221;1_3,2_3&#8243; _builder_version=&#8221;4.16&#8243; _module_preset=&#8221;default&#8221; global_colors_info=&#8221;{}&#8221;][et_pb_column type=&#8221;1_3&#8243; _builder_version=&#8221;4.16&#8243; _module_preset=&#8221;default&#8221; global_colors_info=&#8221;{}&#8221;][et_pb_map google_api_key=&#8221;AIzaSyCt723DzopHvOFgO-0uoouCj2QLpRtyKzA&#8221; address=&#8221;R. Visc. da Luz 94 98, 3000-179 Coimbra, Portugal&#8221; address_lat=&#8221;40.209751&#8243; address_lng=&#8221;-8.4291647&#8243; _builder_version=&#8221;4.19.0&#8243; _module_preset=&#8221;default&#8221; height=&#8221;350px&#8221; global_colors_info=&#8221;{}&#8221;][et_pb_map_pin pin_address=&#8221;R. Visc. da Luz 94 98, 3000-179 Coimbra, Portugal&#8221; pin_address_lat=&#8221;40.209751&#8243; pin_address_lng=&#8221;-8.4291647&#8243; _builder_version=&#8221;4.19.0&#8243; _module_preset=&#8221;default&#8221; global_colors_info=&#8221;{}&#8221;][\/et_pb_map_pin][\/et_pb_map][\/et_pb_column][et_pb_column type=&#8221;2_3&#8243; _builder_version=&#8221;4.16&#8243; _module_preset=&#8221;default&#8221; global_colors_info=&#8221;{}&#8221;][et_pb_text _builder_version=&#8221;4.19.5&#8243; _module_preset=&#8221;default&#8221; header_5_font=&#8221;Merriweather||||||||&#8221; header_5_font_size=&#8221;18px&#8221; header_5_line_height=&#8221;1.4em&#8221; header_6_font=&#8221;Merriweather||||||||&#8221; header_6_font_size=&#8221;22px&#8221; header_6_line_height=&#8221;1.4em&#8221; animation_style=&#8221;fade&#8221; header_5_font_size_tablet=&#8221;&#8221; header_5_font_size_phone=&#8221;&#8221; header_5_font_size_last_edited=&#8221;on|desktop&#8221; header_5_line_height_tablet=&#8221;&#8221; header_5_line_height_phone=&#8221;&#8221; header_5_line_height_last_edited=&#8221;on|desktop&#8221; header_6_font_size_tablet=&#8221;&#8221; header_6_font_size_phone=&#8221;&#8221; header_6_font_size_last_edited=&#8221;on|desktop&#8221; header_6_line_height_tablet=&#8221;&#8221; header_6_line_height_phone=&#8221;&#8221; header_6_line_height_last_edited=&#8221;on|desktop&#8221; global_colors_info=&#8221;{}&#8221;]<\/p>\n<h6>Morada: Rua Visconde da Luz 94, 96 e 98<br \/>3000-414 Coimbra<\/h6>\n<h6>Hor\u00e1rio: segunda-feira a sexta-feira, das 09h00 \u00e0s 18h00.<\/h6>\n<h6>S\u00e1bados e domingos estamos encerrados.<\/h6>\n<h5>Pontualmente, podem surgir altera\u00e7\u00f5es ao hor\u00e1rio apresentado. Queira por favor confirmar previamente atrav\u00e9s do nosso Centro de Atendimento ao Cliente.<\/h5>\n<h6>Autocarros: 12, 21T, 2F, 9<\/h6>\n<h6>Coordenadas GPS: Lat: 40.21 Lng: -8.4291<\/h6>\n<p>[\/et_pb_text][\/et_pb_column][\/et_pb_row][et_pb_row _builder_version=&#8221;4.16&#8243; _module_preset=&#8221;default&#8221; custom_margin=&#8221;30px||||false|false&#8221; custom_margin_tablet=&#8221;&#8221; custom_margin_phone=&#8221;&#8221; custom_margin_last_edited=&#8221;on|desktop&#8221; custom_padding=&#8221;0px|||||&#8221; global_colors_info=&#8221;{}&#8221;][et_pb_column type=&#8221;4_4&#8243; _builder_version=&#8221;4.16&#8243; _module_preset=&#8221;default&#8221; global_colors_info=&#8221;{}&#8221;][et_pb_text _builder_version=&#8221;4.17.4&#8243; _module_preset=&#8221;default&#8221; header_2_font=&#8221;Poppins|500|||||||&#8221; header_2_text_color=&#8221;#b5a216&#8243; custom_margin=&#8221;||||false|false&#8221; custom_margin_tablet=&#8221;&#8221; custom_margin_phone=&#8221;&#8221; custom_margin_last_edited=&#8221;on|desktop&#8221; custom_padding=&#8221;15px||||false|false&#8221; custom_padding_tablet=&#8221;&#8221; custom_padding_phone=&#8221;&#8221; custom_padding_last_edited=&#8221;on|desktop&#8221; animation_style=&#8221;fade&#8221; border_width_bottom=&#8221;5px&#8221; border_color_bottom=&#8221;#000000&#8243; global_colors_info=&#8221;{}&#8221;]<\/p>\n<h2>PORTO<\/h2>\n<p>[\/et_pb_text][\/et_pb_column][\/et_pb_row][et_pb_row column_structure=&#8221;1_3,2_3&#8243; _builder_version=&#8221;4.16&#8243; _module_preset=&#8221;default&#8221; global_colors_info=&#8221;{}&#8221;][et_pb_column type=&#8221;1_3&#8243; _builder_version=&#8221;4.16&#8243; _module_preset=&#8221;default&#8221; global_colors_info=&#8221;{}&#8221;][et_pb_map google_api_key=&#8221;AIzaSyCt723DzopHvOFgO-0uoouCj2QLpRtyKzA&#8221; address=&#8221;R. de C\u00e2ndido dos Reis 97, 4000 Porto, Portugal&#8221; address_lat=&#8221;41.1471825&#8243; address_lng=&#8221;-8.613984&#8243; _builder_version=&#8221;4.19.0&#8243; _module_preset=&#8221;default&#8221; height=&#8221;350px&#8221; global_colors_info=&#8221;{}&#8221;][et_pb_map_pin pin_address=&#8221;R. de C\u00e2ndido dos Reis 97, 4050-152 Porto&#8221; pin_address_lat=&#8221;41.1471825&#8243; pin_address_lng=&#8221;-8.613984&#8243; _builder_version=&#8221;4.19.0&#8243; _module_preset=&#8221;default&#8221; global_colors_info=&#8221;{}&#8221;][\/et_pb_map_pin][\/et_pb_map][\/et_pb_column][et_pb_column type=&#8221;2_3&#8243; _builder_version=&#8221;4.16&#8243; _module_preset=&#8221;default&#8221; global_colors_info=&#8221;{}&#8221;][et_pb_text _builder_version=&#8221;4.17.4&#8243; _module_preset=&#8221;default&#8221; header_5_font=&#8221;Merriweather||||||||&#8221; header_5_font_size=&#8221;18px&#8221; header_5_line_height=&#8221;1.4em&#8221; header_6_font=&#8221;Merriweather||||||||&#8221; header_6_font_size=&#8221;22px&#8221; header_6_line_height=&#8221;1.4em&#8221; animation_style=&#8221;fade&#8221; header_5_font_size_tablet=&#8221;&#8221; header_5_font_size_phone=&#8221;&#8221; header_5_font_size_last_edited=&#8221;on|desktop&#8221; header_5_line_height_tablet=&#8221;&#8221; header_5_line_height_phone=&#8221;&#8221; header_5_line_height_last_edited=&#8221;on|desktop&#8221; header_6_font_size_tablet=&#8221;&#8221; header_6_font_size_phone=&#8221;&#8221; header_6_font_size_last_edited=&#8221;on|desktop&#8221; header_6_line_height_tablet=&#8221;&#8221; header_6_line_height_phone=&#8221;&#8221; header_6_line_height_last_edited=&#8221;on|desktop&#8221; global_colors_info=&#8221;{}&#8221;]<\/p>\n<h6>Morada: Rua C\u00e2ndido dos Reis, 97<br \/>4050-152 Porto<\/h6>\n<h6>Hor\u00e1rio: segunda-feira a sexta-feira, das 09h00 \u00e0s 18h00.<\/h6>\n<h6>S\u00e1bados e domingos estamos encerrados.<\/h6>\n<h5>Pontualmente, podem surgir altera\u00e7\u00f5es ao hor\u00e1rio apresentado. Queira por favor confirmar previamente atrav\u00e9s do nosso Centro de Atendimento ao Cliente.<\/h5>\n<h6>Autocarros: sa\u00edda &#8211; Carmo (200; 207; 301; 305; 501; 601)<\/h6>\n<h6>El\u00e9trico: sa\u00edda &#8211; Pra\u00e7a dos Le\u00f5es (22)<\/h6>\n<h6>Metro: sa\u00eddas &#8211; Trindade, Av. Aliados<\/h6>\n<h6>Coordenadas GPS: N 41\u00ba 8&#8242; 49.3&#8243; W 8\u00ba 36&#8242; 49.8&#8243;<\/h6>\n<p>[\/et_pb_text][\/et_pb_column][\/et_pb_row][\/et_pb_section]<\/p>\n","protected":false},"excerpt":{"rendered":"<p>REDE DE LOJAS INCM A INCM conta com uma rede nacional de lojas, aproximando os cidad\u00e3os da cultura e dos autores de express\u00e3o portuguesa. Descubra os nossos espa\u00e7os e conhe\u00e7a as nossas moedas e edi\u00e7\u00f5es mais recentes. Encontre toda a informa\u00e7\u00e3o \u00fatil para que a sua visita comece desde j\u00e1 com a melhor experi\u00eancia. Esperamos [&hellip;]<\/p>\n","protected":false},"author":1,"featured_media":5951,"parent":0,"menu_order":0,"comment_status":"closed","ping_status":"closed","template":"","meta":{"_acf_changed":false,"_et_pb_use_builder":"on","_et_pb_old_content":"","_et_gb_content_width":"","footnotes":""},"class_list":["post-5335","page","type-page","status-publish","has-post-thumbnail","hentry"],"acf":[],"_links":{"self":[{"href":"https:\/\/incm.pt\/site\/wp-json\/wp\/v2\/pages\/5335","targetHints":{"allow":["GET"]}}],"collection":[{"href":"https:\/\/incm.pt\/site\/wp-json\/wp\/v2\/pages"}],"about":[{"href":"https:\/\/incm.pt\/site\/wp-json\/wp\/v2\/types\/page"}],"author":[{"embeddable":true,"href":"https:\/\/incm.pt\/site\/wp-json\/wp\/v2\/users\/1"}],"replies":[{"embeddable":true,"href":"https:\/\/incm.pt\/site\/wp-json\/wp\/v2\/comments?post=5335"}],"version-history":[{"count":27,"href":"https:\/\/incm.pt\/site\/wp-json\/wp\/v2\/pages\/5335\/revisions"}],"predecessor-version":[{"id":98326,"href":"https:\/\/incm.pt\/site\/wp-json\/wp\/v2\/pages\/5335\/revisions\/98326"}],"wp:featuredmedia":[{"embeddable":true,"href":"https:\/\/incm.pt\/site\/wp-json\/wp\/v2\/media\/5951"}],"wp:attachment":[{"href":"https:\/\/incm.pt\/site\/wp-json\/wp\/v2\/media?parent=5335"}],"curies":[{"name":"wp","href":"https:\/\/api.w.org\/{rel}","templated":true}]}}