{"id":5232,"date":"2022-07-03T22:46:49","date_gmt":"2022-07-03T22:46:49","guid":{"rendered":"https:\/\/incm.pt\/site\/?page_id=5232"},"modified":"2023-01-11T12:41:48","modified_gmt":"2023-01-11T12:41:48","slug":"pedido-documentacao-lada","status":"publish","type":"page","link":"https:\/\/incm.pt\/site\/pedido-documentacao-lada\/","title":{"rendered":"Pedido de Documenta\u00e7\u00e3o LADA"},"content":{"rendered":"<p>[et_pb_section fb_built=&#8221;1&#8243; custom_padding_last_edited=&#8221;on|phone&#8221; _builder_version=&#8221;4.19.0&#8243; _module_preset=&#8221;default&#8221; background_image=&#8221;https:\/\/incm.pt\/site\/wp-content\/uploads\/2022\/06\/incm-orgaos-sociais.png&#8221; parallax=&#8221;on&#8221; background_enable_video_mp4=&#8221;off&#8221; transform_translate_linked=&#8221;off&#8221; min_height=&#8221;550px&#8221; custom_padding=&#8221;140px||140px||false|false&#8221; custom_padding_tablet=&#8221;&#8221; custom_padding_phone=&#8221;250px||250px||false|false&#8221; box_shadow_style=&#8221;preset3&#8243; global_colors_info=&#8221;{}&#8221;][\/et_pb_section][et_pb_section fb_built=&#8221;1&#8243; _builder_version=&#8221;4.19.0&#8243; _module_preset=&#8221;default&#8221; custom_padding=&#8221;0px|||||&#8221; global_colors_info=&#8221;{}&#8221; custom_padding_last_edited=&#8221;on|tablet&#8221; custom_padding_tablet=&#8221;0px||0px||false|false&#8221; custom_padding_phone=&#8221;0px||0px||false|false&#8221;][et_pb_row _builder_version=&#8221;4.16&#8243; _module_preset=&#8221;default&#8221; width_tablet=&#8221;&#8221; width_phone=&#8221;&#8221; width_last_edited=&#8221;on|desktop&#8221; max_width=&#8221;100%&#8221; max_width_tablet=&#8221;&#8221; max_width_phone=&#8221;&#8221; max_width_last_edited=&#8221;on|desktop&#8221; global_colors_info=&#8221;{}&#8221;][et_pb_column type=&#8221;4_4&#8243; _builder_version=&#8221;4.16&#8243; _module_preset=&#8221;default&#8221; global_colors_info=&#8221;{}&#8221;][et_pb_code module_class=&#8221;breadcrumb&#8221; _builder_version=&#8221;4.17.4&#8243; _module_preset=&#8221;default&#8221; custom_margin=&#8221;||25px||false|false&#8221; custom_margin_tablet=&#8221;||25px||false|false&#8221; custom_margin_phone=&#8221;||25px||false|false&#8221; custom_margin_last_edited=&#8221;on|desktop&#8221; custom_padding=&#8221;|0px|0px|0px|false|false&#8221; custom_padding_tablet=&#8221;|0px||0px|false|false&#8221; custom_padding_phone=&#8221;|0px||0px|false|false&#8221; custom_padding_last_edited=&#8221;on|phone&#8221; global_colors_info=&#8221;{}&#8221;][\/et_pb_code][et_pb_text _builder_version=&#8221;4.17.4&#8243; _module_preset=&#8221;default&#8221; header_font=&#8221;Montserrat|700|||||||&#8221; header_text_color=&#8221;#333333&#8243; header_font_size=&#8221;45px&#8221; header_letter_spacing=&#8221;5px&#8221; width_last_edited=&#8221;off|desktop&#8221; max_width=&#8221;60%&#8221; max_width_tablet=&#8221;100%&#8221; max_width_phone=&#8221;100%&#8221; max_width_last_edited=&#8221;on|desktop&#8221; custom_padding=&#8221;25px||5px||false|false&#8221; custom_padding_tablet=&#8221;&#8221; custom_padding_phone=&#8221;&#8221; custom_padding_last_edited=&#8221;on|desktop&#8221; animation_style=&#8221;flip&#8221; animation_direction=&#8221;bottom&#8221; header_font_size_tablet=&#8221;35px&#8221; header_font_size_phone=&#8221;25px&#8221; header_font_size_last_edited=&#8221;on|phone&#8221; header_letter_spacing_tablet=&#8221;3px&#8221; header_letter_spacing_phone=&#8221;0px&#8221; header_letter_spacing_last_edited=&#8221;on|desktop&#8221; header_line_height_tablet=&#8221;&#8221; header_line_height_phone=&#8221;1.2em&#8221; header_line_height_last_edited=&#8221;on|desktop&#8221; border_width_bottom=&#8221;5px&#8221; border_color_bottom=&#8221;#b5a216&#8243; locked=&#8221;off&#8221; global_colors_info=&#8221;{}&#8221;]<\/p>\n<h1>PEDIDO DE DOCUMENTA\u00c7\u00c3O LADA<\/h1>\n<p>[\/et_pb_text][\/et_pb_column][\/et_pb_row][et_pb_row use_custom_gutter=&#8221;on&#8221; gutter_width=&#8221;2&#8243; _builder_version=&#8221;4.17.4&#8243; _module_preset=&#8221;default&#8221; width_tablet=&#8221;&#8221; width_phone=&#8221;&#8221; width_last_edited=&#8221;on|desktop&#8221; max_width=&#8221;100%&#8221; max_width_tablet=&#8221;&#8221; max_width_phone=&#8221;&#8221; max_width_last_edited=&#8221;on|desktop&#8221; global_colors_info=&#8221;{}&#8221;][et_pb_column type=&#8221;4_4&#8243; _builder_version=&#8221;4.16&#8243; _module_preset=&#8221;default&#8221; global_colors_info=&#8221;{}&#8221;][et_pb_text _builder_version=&#8221;4.17.4&#8243; _module_preset=&#8221;default&#8221; text_font=&#8221;Merriweather||||||||&#8221; text_text_color=&#8221;#333333&#8243; text_font_size=&#8221;18px&#8221; text_line_height=&#8221;1.5em&#8221; custom_margin=&#8221;|0px||0px|false|false&#8221; custom_margin_tablet=&#8221;|0px||0px|false|false&#8221; custom_margin_phone=&#8221;|0px||0px|false|false&#8221; custom_margin_last_edited=&#8221;on|desktop&#8221; animation_style=&#8221;fade&#8221; text_font_size_tablet=&#8221;&#8221; text_font_size_phone=&#8221;&#8221; text_font_size_last_edited=&#8221;on|desktop&#8221; text_line_height_tablet=&#8221;&#8221; text_line_height_phone=&#8221;&#8221; text_line_height_last_edited=&#8221;on|desktop&#8221; global_colors_info=&#8221;{}&#8221;]<\/p>\n<p><strong>PEDIDO DE DOCUMENTOS<\/strong><\/p>\n<p>Email:<span>\u00a0<\/span><strong><span style=\"color: #c2aa33;\"><a style=\"color: #c2aa33;\">incm@incm.pt<\/a><\/span><\/strong><\/p>\n<p>&nbsp;<\/p>\n<p><strong>GERAL<\/strong><\/p>\n<p><strong><span style=\"color: #c2aa33;\"><a href=\"https:\/\/dre.pt\/application\/conteudo\/75177807\" title=\"Aceder \u00e0 Lei n.\u00ba 26\/2016\" style=\"color: #c2aa33;\" target=\"_blank\" rel=\"noopener\">Lei n.\u00ba 26\/2016<\/a><\/span><\/strong>, de 22 de agosto, aprova o regime de acesso \u00e0 informa\u00e7\u00e3o administrativa e ambiental e de reutiliza\u00e7\u00e3o dos documentos administrativos, transpondo a Diretiva 2003\/4\/CE, do Parlamento Europeu e do Conselho, de 28 de janeiro, e a Diretiva 2003\/98\/CE, do Parlamento Europeu e do Conselho, de 17 de novembro.<\/p>\n<p>&nbsp;<\/p>\n<p><strong>INSTITUCIONAL<\/strong><\/p>\n<p><strong><span style=\"color: #c2aa33;\"><a href=\"https:\/\/dre.pt\/application\/conteudo\/70686126\" title=\"Aceder ao texto do Decreto-Lei n.\u00ba 235\/2015\" style=\"color: #c2aa33;\" target=\"_blank\" rel=\"noopener\">Decreto-Lei n.\u00ba 235\/2015<\/a><\/span><\/strong><span>\u00a0<\/span>de 14 de outubro estabelece o regime jur\u00eddico da Imprensa Nacional-Casa da Moeda, S. A.<\/p>\n<p><strong><span style=\"color: #c2aa33;\"><a href=\"https:\/\/dre.pt\/pdf1sdip\/2008\/11\/23100\/0852508528.pdf\" title=\"Aceder ao texto do Resolu\u00e7\u00e3o do Conselho de Ministros n.\u00ba 188\/2008\" style=\"color: #c2aa33;\" target=\"_blank\" rel=\"noopener\">Resolu\u00e7\u00e3o do Conselho de Ministros n.\u00ba 188\/2008<\/a><\/span><\/strong><span>\u00a0<\/span>de 27 de novembro, aprova uma estrat\u00e9gia de reconhecimento e promo\u00e7\u00e3o da l\u00edngua portuguesa.<\/p>\n<p><strong><span style=\"color: #c2aa33;\"><a href=\"https:\/\/dre.pt\/pdf1sdip\/1999\/05\/116A00\/26702677.pdf\" title=\"Aceder ao texto do Decreto-Lei n.\u00ba 170\/99\" style=\"color: #c2aa33;\" target=\"_blank\" rel=\"noopener\">Decreto-Lei n.\u00ba 170\/99<\/a><\/span><\/strong><span>\u00a0<\/span>de 19 de maio, que transforma a Imprensa Nacional-Casa da Moeda, E.P., em sociedade an\u00f3nima de capitais exclusivamente p\u00fablicos e publica em anexo os respetivos estatutos.(Revogado)<\/p>\n<p>[\/et_pb_text][\/et_pb_column][\/et_pb_row][\/et_pb_section]<\/p>\n","protected":false},"excerpt":{"rendered":"<p>PEDIDO DE DOCUMENTA\u00c7\u00c3O LADAPEDIDO DE DOCUMENTOS Email:\u00a0incm@incm.pt &nbsp; GERAL Lei n.\u00ba 26\/2016, de 22 de agosto, aprova o regime de acesso \u00e0 informa\u00e7\u00e3o administrativa e ambiental e de reutiliza\u00e7\u00e3o dos documentos administrativos, transpondo a Diretiva 2003\/4\/CE, do Parlamento Europeu e do Conselho, de 28 de janeiro, e a Diretiva 2003\/98\/CE, do Parlamento Europeu e do [&hellip;]<\/p>\n","protected":false},"author":1,"featured_media":4346,"parent":0,"menu_order":0,"comment_status":"closed","ping_status":"closed","template":"","meta":{"_acf_changed":false,"_et_pb_use_builder":"on","_et_pb_old_content":"","_et_gb_content_width":"","footnotes":""},"class_list":["post-5232","page","type-page","status-publish","has-post-thumbnail","hentry"],"acf":[],"_links":{"self":[{"href":"https:\/\/incm.pt\/site\/wp-json\/wp\/v2\/pages\/5232","targetHints":{"allow":["GET"]}}],"collection":[{"href":"https:\/\/incm.pt\/site\/wp-json\/wp\/v2\/pages"}],"about":[{"href":"https:\/\/incm.pt\/site\/wp-json\/wp\/v2\/types\/page"}],"author":[{"embeddable":true,"href":"https:\/\/incm.pt\/site\/wp-json\/wp\/v2\/users\/1"}],"replies":[{"embeddable":true,"href":"https:\/\/incm.pt\/site\/wp-json\/wp\/v2\/comments?post=5232"}],"version-history":[{"count":0,"href":"https:\/\/incm.pt\/site\/wp-json\/wp\/v2\/pages\/5232\/revisions"}],"wp:featuredmedia":[{"embeddable":true,"href":"https:\/\/incm.pt\/site\/wp-json\/wp\/v2\/media\/4346"}],"wp:attachment":[{"href":"https:\/\/incm.pt\/site\/wp-json\/wp\/v2\/media?parent=5232"}],"curies":[{"name":"wp","href":"https:\/\/api.w.org\/{rel}","templated":true}]}}