{"id":5208,"date":"2022-07-03T21:57:56","date_gmt":"2022-07-03T21:57:56","guid":{"rendered":"https:\/\/incm.pt\/site\/?page_id=5208"},"modified":"2025-12-04T11:19:57","modified_gmt":"2025-12-04T11:19:57","slug":"acessibilidade","status":"publish","type":"page","link":"https:\/\/incm.pt\/site\/acessibilidade\/","title":{"rendered":"Acessibilidade"},"content":{"rendered":"<p>[et_pb_section fb_built=&#8221;1&#8243; _builder_version=&#8221;4.16&#8243; _module_preset=&#8221;default&#8221; custom_padding=&#8221;0px||0px|||&#8221; locked=&#8221;off&#8221; global_colors_info=&#8221;{}&#8221;][et_pb_row custom_padding_last_edited=&#8221;on|tablet&#8221; disabled_on=&#8221;on|on|on&#8221; _builder_version=&#8221;4.17.4&#8243; _module_preset=&#8221;default&#8221; width_tablet=&#8221;&#8221; width_phone=&#8221;&#8221; width_last_edited=&#8221;on|desktop&#8221; max_width=&#8221;100%&#8221; max_width_tablet=&#8221;&#8221; max_width_phone=&#8221;&#8221; max_width_last_edited=&#8221;on|desktop&#8221; custom_padding_tablet=&#8221;||10px||false|false&#8221; custom_padding_phone=&#8221;||10px||false|false&#8221; disabled=&#8221;on&#8221; global_colors_info=&#8221;{}&#8221;][et_pb_column type=&#8221;4_4&#8243; _builder_version=&#8221;4.16&#8243; _module_preset=&#8221;default&#8221; global_colors_info=&#8221;{}&#8221;][et_pb_code module_class=&#8221;breadcrumb&#8221; _builder_version=&#8221;4.17.4&#8243; _module_preset=&#8221;default&#8221; custom_margin=&#8221;||0px||false|false&#8221; custom_margin_tablet=&#8221;||0px||false|false&#8221; custom_margin_phone=&#8221;||0px||false|false&#8221; custom_margin_last_edited=&#8221;on|desktop&#8221; custom_padding=&#8221;|0px|0px|0px|false|false&#8221; custom_padding_tablet=&#8221;|0px||0px|false|false&#8221; custom_padding_phone=&#8221;|0px||0px|false|false&#8221; custom_padding_last_edited=&#8221;on|phone&#8221; global_colors_info=&#8221;{}&#8221;][\/et_pb_code][et_pb_text _builder_version=&#8221;4.17.4&#8243; _module_preset=&#8221;default&#8221; header_font=&#8221;Montserrat|700|||||||&#8221; header_text_color=&#8221;#333333&#8243; header_font_size=&#8221;45px&#8221; header_letter_spacing=&#8221;5px&#8221; width_last_edited=&#8221;off|desktop&#8221; max_width=&#8221;60%&#8221; max_width_tablet=&#8221;100%&#8221; max_width_phone=&#8221;100%&#8221; max_width_last_edited=&#8221;on|desktop&#8221; custom_padding=&#8221;25px||5px||false|false&#8221; custom_padding_tablet=&#8221;&#8221; custom_padding_phone=&#8221;&#8221; custom_padding_last_edited=&#8221;on|desktop&#8221; animation_style=&#8221;flip&#8221; animation_direction=&#8221;bottom&#8221; header_font_size_tablet=&#8221;35px&#8221; header_font_size_phone=&#8221;25px&#8221; header_font_size_last_edited=&#8221;on|desktop&#8221; header_letter_spacing_tablet=&#8221;3px&#8221; header_letter_spacing_phone=&#8221;0px&#8221; header_letter_spacing_last_edited=&#8221;on|tablet&#8221; header_line_height_tablet=&#8221;&#8221; header_line_height_phone=&#8221;1.2em&#8221; header_line_height_last_edited=&#8221;on|phone&#8221; border_width_bottom=&#8221;5px&#8221; border_color_bottom=&#8221;#b5a216&#8243; locked=&#8221;off&#8221; global_colors_info=&#8221;{}&#8221;]<\/p>\n<h1><span>POL\u00cdTICA DE ACESSIBILIDADE<\/span><\/h1>\n<p>[\/et_pb_text][\/et_pb_column][\/et_pb_row][\/et_pb_section][et_pb_section fb_built=&#8221;1&#8243; _builder_version=&#8221;4.16&#8243; _module_preset=&#8221;default&#8221; custom_padding=&#8221;0px|||||&#8221; locked=&#8221;off&#8221; global_colors_info=&#8221;{}&#8221;][et_pb_row custom_padding_last_edited=&#8221;on|tablet&#8221; _builder_version=&#8221;4.17.4&#8243; _module_preset=&#8221;default&#8221; width_tablet=&#8221;&#8221; width_phone=&#8221;&#8221; width_last_edited=&#8221;on|desktop&#8221; max_width=&#8221;100%&#8221; max_width_tablet=&#8221;&#8221; max_width_phone=&#8221;&#8221; max_width_last_edited=&#8221;on|desktop&#8221; custom_padding_tablet=&#8221;||||false|false&#8221; custom_padding_phone=&#8221;30px||||false|false&#8221; animation_style=&#8221;fade&#8221; global_colors_info=&#8221;{}&#8221;][et_pb_column type=&#8221;4_4&#8243; _builder_version=&#8221;4.16&#8243; _module_preset=&#8221;default&#8221; global_colors_info=&#8221;{}&#8221;][et_pb_text disabled_on=&#8221;on|on|on&#8221; _builder_version=&#8221;4.19.5&#8243; _module_preset=&#8221;default&#8221; text_font=&#8221;Merriweather||||||||&#8221; text_text_color=&#8221;#333333&#8243; text_font_size=&#8221;22px&#8221; text_line_height=&#8221;1.5em&#8221; link_font=&#8221;|700|||||||&#8221; link_text_color=&#8221;#c2aa33&#8243; ul_line_height=&#8221;1.7em&#8221; animation_style=&#8221;fade&#8221; text_font_size_tablet=&#8221;20px&#8221; text_font_size_phone=&#8221;18px&#8221; text_font_size_last_edited=&#8221;on|tablet&#8221; text_line_height_tablet=&#8221;&#8221; text_line_height_phone=&#8221;&#8221; text_line_height_last_edited=&#8221;on|desktop&#8221; ul_line_height_tablet=&#8221;1.7em&#8221; ul_line_height_phone=&#8221;1.7em&#8221; ul_line_height_last_edited=&#8221;on|desktop&#8221; disabled=&#8221;on&#8221; locked=&#8221;off&#8221; global_colors_info=&#8221;{}&#8221;]<\/p>\n<p><strong>O\u00a0<span lang=\"en\">site<\/span>\u00a0<a href=\"https:\/\/www.incm.pt\/\">www.incm.pt<\/a> foi desenvolvido a pensar nos seus clientes e utilizadores, de forma a assegurar as melhores pr\u00e1ticas em termos de acessibilidade, desempenho, funcionalidade e qualidade.<\/strong><\/p>\n<p>Com o objetivo de construir um<span>\u00a0<\/span><span lang=\"en\">site<\/span><span>\u00a0<\/span>inclusivo, onde a informa\u00e7\u00e3o \u00e9 disponibilizada a todos de forma clara e transparente, todos os esfor\u00e7os foram efetuados no sentido de facultar aos seus utilizadores e clientes conte\u00fados e servi\u00e7os mais acess\u00edveis, independentemente do tipo de software, hardware, infra-estrutura de rede, idioma, localiza\u00e7\u00e3o geogr\u00e1fica ou necessidades especiais que possam existir.<\/p>\n<p>Ao produzir este<span>\u00a0<\/span><span lang=\"en\">site<\/span>, procurou-se superar as diversas condicionantes e dificuldades que possam eventualmente restringir um acesso pleno e total \u00e0 informa\u00e7\u00e3o e \u00e0s v\u00e1rias funcionalidades, nomeadamente dificuldades visuais, auditivas, motoras, cognitivas, de fala, de linguagem, de aprendizagem e neurol\u00f3gicas.<\/p>\n<p><strong>Assim, promoveram-se os seguintes standards e boas pr\u00e1ticas:<\/strong><\/p>\n<p><strong><\/strong><\/p>\n<ul>\n<li>Implementa\u00e7\u00e3o das melhores pr\u00e1ticas e diretrizes em termos de acessibilidade (Web Content Accessibility Guidelines), garantindo:<\/li>\n<\/ul>\n<p>[\/et_pb_text][\/et_pb_column][\/et_pb_row][et_pb_row column_structure=&#8221;1_3,1_3,1_3&#8243; disabled_on=&#8221;on|on|on&#8221; _builder_version=&#8221;4.17.4&#8243; _module_preset=&#8221;default&#8221; disabled=&#8221;on&#8221; global_colors_info=&#8221;{}&#8221;][et_pb_column type=&#8221;1_3&#8243; _builder_version=&#8221;4.17.4&#8243; _module_preset=&#8221;default&#8221; global_colors_info=&#8221;{}&#8221;][et_pb_image src=&#8221;https:\/\/incm.pt\/site\/wp-content\/uploads\/2022\/07\/incm-acessibilidade-w3c-wai-AA-wcag-2-0.png&#8221; title_text=&#8221;incm-acessibilidade-w3c-wai-AA-wcag-2-0&#8243; align_tablet=&#8221;center&#8221; align_phone=&#8221;center&#8221; align_last_edited=&#8221;on|tablet&#8221; _builder_version=&#8221;4.19.0&#8243; _module_preset=&#8221;default&#8221; transform_scale=&#8221;70%|70%&#8221; module_alignment_last_edited=&#8221;off|tablet&#8221; global_colors_info=&#8221;{}&#8221;][\/et_pb_image][\/et_pb_column][et_pb_column type=&#8221;1_3&#8243; _builder_version=&#8221;4.17.4&#8243; _module_preset=&#8221;default&#8221; global_colors_info=&#8221;{}&#8221;][et_pb_image src=&#8221;https:\/\/incm.pt\/site\/wp-content\/uploads\/2022\/07\/incm-acessibilidade-w3c-xhtml-1-1.png&#8221; title_text=&#8221;incm-acessibilidade-w3c-xhtml-1-1&#8243; align_tablet=&#8221;center&#8221; align_phone=&#8221;center&#8221; align_last_edited=&#8221;on|tablet&#8221; _builder_version=&#8221;4.19.0&#8243; _module_preset=&#8221;default&#8221; transform_scale=&#8221;70%|70%&#8221; width_tablet=&#8221;62%&#8221; width_phone=&#8221;100%&#8221; width_last_edited=&#8221;on|tablet&#8221; module_alignment_last_edited=&#8221;off|tablet&#8221; global_colors_info=&#8221;{}&#8221;][\/et_pb_image][\/et_pb_column][et_pb_column type=&#8221;1_3&#8243; _builder_version=&#8221;4.17.4&#8243; _module_preset=&#8221;default&#8221; global_colors_info=&#8221;{}&#8221;][et_pb_image src=&#8221;https:\/\/incm.pt\/site\/wp-content\/uploads\/2022\/07\/incm-acessibilidade-css-level-2.png&#8221; title_text=&#8221;incm-acessibilidade-css-level-2&#8243; align_tablet=&#8221;center&#8221; align_phone=&#8221;center&#8221; align_last_edited=&#8221;on|tablet&#8221; _builder_version=&#8221;4.19.0&#8243; _module_preset=&#8221;default&#8221; transform_scale=&#8221;70%|70%&#8221; global_colors_info=&#8221;{}&#8221;][\/et_pb_image][\/et_pb_column][\/et_pb_row][et_pb_row custom_padding_last_edited=&#8221;on|tablet&#8221; disabled_on=&#8221;off|off|off&#8221; _builder_version=&#8221;4.17.4&#8243; _module_preset=&#8221;default&#8221; width_tablet=&#8221;&#8221; width_phone=&#8221;&#8221; width_last_edited=&#8221;on|desktop&#8221; max_width=&#8221;100%&#8221; max_width_tablet=&#8221;&#8221; max_width_phone=&#8221;&#8221; max_width_last_edited=&#8221;on|desktop&#8221; custom_padding_tablet=&#8221;0px||||false|false&#8221; custom_padding_phone=&#8221;0px||||false|false&#8221; animation_style=&#8221;fade&#8221; locked=&#8221;off&#8221; global_colors_info=&#8221;{}&#8221;][et_pb_column type=&#8221;4_4&#8243; _builder_version=&#8221;4.16&#8243; _module_preset=&#8221;default&#8221; global_colors_info=&#8221;{}&#8221;][et_pb_text disabled_on=&#8221;on|on|on&#8221; _builder_version=&#8221;4.17.4&#8243; _module_preset=&#8221;default&#8221; text_font=&#8221;Merriweather||||||||&#8221; text_text_color=&#8221;#333333&#8243; text_font_size=&#8221;22px&#8221; text_line_height=&#8221;1.5em&#8221; link_font=&#8221;|700|||||||&#8221; link_text_color=&#8221;#c2aa33&#8243; ul_line_height=&#8221;1.7em&#8221; animation_style=&#8221;fade&#8221; text_font_size_tablet=&#8221;&#8221; text_font_size_phone=&#8221;18px&#8221; text_font_size_last_edited=&#8221;on|desktop&#8221; text_line_height_tablet=&#8221;&#8221; text_line_height_phone=&#8221;&#8221; text_line_height_last_edited=&#8221;on|desktop&#8221; ul_line_height_tablet=&#8221;1.7em&#8221; ul_line_height_phone=&#8221;1.7em&#8221; ul_line_height_last_edited=&#8221;on|desktop&#8221; disabled=&#8221;on&#8221; locked=&#8221;off&#8221; global_colors_info=&#8221;{}&#8221;]<\/p>\n<p style=\"padding-left: 40px;\">a) a acessibilidade de conte\u00fados W3C WAI-AA (WACG 2.0) &#8211; N\u00edvel de conformidade AA, ou Prioridade 2;<br \/>b) o cumprimento dos standards W3C para XHTML 1.1 e CSS 2.<\/p>\n<ul>\n<li>Conte\u00fados e funcionalidades dispon\u00edveis nos diversos browsers existentes, com uma experi\u00eancia de utiliza\u00e7\u00e3o e visualiza\u00e7\u00e3o similar, garantindo-se dessa forma uma maior usabilidade;<\/li>\n<li>Melhoria nos tempos de acesso aos conte\u00fados devido \u00e0 utiliza\u00e7\u00e3o de folhas de estilos em vez de tabelas para estruturar a informa\u00e7\u00e3o, proporcionando um menor peso dos conte\u00fados e garantindo um melhor desempenho;<\/li>\n<li>Conte\u00fados com informa\u00e7\u00e3o estruturada atrav\u00e9s de t\u00edtulos e listas;<\/li>\n<li>Identifica\u00e7\u00e3o clara do idioma dos conte\u00fados;<\/li>\n<li>Desenvolvimento dos conte\u00fados tendo por base medidas relativas e nunca absolutas, garantindo a devida adequa\u00e7\u00e3o a ecr\u00e3s com diferentes resolu\u00e7\u00f5es e redimensionamento dos seus elementos, tamb\u00e9m atrav\u00e9s das op\u00e7\u00f5es do browser.<\/li>\n<\/ul>\n<p>[\/et_pb_text][et_pb_divider disabled_on=&#8221;on|on|on&#8221; _builder_version=&#8221;4.23.1&#8243; _module_preset=&#8221;default&#8221; disabled=&#8221;on&#8221; global_colors_info=&#8221;{}&#8221;][\/et_pb_divider][et_pb_text _builder_version=&#8221;4.23.1&#8243; _module_preset=&#8221;default&#8221; global_colors_info=&#8221;{}&#8221;]<\/p>\n<h1>Declara\u00e7\u00e3o de Acessibilidade e Usabilidade<\/h1>\n<p><span class=\"mr mr-e-intro\"><span>A<\/span><\/span><span>\u00a0<\/span><span class=\"mr mr-e-name\"><span>INCM<\/span><\/span><span>\u00a0<\/span>compromete-se a disponibilizar<span>\u00a0<\/span><span class=\"mr mr-t-type\"><span class=\"target-type\">o s\u00edtio Web<\/span><\/span><span>\u00a0<\/span><a href=\"https:\/\/incm.pt\" class=\"siteurl\"><span class=\"mr mr-t-desc\"><span class=\"target-name\">Imprensa Nacional Casa da Moeda<\/span><\/span><\/a>, em conformidade com o Decreto-Lei n.\u00ba 83\/2018, de 19 de outubro, que transp\u00f5e a Diretiva (UE) 2016\/2102 do Parlamento Europeu e do Conselho, relativa \u00e0 acessibilidade dos s\u00edtios Web e das aplica\u00e7\u00f5es m\u00f3veis.<\/p>\n<h2 id=\"n1\">I. Estado de conformidade<\/h2>\n<p class=\"capFL\"><span class=\"target-type\">O s\u00edtio Web<\/span><span>\u00a0<\/span><a href=\"https:\/\/incm.pt\" class=\"siteurl\"><span class=\"target-name\">Imprensa Nacional Casa da Moeda<\/span><\/a><span>\u00a0<\/span>d<span data-printfilter=\"lowerfirst\" class=\"lowFL\">a<\/span><span>\u00a0<\/span><span>INCM<\/span><span>\u00a0<\/span>est\u00e1<span>\u00a0<\/span><span class=\"mr mr-conformance-status\"><span class=\"conformance-output\">plenamente conforme<\/span><\/span><span>\u00a0<\/span>para com o Decreto-Lei n.\u00ba 83\/2018 de 19 de outubro.<\/p>\n<h2 id=\"n2\">II. Elabora\u00e7\u00e3o da presente declara\u00e7\u00e3o de acessibilidade e usabilidade<\/h2>\n<p>Esta declara\u00e7\u00e3o foi atualizada a<span>\u00a0<\/span><span class=\"mr mr-date\"><span>2023-12-27<\/span><\/span>.<\/p>\n<p>De acordo com o artigo 9\u00ba do Decreto-Lei n.\u00ba 83\/2018, as entidades devem adotar os procedimentos de monitoriza\u00e7\u00e3o a seguir apresentados. Os procedimentos A) e B) s\u00e3o obrigat\u00f3rios. O procedimento C) \u00e9 recomendado.<\/p>\n<p><strong>A. Avalia\u00e7\u00f5es autom\u00e1ticas levadas a efeito<\/strong><\/p>\n<div class=\"mr mr-automatic-summary\">\n<ol>\n<li>(2023-12-27). Relat\u00f3rio:<span>\u00a0<\/span><a href=\"https:\/\/accessmonitor.acessibilidade.gov.pt\/results\/https:%2F%2Fincm.pt\">Access Monitor<\/a>\n<ul>\n<li>Ferramenta utilizada: Access Monitor<\/li>\n<li>Amostra: 1 p\u00e1ginas.<\/li>\n<li>Principais resultados (sum\u00e1rio): No total de 1 p\u00e1gina foi obtido um score de 9.7 na escala do Access Monitor(1-10) tendo-se obtido os seguintes niveis de conformidade 42% das p\u00e1ginas passam a bateria de testes para o nivel A, 55% passam os testes para o AA e 20% os testes para o AAA. 5% n\u00e3o passam na bateria de testes.<\/li>\n<\/ul>\n<\/li>\n<\/ol>\n<\/div>\n<p><strong>B. Avalia\u00e7\u00f5es manuais levadas a efeito:<\/strong><\/p>\n<div class=\"mr mr-manual-summary\">\n<ol>\n<li>(2023-12-27). Relat\u00f3rio:<span>\u00a0<\/span><a href=\"https:\/\/incm.pt\/site\/wp-content\/uploads\/2023\/12\/sintese-10aspetos.xlsx\">sintese-10aspetos<\/a><\/li>\n<li>(2023-12-27). Relat\u00f3rio:<span>\u00a0<\/span><a href=\"https:\/\/incm.pt\/site\/wp-content\/uploads\/2023\/12\/sintese-conteudo-bronze.xlsx\">sintese-conteudo-bronze<\/a>\n<ul>\n<li>Amostra: 6 p\u00e1ginas.<\/li>\n<li>Principais resultados (heur\u00edsticas satisfeitas\/total heur\u00edsticas aplicadas): 17\/24<\/li>\n<\/ul>\n<\/li>\n<\/ol>\n<\/div>\n<p><strong>C. Testes de usabilidade com pessoas com defici\u00eancia:<\/strong><\/p>\n<p class=\"capFL\"><span class=\"target-type\">O s\u00edtio Web<\/span><span>\u00a0<\/span>ainda n\u00e3o foi alvo de testes com utilizadores com defici\u00eancia.<\/p>\n<h2 id=\"n3\">III. Contacto e solicita\u00e7\u00e3o de informa\u00e7\u00e3o relativa<span>\u00a0<\/span><span class=\"target-type nType\">ao s\u00edtio Web<\/span><\/h2>\n<p>Para contactar, enviar sugest\u00f5es, efetuar reclama\u00e7\u00f5es ou solicitar informa\u00e7\u00e3o adicional relativamente aos conte\u00fados e\/ou funcionalidades presentes n<span class=\"target-type\">o s\u00edtio Web<\/span><span>\u00a0<\/span>d<span data-printfilter=\"lowerfirst\" class=\"lowFL\">a<\/span><span>\u00a0<\/span><span>INCM<\/span>, utilize, por favor, os seguintes meios:<\/p>\n<div class=\"mr mr-contacts\">\n<dl>\n<dt>INCM<\/dt>\n<dd>incm@incm.pt<\/dd>\n<\/dl>\n<\/div>\n<h2 id=\"n4\">IV. Outras evid\u00eancias<\/h2>\n<div><\/div>\n<p><span id=\"accstmnt_seal_summary_empty\"><span>A<\/span><span>\u00a0<\/span><span>INCM<\/span><span>\u00a0<\/span>n\u00e3o apresentou, aquando do preenchimento da presente Declara\u00e7\u00e3o, outras evid\u00eancias ou esfor\u00e7os para tornar o seu s\u00edtio Web conforme para com os requisitos de acessibilidade constantes do Decreto-Lei n.\u00ba 83\/2018, de 19 de outubro.<\/span><\/p>\n<h2 id=\"n5\">V. Den\u00fancia de situa\u00e7\u00f5es de discrimina\u00e7\u00e3o<\/h2>\n<p>De acordo com o n.\u00ba 1 do artigo 13.\u00ba do Decreto-Lei n.\u00ba 83\/2018, de 19 de outubro, sempre que uma pessoa com defici\u00eancia seja objeto de um tratamento menos favor\u00e1vel do que aquele que \u00e9, tenha sido ou venha a ser dado a outra pessoa em situa\u00e7\u00e3o compar\u00e1vel, que consubstancie uma pr\u00e1tica discriminat\u00f3ria contra pessoas com defici\u00eancia, prevista e punida nos termos do<span>\u00a0<\/span><a href=\"http:\/\/data.dre.pt\/eli\/lei\/46\/2006\/08\/28\/p\/dre\/pt\/html\" target=\"_blank\" rel=\"noopener\">artigo 4.\u00ba da Lei n.\u00ba 46\/2006, de 28 de agosto<\/a>, pode, essa pessoa, apresentar queixa, de acordo com o disposto no<span>\u00a0<\/span><a href=\"https:\/\/data.dre.pt\/eli\/dec-lei\/34\/2007\/02\/15\/p\/dre\/pt\/html\" target=\"_blank\" rel=\"noopener\">Decreto-Lei n.\u00ba 34\/2007, de 15 de fevereiro<\/a>.<\/p>\n<p>O Instituto Nacional para a Reabilita\u00e7\u00e3o (INR, I.P.), disponibiliza um<span>\u00a0<\/span><a href=\"http:\/\/www.inr.pt\/resultados-de-pesquisa\/-\/journal_content\/56\/11309\/45065?p_p_auth=wje2GjQi\" target=\"_blank\" rel=\"noopener\">formul\u00e1rio para denunciar situa\u00e7\u00f5es de discrimina\u00e7\u00e3o<\/a>, encaminhando as queixas apresentadas \u00e0s entidades competentes. Anualmente, o INR, I.P. elabora um relat\u00f3rio anual sobre a aplica\u00e7\u00e3o da lei que pro\u00edbe e pune a discrimina\u00e7\u00e3o em raz\u00e3o da defici\u00eancia e da exist\u00eancia de risco agravado de sa\u00fade (Lei n.o 46\/2006, de 28 de agosto).<\/p>\n<hr aria-hidden=\"true\" \/>\n<p>A presente Declara\u00e7\u00e3o de Acessibilidade e Usabilidade foi criada com o aux\u00edlio do<span>\u00a0<\/span><a href=\"https:\/\/www.acessibilidade.gov.pt\/gerador\" target=\"_blank\" rel=\"noopener\">Gerador WAI-Tools PT v1.5<\/a>, desenvolvido no \u00e2mbito do projeto<span>\u00a0<\/span><a href=\"https:\/\/w3.org\/WAI\/Tools\" target=\"_blank\" rel=\"noopener\">WAI-Tools<\/a>, de cujo cons\u00f3rcio a AMA \u00e9 parte integrante. A Declara\u00e7\u00e3o foi concebida em conformidade com o Decreto-Lei n.\u00ba 83\/2018, de 19 de outubro.<\/p>\n<p>[\/et_pb_text][\/et_pb_column][\/et_pb_row][\/et_pb_section]<\/p>\n","protected":false},"excerpt":{"rendered":"<p>POL\u00cdTICA DE ACESSIBILIDADEO\u00a0site\u00a0www.incm.pt foi desenvolvido a pensar nos seus clientes e utilizadores, de forma a assegurar as melhores pr\u00e1ticas em termos de acessibilidade, desempenho, funcionalidade e qualidade. Com o objetivo de construir um\u00a0site\u00a0inclusivo, onde a informa\u00e7\u00e3o \u00e9 disponibilizada a todos de forma clara e transparente, todos os esfor\u00e7os foram efetuados no sentido de facultar aos [&hellip;]<\/p>\n","protected":false},"author":1,"featured_media":502,"parent":0,"menu_order":0,"comment_status":"closed","ping_status":"closed","template":"","meta":{"_acf_changed":false,"_et_pb_use_builder":"on","_et_pb_old_content":"","_et_gb_content_width":"","footnotes":""},"class_list":["post-5208","page","type-page","status-publish","has-post-thumbnail","hentry"],"acf":[],"_links":{"self":[{"href":"https:\/\/incm.pt\/site\/wp-json\/wp\/v2\/pages\/5208","targetHints":{"allow":["GET"]}}],"collection":[{"href":"https:\/\/incm.pt\/site\/wp-json\/wp\/v2\/pages"}],"about":[{"href":"https:\/\/incm.pt\/site\/wp-json\/wp\/v2\/types\/page"}],"author":[{"embeddable":true,"href":"https:\/\/incm.pt\/site\/wp-json\/wp\/v2\/users\/1"}],"replies":[{"embeddable":true,"href":"https:\/\/incm.pt\/site\/wp-json\/wp\/v2\/comments?post=5208"}],"version-history":[{"count":9,"href":"https:\/\/incm.pt\/site\/wp-json\/wp\/v2\/pages\/5208\/revisions"}],"predecessor-version":[{"id":30897,"href":"https:\/\/incm.pt\/site\/wp-json\/wp\/v2\/pages\/5208\/revisions\/30897"}],"wp:featuredmedia":[{"embeddable":true,"href":"https:\/\/incm.pt\/site\/wp-json\/wp\/v2\/media\/502"}],"wp:attachment":[{"href":"https:\/\/incm.pt\/site\/wp-json\/wp\/v2\/media?parent=5208"}],"curies":[{"name":"wp","href":"https:\/\/api.w.org\/{rel}","templated":true}]}}