{"id":5169,"date":"2022-07-03T17:47:33","date_gmt":"2022-07-03T17:47:33","guid":{"rendered":"https:\/\/incm.pt\/site\/?page_id=5169"},"modified":"2025-12-04T11:04:08","modified_gmt":"2025-12-04T11:04:08","slug":"responsabilidade-social","status":"publish","type":"page","link":"https:\/\/incm.pt\/site\/responsabilidade-social\/","title":{"rendered":"Responsabilidade Social"},"content":{"rendered":"<p>[et_pb_section fb_built=&#8221;1&#8243; custom_padding_last_edited=&#8221;on|phone&#8221; _builder_version=&#8221;4.17.4&#8243; _module_preset=&#8221;default&#8221; background_enable_image=&#8221;off&#8221; parallax=&#8221;on&#8221; background_video_mp4=&#8221;https:\/\/incm.pt\/site\/wp-content\/uploads\/2022\/07\/incm-responsabilidade-social-1.mp4&#8243; transform_translate_linked=&#8221;off&#8221; min_height=&#8221;550px&#8221; custom_padding=&#8221;140px||140px||false|false&#8221; custom_padding_tablet=&#8221;&#8221; custom_padding_phone=&#8221;250px||250px||false|false&#8221; box_shadow_style=&#8221;preset3&#8243; global_colors_info=&#8221;{}&#8221;][\/et_pb_section][et_pb_section fb_built=&#8221;1&#8243; _builder_version=&#8221;4.17.4&#8243; _module_preset=&#8221;default&#8221; background_color=&#8221;#FFFFFF&#8221; background_enable_image=&#8221;off&#8221; parallax=&#8221;on&#8221; min_height=&#8221;706.3px&#8221; custom_margin=&#8221;||-56px|||&#8221; custom_padding=&#8221;0px|||||&#8221; global_colors_info=&#8221;{}&#8221;][et_pb_row module_id=&#8221;relatorios&#8221; _builder_version=&#8221;4.17.4&#8243; _module_preset=&#8221;default&#8221; width_tablet=&#8221;&#8221; width_phone=&#8221;&#8221; width_last_edited=&#8221;on|desktop&#8221; max_width=&#8221;100%&#8221; max_width_tablet=&#8221;100%&#8221; max_width_phone=&#8221;100%&#8221; max_width_last_edited=&#8221;on|desktop&#8221; global_colors_info=&#8221;{}&#8221;][et_pb_column type=&#8221;4_4&#8243; _builder_version=&#8221;4.16&#8243; _module_preset=&#8221;default&#8221; global_colors_info=&#8221;{}&#8221;][et_pb_text _builder_version=&#8221;4.18.0&#8243; _module_preset=&#8221;default&#8221; header_font=&#8221;Montserrat|700||on|||||&#8221; header_text_color=&#8221;#000000&#8243; header_font_size=&#8221;45px&#8221; header_letter_spacing=&#8221;5px&#8221; width_last_edited=&#8221;off|desktop&#8221; max_width=&#8221;60%&#8221; max_width_tablet=&#8221;100%&#8221; max_width_phone=&#8221;&#8221; max_width_last_edited=&#8221;on|desktop&#8221; custom_padding=&#8221;25px||0px||false|false&#8221; custom_padding_tablet=&#8221;&#8221; custom_padding_phone=&#8221;&#8221; custom_padding_last_edited=&#8221;on|desktop&#8221; animation_style=&#8221;fade&#8221; animation_direction=&#8221;bottom&#8221; header_font_size_tablet=&#8221;35px&#8221; header_font_size_phone=&#8221;25px&#8221; header_font_size_last_edited=&#8221;on|phone&#8221; header_letter_spacing_tablet=&#8221;3px&#8221; header_letter_spacing_phone=&#8221;0px&#8221; header_letter_spacing_last_edited=&#8221;on|desktop&#8221; header_line_height_tablet=&#8221;&#8221; header_line_height_phone=&#8221;1.2em&#8221; header_line_height_last_edited=&#8221;on|tablet&#8221; border_width_bottom=&#8221;5px&#8221; border_color_bottom=&#8221;#b5a216&#8243; global_colors_info=&#8221;{}&#8221;]<\/p>\n<h1>Responsabilidade Social<\/h1>\n<p>[\/et_pb_text][et_pb_text _builder_version=&#8221;4.19.5&#8243; _module_preset=&#8221;default&#8221; text_font=&#8221;Merriweather||||||||&#8221; text_text_color=&#8221;#af9828&#8243; text_font_size=&#8221;22px&#8221; text_letter_spacing=&#8221;3px&#8221; text_line_height=&#8221;1.5em&#8221; header_font_size=&#8221;32px&#8221; header_line_height=&#8221;1.4em&#8221; header_2_font_size=&#8221;32px&#8221; header_2_line_height=&#8221;1.4em&#8221; animation_style=&#8221;fade&#8221; text_font_size_tablet=&#8221;&#8221; text_font_size_phone=&#8221;&#8221; text_font_size_last_edited=&#8221;on|desktop&#8221; text_line_height_tablet=&#8221;&#8221; text_line_height_phone=&#8221;&#8221; text_line_height_last_edited=&#8221;on|desktop&#8221; header_font_size_tablet=&#8221;25px&#8221; header_font_size_phone=&#8221;20px&#8221; header_font_size_last_edited=&#8221;on|phone&#8221; header_line_height_tablet=&#8221;1.3em&#8221; header_line_height_phone=&#8221;1.2em&#8221; header_line_height_last_edited=&#8221;on|phone&#8221; header_2_font_size_tablet=&#8221;25px&#8221; header_2_font_size_phone=&#8221;20px&#8221; header_2_font_size_last_edited=&#8221;on|desktop&#8221; header_2_line_height_tablet=&#8221;1.3em&#8221; header_2_line_height_phone=&#8221;1.2em&#8221; header_2_line_height_last_edited=&#8221;on|desktop&#8221; locked=&#8221;off&#8221; global_colors_info=&#8221;{}&#8221;]<\/p>\n<h2><strong>TRABALHAMOS COM PESSOAS E PARA AS PESSOAS, POR UMA SOCIEDADE MAIS JUSTA E SOLID\u00c1RIA.<br \/>\nESSE \u00c9 NOSSO MAIOR COMPROMISSO.<\/strong><\/h2>\n<p>[\/et_pb_text][et_pb_text _builder_version=&#8221;4.19.5&#8243; _module_preset=&#8221;default&#8221; text_font=&#8221;Merriweather||||||||&#8221; text_text_color=&#8221;#333333&#8243; text_font_size=&#8221;22px&#8221; text_line_height=&#8221;1.5em&#8221; link_font=&#8221;|700|||||||&#8221; link_text_color=&#8221;#c2aa33&#8243; ul_line_height=&#8221;1.7em&#8221; animation_style=&#8221;fade&#8221; text_font_size_tablet=&#8221;20px&#8221; text_font_size_phone=&#8221;18px&#8221; text_font_size_last_edited=&#8221;on|tablet&#8221; text_line_height_tablet=&#8221;&#8221; text_line_height_phone=&#8221;&#8221; text_line_height_last_edited=&#8221;on|desktop&#8221; ul_line_height_tablet=&#8221;1.7em&#8221; ul_line_height_phone=&#8221;1.7em&#8221; ul_line_height_last_edited=&#8221;on|desktop&#8221; locked=&#8221;off&#8221; global_colors_info=&#8221;{}&#8221;]<\/p>\n<p>A responsabilidade social da INCM, assente nos seus valores e legado hist\u00f3rico e numa cultura de apoio e envolvimento ativo na comunidade, procura fazer a diferen\u00e7a e contribuir para uma sociedade mais justa e solid\u00e1ria.<\/p>\n<p>Para cumprir este des\u00edgnio, a INCM, atrav\u00e9s da sua Bolsa de Voluntariado, promove a\u00e7\u00f5es regulares de voluntariado corporativo que possibilitam o envolvimento e a participa\u00e7\u00e3o de todos os trabalhadores e trabalhadoras, bem como familiares, aposentados e parceiros da empresa, em iniciativas com impacto na comunidade.<\/p>\n<p>Al\u00e9m da atividade desenvolvida pela Bolsa de Voluntariado da INCM, a empresa desenvolve ainda projetos especiais de interven\u00e7\u00e3o social baseados nas suas capacidades \u00fanicas, designadamente solu\u00e7\u00f5es de identifica\u00e7\u00e3o para o terceiro setor ou a produ\u00e7\u00e3o de moedas e livros solid\u00e1rios, que contribuem com parte da sua receita para apoiar causas e institui\u00e7\u00f5es, para al\u00e9m de a\u00e7\u00f5es pontuais de emerg\u00eancia social, atrav\u00e9s de parcerias com organiza\u00e7\u00f5es capacitadas.<\/p>\n<p>A INCM procura alinhar as suas iniciativas e a\u00e7\u00f5es de responsabilidade social com a miss\u00e3o, vis\u00e3o, valores e orienta\u00e7\u00f5es estrat\u00e9gicas da empresa, bem como com as suas diversas \u00e1reas de atividade, tendo em conta os seguintes crit\u00e9rios:<\/p>\n<p>\u00b7 Desenvolvimento dos seus trabalhadores e trabalhadoras e das respetivas compet\u00eancias de cidadania;<\/p>\n<p>\u00b7 Servi\u00e7o ao cidad\u00e3o;<\/p>\n<p>\u00b7 Promo\u00e7\u00e3o da l\u00edngua e cultura portuguesas;<\/p>\n<p>\u00b7 Desenvolvimento sustent\u00e1vel;<\/p>\n<p>\u00b7 Desenvolvimento de projetos de inova\u00e7\u00e3o social.<\/p>\n<p>A INCM \u00e9 ainda associada do GRACE \u2013 Empresas Respons\u00e1veis, <span>onde integra o Cluster de Cidadania e Voluntariado<\/span>.<\/p>\n<p>Qualquer quest\u00e3o relacionada com Responsabilidade Social, bem como pedidos de esclarecimento, devem ser comunicados para o email: <a href=\"mailto:incm.solidaria@incm.pt\">incm.solidaria@incm.pt<\/a><\/p>\n<p>[\/et_pb_text][\/et_pb_column][\/et_pb_row][et_pb_row _builder_version=&#8221;4.27.4&#8243; _module_preset=&#8221;default&#8221; global_colors_info=&#8221;{}&#8221;][et_pb_column type=&#8221;4_4&#8243; _builder_version=&#8221;4.27.4&#8243; _module_preset=&#8221;default&#8221; global_colors_info=&#8221;{}&#8221;][et_pb_text disabled_on=&#8221;off|off|off&#8221; _builder_version=&#8221;4.27.4&#8243; _module_preset=&#8221;default&#8221; text_font=&#8221;Poppins||||||||&#8221; text_text_color=&#8221;#FFFFFF&#8221; text_font_size=&#8221;22px&#8221; text_letter_spacing=&#8221;2px&#8221; header_text_align=&#8221;left&#8221; background_color=&#8221;#000000&#8243; text_orientation=&#8221;right&#8221; width=&#8221;85%&#8221; width_tablet=&#8221;100%&#8221; width_phone=&#8221;100%&#8221; width_last_edited=&#8221;on|tablet&#8221; module_alignment=&#8221;center&#8221; custom_margin=&#8221;||||false|false&#8221; custom_margin_last_edited=&#8221;off|desktop&#8221; custom_padding=&#8221;15px|25px|15px|25px|false|false&#8221; custom_padding_tablet=&#8221;&#8221; custom_padding_phone=&#8221;&#8221; custom_padding_last_edited=&#8221;on|desktop&#8221; animation_style=&#8221;fade&#8221; link_option_url=&#8221;https:\/\/incm.pt\/site\/responsabilidade-social\/premio\/&#8221; link_option_url_new_window=&#8221;on&#8221; text_font_size_tablet=&#8221;&#8221; text_font_size_phone=&#8221;&#8221; text_font_size_last_edited=&#8221;on|desktop&#8221; text_letter_spacing_tablet=&#8221;&#8221; text_letter_spacing_phone=&#8221;&#8221; text_letter_spacing_last_edited=&#8221;on|desktop&#8221; locked=&#8221;off&#8221; global_colors_info=&#8221;{}&#8221;]<\/p>\n<p style=\"text-align: center;\"><span data-teams=\"true\">Pr\u00e9mio Responsabilidade Social INCM+Solid\u00e1ria<\/span><\/p>\n<p>[\/et_pb_text][\/et_pb_column][\/et_pb_row][\/et_pb_section]<\/p>\n","protected":false},"excerpt":{"rendered":"<p>Responsabilidade SocialTRABALHAMOS COM PESSOAS E PARA AS PESSOAS, POR UMA SOCIEDADE MAIS JUSTA E SOLID\u00c1RIA. ESSE \u00c9 NOSSO MAIOR COMPROMISSO.A responsabilidade social da INCM, assente nos seus valores e legado hist\u00f3rico e numa cultura de apoio e envolvimento ativo na comunidade, procura fazer a diferen\u00e7a e contribuir para uma sociedade mais justa e solid\u00e1ria. Para [&hellip;]<\/p>\n","protected":false},"author":1,"featured_media":5493,"parent":0,"menu_order":0,"comment_status":"closed","ping_status":"closed","template":"","meta":{"_acf_changed":false,"_et_pb_use_builder":"on","_et_pb_old_content":"","_et_gb_content_width":"","footnotes":""},"class_list":["post-5169","page","type-page","status-publish","has-post-thumbnail","hentry"],"acf":[],"_links":{"self":[{"href":"https:\/\/incm.pt\/site\/wp-json\/wp\/v2\/pages\/5169","targetHints":{"allow":["GET"]}}],"collection":[{"href":"https:\/\/incm.pt\/site\/wp-json\/wp\/v2\/pages"}],"about":[{"href":"https:\/\/incm.pt\/site\/wp-json\/wp\/v2\/types\/page"}],"author":[{"embeddable":true,"href":"https:\/\/incm.pt\/site\/wp-json\/wp\/v2\/users\/1"}],"replies":[{"embeddable":true,"href":"https:\/\/incm.pt\/site\/wp-json\/wp\/v2\/comments?post=5169"}],"version-history":[{"count":3,"href":"https:\/\/incm.pt\/site\/wp-json\/wp\/v2\/pages\/5169\/revisions"}],"predecessor-version":[{"id":34818,"href":"https:\/\/incm.pt\/site\/wp-json\/wp\/v2\/pages\/5169\/revisions\/34818"}],"wp:featuredmedia":[{"embeddable":true,"href":"https:\/\/incm.pt\/site\/wp-json\/wp\/v2\/media\/5493"}],"wp:attachment":[{"href":"https:\/\/incm.pt\/site\/wp-json\/wp\/v2\/media?parent=5169"}],"curies":[{"name":"wp","href":"https:\/\/api.w.org\/{rel}","templated":true}]}}