{"id":5145,"date":"2022-07-03T15:50:40","date_gmt":"2022-07-03T15:50:40","guid":{"rendered":"https:\/\/incm.pt\/site\/?page_id=5145"},"modified":"2026-02-06T15:03:56","modified_gmt":"2026-02-06T15:03:56","slug":"responsabilidade-cultural","status":"publish","type":"page","link":"https:\/\/incm.pt\/site\/responsabilidade-cultural\/","title":{"rendered":"Responsabilidade Cultural"},"content":{"rendered":"<p>[et_pb_section fb_built=&#8221;1&#8243; custom_padding_last_edited=&#8221;on|phone&#8221; _builder_version=&#8221;4.17.6&#8243; _module_preset=&#8221;default&#8221; background_image=&#8221;https:\/\/incm.pt\/site\/wp-content\/uploads\/2022\/07\/Responsabilidade-Cultural02.jpg&#8221; parallax=&#8221;on&#8221; background_enable_video_mp4=&#8221;off&#8221; transform_translate_linked=&#8221;off&#8221; min_height=&#8221;550px&#8221; custom_padding=&#8221;140px||140px||false|false&#8221; custom_padding_tablet=&#8221;&#8221; custom_padding_phone=&#8221;250px||250px||false|false&#8221; box_shadow_style=&#8221;preset3&#8243; global_colors_info=&#8221;{}&#8221;][\/et_pb_section][et_pb_section fb_built=&#8221;1&#8243; _builder_version=&#8221;4.17.4&#8243; _module_preset=&#8221;default&#8221; background_color=&#8221;#FFFFFF&#8221; background_enable_image=&#8221;off&#8221; parallax=&#8221;on&#8221; min_height=&#8221;706.3px&#8221; custom_margin=&#8221;||-56px|||&#8221; custom_padding=&#8221;0px|||||&#8221; global_colors_info=&#8221;{}&#8221;][et_pb_row module_id=&#8221;relatorios&#8221; _builder_version=&#8221;4.17.4&#8243; _module_preset=&#8221;default&#8221; width_tablet=&#8221;&#8221; width_phone=&#8221;&#8221; width_last_edited=&#8221;on|desktop&#8221; max_width=&#8221;100%&#8221; max_width_tablet=&#8221;100%&#8221; max_width_phone=&#8221;100%&#8221; max_width_last_edited=&#8221;on|desktop&#8221; global_colors_info=&#8221;{}&#8221;][et_pb_column type=&#8221;4_4&#8243; _builder_version=&#8221;4.16&#8243; _module_preset=&#8221;default&#8221; global_colors_info=&#8221;{}&#8221;][et_pb_text _builder_version=&#8221;4.18.0&#8243; _module_preset=&#8221;default&#8221; header_font=&#8221;Montserrat|700||on|||||&#8221; header_text_color=&#8221;#000000&#8243; header_font_size=&#8221;45px&#8221; header_letter_spacing=&#8221;5px&#8221; width_last_edited=&#8221;off|desktop&#8221; max_width=&#8221;60%&#8221; max_width_tablet=&#8221;100%&#8221; max_width_phone=&#8221;&#8221; max_width_last_edited=&#8221;on|desktop&#8221; custom_padding=&#8221;25px||0px||false|false&#8221; custom_padding_tablet=&#8221;&#8221; custom_padding_phone=&#8221;&#8221; custom_padding_last_edited=&#8221;on|desktop&#8221; animation_style=&#8221;fade&#8221; animation_direction=&#8221;bottom&#8221; header_font_size_tablet=&#8221;35px&#8221; header_font_size_phone=&#8221;25px&#8221; header_font_size_last_edited=&#8221;on|phone&#8221; header_letter_spacing_tablet=&#8221;3px&#8221; header_letter_spacing_phone=&#8221;0px&#8221; header_letter_spacing_last_edited=&#8221;on|desktop&#8221; header_line_height_tablet=&#8221;&#8221; header_line_height_phone=&#8221;1.2em&#8221; header_line_height_last_edited=&#8221;on|tablet&#8221; border_width_bottom=&#8221;5px&#8221; border_color_bottom=&#8221;#b5a216&#8243; global_colors_info=&#8221;{}&#8221;]<\/p>\n<h1>Responsabilidade Cultural<\/h1>\n<p>[\/et_pb_text][et_pb_text _builder_version=&#8221;4.19.5&#8243; _module_preset=&#8221;default&#8221; text_font=&#8221;Merriweather||||||||&#8221; text_text_color=&#8221;#af9828&#8243; text_font_size=&#8221;22px&#8221; text_letter_spacing=&#8221;3px&#8221; text_line_height=&#8221;1.5em&#8221; header_font_size=&#8221;32px&#8221; header_line_height=&#8221;1.4em&#8221; header_2_font_size=&#8221;32px&#8221; header_2_line_height=&#8221;1.4em&#8221; animation_style=&#8221;fade&#8221; text_font_size_tablet=&#8221;&#8221; text_font_size_phone=&#8221;&#8221; text_font_size_last_edited=&#8221;on|desktop&#8221; text_line_height_tablet=&#8221;&#8221; text_line_height_phone=&#8221;&#8221; text_line_height_last_edited=&#8221;on|desktop&#8221; header_font_size_tablet=&#8221;25px&#8221; header_font_size_phone=&#8221;20px&#8221; header_font_size_last_edited=&#8221;on|phone&#8221; header_line_height_tablet=&#8221;1.3em&#8221; header_line_height_phone=&#8221;1.2em&#8221; header_line_height_last_edited=&#8221;on|phone&#8221; header_2_font_size_tablet=&#8221;25px&#8221; header_2_font_size_phone=&#8221;20px&#8221; header_2_font_size_last_edited=&#8221;on|phone&#8221; header_2_line_height_tablet=&#8221;1.3em&#8221; header_2_line_height_phone=&#8221;1.2em&#8221; header_2_line_height_last_edited=&#8221;on|desktop&#8221; locked=&#8221;off&#8221; global_colors_info=&#8221;{}&#8221;]<\/p>\n<h2><strong>UM DOS NOSSOS PILARES FUNDAMENTAIS DE SUSTENTABILIDADE.<br \/>\nPORQUE O FUTURO \u00c9 TAMB\u00c9M FEITO DE CULTURA.<\/strong><\/h2>\n<p>[\/et_pb_text][et_pb_text _builder_version=&#8221;4.27.5&#8243; _module_preset=&#8221;default&#8221; text_font=&#8221;Merriweather||||||||&#8221; text_text_color=&#8221;#333333&#8243; text_font_size=&#8221;22px&#8221; text_line_height=&#8221;1.5em&#8221; link_font=&#8221;|700|||||||&#8221; link_text_color=&#8221;#c2aa33&#8243; ul_line_height=&#8221;1.7em&#8221; animation_style=&#8221;fade&#8221; hover_enabled=&#8221;0&#8243; text_font_size_tablet=&#8221;20px&#8221; text_font_size_phone=&#8221;18px&#8221; text_font_size_last_edited=&#8221;on|tablet&#8221; text_line_height_tablet=&#8221;&#8221; text_line_height_phone=&#8221;&#8221; text_line_height_last_edited=&#8221;on|desktop&#8221; ul_line_height_tablet=&#8221;1.7em&#8221; ul_line_height_phone=&#8221;1.7em&#8221; ul_line_height_last_edited=&#8221;on|desktop&#8221; locked=&#8221;off&#8221; global_colors_info=&#8221;{}&#8221; sticky_enabled=&#8221;0&#8243;]<\/p>\n<p><strong>Na INCM \u2013 Imprensa Nacional Casa da Moeda<\/strong> <strong>assumimos o compromisso, e o importante papel que ele representa para a sociedade, de ter como miss\u00e3o a promo\u00e7\u00e3o e defesa da l\u00edngua e da cultura portuguesas.<\/strong><\/p>\n<p>Para assegurar este compromisso, temos um plano de responsabilidade cultural, integrado na Agenda para a Sustentabilidade, ao qual \u00e9 afeto anualmente cerca de 1% do nosso volume de neg\u00f3cios, aplicado na divulga\u00e7\u00e3o da l\u00edngua e cultura portuguesas em Portugal e no mundo, na edi\u00e7\u00e3o de obras essenciais, no apoio \u00e0s artes, \u00e0 literatura e \u00e0 educa\u00e7\u00e3o e na preserva\u00e7\u00e3o e disponibiliza\u00e7\u00e3o do acesso ao nosso patrim\u00f3nio.<\/p>\n<p><strong>A Imprensa Nacional, a chancela editorial da INCM, al\u00e9m de seguir uma pol\u00edtica editorial supletiva ao mercado do livro, tem refor\u00e7ado tamb\u00e9m a sua aposta no digital e na democratiza\u00e7\u00e3o, inclus\u00e3o e equidade no acesso \u00e0 leitura e \u00e0 cultura. Exemplo disso \u00e9 a sua cole\u00e7\u00e3o de <\/strong><a href=\"https:\/\/imprensanacional.pt\/digitais\/audiolivros\/\" target=\"_blank\" rel=\"noopener\"><strong>audiolivros<\/strong><\/a><strong>, que permite o acesso de todos a grandes cl\u00e1ssicos da l\u00edngua portuguesa, ou a disponibiliza\u00e7\u00e3o gratuita de v\u00e1rios <\/strong><a href=\"https:\/\/imprensanacional.pt\/livros-em-pdf\/\" target=\"_blank\" rel=\"noopener\"><strong>t\u00edtulos em formato digital<\/strong><\/a><strong>.<\/strong><\/p>\n<p><strong style=\"font-size: 22px;\">O apoio \u00e0 cria\u00e7\u00e3o liter\u00e1ria, em l\u00edngua portuguesa, \u00e9 materializado na promo\u00e7\u00e3o de sete <\/strong><a href=\"https:\/\/imprensanacional.pt\/premios-literarios\/\" target=\"_blank\" rel=\"noopener\"><strong>Pr\u00e9mios Liter\u00e1rios<\/strong><\/a><strong style=\"font-size: 22px;\"> nas v\u00e1rias geografias do portugu\u00eas e nos mais diversos quadrantes: da prosa \u00e0 poesia, passando pelo ensaio e pela tradu\u00e7\u00e3o.<\/strong><\/p>\n<p><strong>Com o intuito de valorizar a cultura e a arte nacional, em 2023 foi criado o Pr\u00e9mio de Arte INCM, que visa apoiar artistas portugueses atrav\u00e9s da aquisi\u00e7\u00e3o das suas obras.<\/strong><\/p>\n<p><strong>Procuramos promover tamb\u00e9m uma cultura de cidadania e informa\u00e7\u00e3o atrav\u00e9s do <\/strong><a href=\"https:\/\/premiovicentejorgesilva.pt\/\" target=\"_blank\" rel=\"noopener\"><strong>Pr\u00e9mio Jornalismo de Excel\u00eancia Vicente Jorge Silva<\/strong><\/a> <strong>e do <\/strong><a href=\"https:\/\/premio.diariodarepublica.pt\/\" target=\"_blank\" rel=\"noopener\"><strong>Pr\u00e9mio Di\u00e1rio da Rep\u00fablica<\/strong><\/a><strong>.<\/strong><\/p>\n<p><strong>O estabelecimento de protocolos e parcerias com diversas institui\u00e7\u00f5es \u2014 principalmente da esfera dos operadores culturais p\u00fablicos, mas tamb\u00e9m privados \u2014, que partilham dos princ\u00edpios basilares da miss\u00e3o editorial da INCM, tem contribu\u00eddo igualmente para uma din\u00e2mica que permite melhorar e alargar a oferta editorial que coloca ao dispor dos cidad\u00e3os.<\/strong><\/p>\n<p>A t\u00edtulo de exemplo, fazem parte desta atividade editorial extraordin\u00e1ria os cat\u00e1logos das exposi\u00e7\u00f5es de v\u00e1rios Museus e Pal\u00e1cios Nacionais, atrav\u00e9s de um protocolo estabelecido com a Dire\u00e7\u00e3o-Geral do Patrim\u00f3nio Cultural.<\/p>\n<p>[\/et_pb_text][\/et_pb_column][\/et_pb_row][\/et_pb_section]<\/p>\n","protected":false},"excerpt":{"rendered":"<p>Responsabilidade CulturalUM DOS NOSSOS PILARES FUNDAMENTAIS DE SUSTENTABILIDADE. PORQUE O FUTURO \u00c9 TAMB\u00c9M FEITO DE CULTURA.Na INCM \u2013 Imprensa Nacional Casa da Moeda assumimos o compromisso, e o importante papel que ele representa para a sociedade, de ter como miss\u00e3o a promo\u00e7\u00e3o e defesa da l\u00edngua e da cultura portuguesas. Para assegurar este compromisso, temos [&hellip;]<\/p>\n","protected":false},"author":1,"featured_media":5928,"parent":0,"menu_order":0,"comment_status":"closed","ping_status":"closed","template":"","meta":{"_acf_changed":false,"_et_pb_use_builder":"on","_et_pb_old_content":"","_et_gb_content_width":"","footnotes":""},"class_list":["post-5145","page","type-page","status-publish","has-post-thumbnail","hentry"],"acf":[],"_links":{"self":[{"href":"https:\/\/incm.pt\/site\/wp-json\/wp\/v2\/pages\/5145","targetHints":{"allow":["GET"]}}],"collection":[{"href":"https:\/\/incm.pt\/site\/wp-json\/wp\/v2\/pages"}],"about":[{"href":"https:\/\/incm.pt\/site\/wp-json\/wp\/v2\/types\/page"}],"author":[{"embeddable":true,"href":"https:\/\/incm.pt\/site\/wp-json\/wp\/v2\/users\/1"}],"replies":[{"embeddable":true,"href":"https:\/\/incm.pt\/site\/wp-json\/wp\/v2\/comments?post=5145"}],"version-history":[{"count":8,"href":"https:\/\/incm.pt\/site\/wp-json\/wp\/v2\/pages\/5145\/revisions"}],"predecessor-version":[{"id":94933,"href":"https:\/\/incm.pt\/site\/wp-json\/wp\/v2\/pages\/5145\/revisions\/94933"}],"wp:featuredmedia":[{"embeddable":true,"href":"https:\/\/incm.pt\/site\/wp-json\/wp\/v2\/media\/5928"}],"wp:attachment":[{"href":"https:\/\/incm.pt\/site\/wp-json\/wp\/v2\/media?parent=5145"}],"curies":[{"name":"wp","href":"https:\/\/api.w.org\/{rel}","templated":true}]}}