{"id":4621,"date":"2022-07-01T11:55:10","date_gmt":"2022-07-01T11:55:10","guid":{"rendered":"https:\/\/incm.pt\/site\/?page_id=4621"},"modified":"2026-04-23T09:50:31","modified_gmt":"2026-04-23T09:50:31","slug":"dividas-a-fornecedores","status":"publish","type":"page","link":"https:\/\/incm.pt\/site\/dividas-a-fornecedores\/","title":{"rendered":"Dividas a Fornecedores"},"content":{"rendered":"<p>[et_pb_section fb_built=&#8221;1&#8243; custom_padding_last_edited=&#8221;on|phone&#8221; disabled_on=&#8221;on|on|on&#8221; _builder_version=&#8221;4.17.4&#8243; _module_preset=&#8221;default&#8221; background_image=&#8221;https:\/\/incm.pt\/site\/wp-content\/uploads\/2022\/07\/incm-dividas-fornecedores-scaled.jpg&#8221; parallax=&#8221;on&#8221; background_enable_video_mp4=&#8221;off&#8221; min_height=&#8221;550px&#8221; custom_padding=&#8221;140px||270px||false|false&#8221; custom_padding_tablet=&#8221;&#8221; custom_padding_phone=&#8221;250px||250px||false|false&#8221; box_shadow_style=&#8221;preset3&#8243; disabled=&#8221;on&#8221; global_colors_info=&#8221;{}&#8221;][\/et_pb_section][et_pb_section fb_built=&#8221;1&#8243; custom_padding_last_edited=&#8221;on|tablet&#8221; _builder_version=&#8221;4.17.4&#8243; _module_preset=&#8221;default&#8221; custom_padding=&#8221;0px|||||&#8221; custom_padding_tablet=&#8221;0px||0px||false|false&#8221; custom_padding_phone=&#8221;0px||0px||false|false&#8221; global_colors_info=&#8221;{}&#8221;][et_pb_row _builder_version=&#8221;4.16&#8243; _module_preset=&#8221;default&#8221; width_tablet=&#8221;&#8221; width_phone=&#8221;&#8221; width_last_edited=&#8221;on|desktop&#8221; max_width=&#8221;100%&#8221; max_width_tablet=&#8221;&#8221; max_width_phone=&#8221;&#8221; max_width_last_edited=&#8221;on|desktop&#8221; global_colors_info=&#8221;{}&#8221;][et_pb_column type=&#8221;4_4&#8243; _builder_version=&#8221;4.16&#8243; _module_preset=&#8221;default&#8221; global_colors_info=&#8221;{}&#8221;][et_pb_text _builder_version=&#8221;4.27.5&#8243; _module_preset=&#8221;default&#8221; header_font=&#8221;Montserrat|700|||||||&#8221; header_text_color=&#8221;#333333&#8243; header_font_size=&#8221;45px&#8221; header_letter_spacing=&#8221;5px&#8221; width_last_edited=&#8221;off|desktop&#8221; max_width=&#8221;60%&#8221; max_width_tablet=&#8221;100%&#8221; max_width_phone=&#8221;100%&#8221; max_width_last_edited=&#8221;on|desktop&#8221; custom_padding=&#8221;25px||5px||false|false&#8221; custom_padding_tablet=&#8221;&#8221; custom_padding_phone=&#8221;&#8221; custom_padding_last_edited=&#8221;on|desktop&#8221; animation_style=&#8221;flip&#8221; animation_direction=&#8221;bottom&#8221; header_font_size_tablet=&#8221;35px&#8221; header_font_size_phone=&#8221;25px&#8221; header_font_size_last_edited=&#8221;on|desktop&#8221; header_letter_spacing_tablet=&#8221;3px&#8221; header_letter_spacing_phone=&#8221;0px&#8221; header_letter_spacing_last_edited=&#8221;on|desktop&#8221; header_line_height_tablet=&#8221;&#8221; header_line_height_phone=&#8221;1.2em&#8221; header_line_height_last_edited=&#8221;on|desktop&#8221; border_width_bottom=&#8221;5px&#8221; border_color_bottom=&#8221;#b5a216&#8243; global_colors_info=&#8221;{}&#8221;]<\/p>\n<h1>D\u00cdVIDAS A FORNECEDORES<\/h1>\n<p>[\/et_pb_text][et_pb_text _builder_version=&#8221;4.27.5&#8243; _module_preset=&#8221;default&#8221; text_font=&#8221;Merriweather||||||||&#8221; text_text_color=&#8221;#af9828&#8243; text_font_size=&#8221;22px&#8221; text_letter_spacing=&#8221;3px&#8221; text_line_height=&#8221;1.5em&#8221; header_font_size=&#8221;32px&#8221; header_line_height=&#8221;1.4em&#8221; header_2_font_size=&#8221;32px&#8221; header_2_line_height=&#8221;1.4em&#8221; animation_style=&#8221;fade&#8221; hover_enabled=&#8221;0&#8243; text_font_size_tablet=&#8221;&#8221; text_font_size_phone=&#8221;&#8221; text_font_size_last_edited=&#8221;on|desktop&#8221; text_line_height_tablet=&#8221;&#8221; text_line_height_phone=&#8221;&#8221; text_line_height_last_edited=&#8221;on|desktop&#8221; header_font_size_tablet=&#8221;25px&#8221; header_font_size_phone=&#8221;20px&#8221; header_font_size_last_edited=&#8221;on|phone&#8221; header_line_height_tablet=&#8221;1.3em&#8221; header_line_height_phone=&#8221;1.2em&#8221; header_line_height_last_edited=&#8221;on|phone&#8221; header_2_font_size_tablet=&#8221;25px&#8221; header_2_font_size_phone=&#8221;20px&#8221; header_2_font_size_last_edited=&#8221;on|desktop&#8221; header_2_line_height_tablet=&#8221;1.3em&#8221; header_2_line_height_phone=&#8221;1.2em&#8221; header_2_line_height_last_edited=&#8221;on|desktop&#8221; locked=&#8221;off&#8221; global_colors_info=&#8221;{}&#8221; sticky_enabled=&#8221;0&#8243;]<\/p>\n<h2><strong style=\"color: #c2aa33;\"><span>UMA GEST\u00c3O SUSTENT\u00c1VEL ASSENTE NO RIGOR.<br \/><\/span><\/strong><\/h2>\n<p>[\/et_pb_text][et_pb_text _builder_version=&#8221;4.27.6&#8243; _module_preset=&#8221;default&#8221; text_font=&#8221;Merriweather||||||||&#8221; text_text_color=&#8221;#333333&#8243; text_font_size=&#8221;22px&#8221; text_line_height=&#8221;1.5em&#8221; link_font=&#8221;|700|||||||&#8221; link_text_color=&#8221;#c2aa33&#8243; ul_line_height=&#8221;1.7em&#8221; animation_style=&#8221;fade&#8221; hover_enabled=&#8221;0&#8243; text_font_size_tablet=&#8221;20px&#8221; text_font_size_phone=&#8221;18px&#8221; text_font_size_last_edited=&#8221;on|tablet&#8221; text_line_height_tablet=&#8221;&#8221; text_line_height_phone=&#8221;&#8221; text_line_height_last_edited=&#8221;on|desktop&#8221; ul_line_height_tablet=&#8221;1.7em&#8221; ul_line_height_phone=&#8221;1.7em&#8221; ul_line_height_last_edited=&#8221;on|desktop&#8221; locked=&#8221;off&#8221; global_colors_info=&#8221;{}&#8221; sticky_enabled=&#8221;0&#8243;]<\/p>\n<p><strong>Conforme o disposto no n\u00famero 2 do artigo 26.\u00ba do Decreto-Lei n.\u00ba 17\/2024, de 29 de janeiro, informamos que, em 31 de mar\u00e7o de 2026, n\u00e3o existiam montantes em d\u00edvida vencida a fornecedores com prazos superiores a 60 dias.<\/strong><\/p>\n<p><strong><em><\/em><\/strong><\/p>\n<p>[\/et_pb_text][et_pb_code _builder_version=&#8221;4.27.5&#8243; _module_preset=&#8221;default&#8221; overflow-x=&#8221;scroll&#8221; custom_margin=&#8221;||||false|false&#8221; custom_margin_tablet=&#8221;||15px||false|false&#8221; custom_margin_phone=&#8221;||15px||false|false&#8221; custom_margin_last_edited=&#8221;on|desktop&#8221; global_colors_info=&#8221;{}&#8221;]<\/p>\n<table><!-- [et_pb_line_break_holder] -->  <\/p>\n<tr><!-- [et_pb_line_break_holder] -->    <\/p>\n<th rowspan=\"2\" style=\"border: 1px solid #8f8011; width:calc(100%\/7); background-color:#b5a216;\"><pee style=\"text-align:center; color:#ffffff;\"class=\"table-text\">BENS E SERVI\u00c7OS<\/pee><\/th>\n<p><!-- [et_pb_line_break_holder] -->    <\/p>\n<th colspan=\"6\" style=\"border: 1px solid #8f8011; background-color:#b5a216;\"><pee style=\"text-align:center; color:#ffffff;\" class=\"table-text\">VALOR DAS D\u00cdVIDAS VENCIDAS (\u20ac)<\/pee><\/th>\n<p><!-- [et_pb_line_break_holder] -->  <\/tr>\n<p><!-- [et_pb_line_break_holder] -->  <\/p>\n<tr style=\"border-top:1px solid #eeeeee\"><!-- [et_pb_line_break_holder] -->    <\/p>\n<th style=\"border: 1px solid #8f8011; width:calc(100%\/7); background-color:#b5a216;\"><pee style=\"text-align:center; color:#ffffff;\" class=\"table-text\">30-60 DIAS<\/pee><\/th>\n<p><!-- [et_pb_line_break_holder] -->    <\/p>\n<th style=\"border: 1px solid #8f8011; width:calc(100%\/7); background-color:#b5a216;\"><pee style=\"text-align:center; color:#ffffff;\" class=\"table-text\">60-90 DIAS<\/pee><\/th>\n<p><!-- [et_pb_line_break_holder] -->    <\/p>\n<th style=\"border: 1px solid #8f8011; width:calc(100%\/7); background-color:#b5a216;\"><pee style=\"text-align:center; color:#ffffff;\" class=\"table-text\">90-120 DIAS<\/pee><\/th>\n<p><!-- [et_pb_line_break_holder] -->    <\/p>\n<th style=\"border: 1px solid #8f8011; width:calc(100%\/7); background-color:#b5a216;\"><pee style=\"text-align:center; color:#ffffff;\" class=\"table-text\">120-240 DIAS<\/pee><\/th>\n<p><!-- [et_pb_line_break_holder] -->    <\/p>\n<th style=\"border: 1px solid #8f8011; width:calc(100%\/7); background-color:#b5a216;\"><pee style=\"text-align:center; color:#ffffff;\" class=\"table-text\">240-360 DIAS<\/pee><\/th>\n<p><!-- [et_pb_line_break_holder] -->    <\/p>\n<th style=\"border: 1px solid #8f8011; width:calc(100%\/7); background-color:#b5a216;\"><pee style=\"text-align:center; color:#ffffff;\" class=\"table-text\">>360 DIAS<\/pee><\/th>\n<p><!-- [et_pb_line_break_holder] -->  <\/tr>\n<p><!-- [et_pb_line_break_holder] -->  <\/p>\n<tr><!-- [et_pb_line_break_holder] -->    <\/p>\n<th style=\"border-bottom: 1px solid #dedede;background-color:#eeeeee;\"><pee class=\"table-text\">Aquisi\u00e7\u00f5es de bens e servi\u00e7os<\/pee><\/th>\n<p><!-- [et_pb_line_break_holder] -->    <\/p>\n<td><pee style=\"text-align:center;\" class=\"table-text\">0<\/pee><\/td>\n<p><!-- [et_pb_line_break_holder] -->    <\/p>\n<td><pee style=\"text-align:center;\" class=\"table-text\">0<\/pee><!-- [et_pb_line_break_holder] -->    <\/p>\n<td><pee style=\"text-align:center;\" class=\"table-text\">0<\/pee><!-- [et_pb_line_break_holder] -->    <\/p>\n<td><pee style=\"text-align:center;\" class=\"table-text\">0<\/pee><!-- [et_pb_line_break_holder] -->    <\/p>\n<td><pee style=\"text-align:center;\" class=\"table-text\">0<\/pee><!-- [et_pb_line_break_holder] -->    <\/p>\n<td><pee style=\"text-align:center;\" class=\"table-text\">0<\/pee><!-- [et_pb_line_break_holder] -->  <\/tr>\n<p><!-- [et_pb_line_break_holder] -->  <\/p>\n<tr><!-- [et_pb_line_break_holder] -->    <\/p>\n<th style=\"border-bottom: 1px solid #dedede;background-color:#eeeeee;\"><pee class=\"table-text\">Aquisi\u00e7\u00f5es de capital<\/pee><\/th>\n<p><!-- [et_pb_line_break_holder] -->    <\/p>\n<td><pee style=\"text-align:center;\" class=\"table-text\">0<\/pee><\/td>\n<p><!-- [et_pb_line_break_holder] -->    <\/p>\n<td><pee style=\"text-align:center;\" class=\"table-text\">0<\/pee><!-- [et_pb_line_break_holder] -->       <\/p>\n<td><pee style=\"text-align:center;\" class=\"table-text\">0<\/pee><!-- [et_pb_line_break_holder] -->    <\/p>\n<td><pee style=\"text-align:center;\" class=\"table-text\">0<\/pee><!-- [et_pb_line_break_holder] -->    <\/p>\n<td><pee style=\"text-align:center;\" class=\"table-text\">0<\/pee><!-- [et_pb_line_break_holder] -->    <\/p>\n<td><pee style=\"text-align:center;\" class=\"table-text\">0<\/pee><!-- [et_pb_line_break_holder] -->  <\/tr>\n<p><!-- [et_pb_line_break_holder] -->  <\/p>\n<tr><!-- [et_pb_line_break_holder] -->    <\/p>\n<th style=\"border-top: 1px solid #dedede;background-color:#eeeeee;\"><pee class=\"table-text\">Total<\/pee><\/th>\n<p><!-- [et_pb_line_break_holder] -->    <\/p>\n<td><pee style=\"text-align:center;\" class=\"table-text\">0<\/pee><\/td>\n<p><!-- [et_pb_line_break_holder] -->    <\/p>\n<td><pee style=\"text-align:center;\" class=\"table-text\">0<\/pee><!-- [et_pb_line_break_holder] -->       <\/p>\n<td><pee style=\"text-align:center;\" class=\"table-text\">0<\/pee><!-- [et_pb_line_break_holder] -->    <\/p>\n<td><pee style=\"text-align:center;\" class=\"table-text\">0<\/pee><!-- [et_pb_line_break_holder] -->    <\/p>\n<td><pee style=\"text-align:center;\" class=\"table-text\">0<\/pee><!-- [et_pb_line_break_holder] -->    <\/p>\n<td><pee style=\"text-align:center;\" class=\"table-text\">0<\/pee><!-- [et_pb_line_break_holder] -->  <\/tr>\n<p><!-- [et_pb_line_break_holder] --><\/table>\n<p>[\/et_pb_code][et_pb_code disabled_on=&#8221;off|off|on&#8221; _builder_version=&#8221;4.27.5&#8243; _module_preset=&#8221;default&#8221; width_last_edited=&#8221;off|desktop&#8221; custom_margin=&#8221;||||false|false&#8221; custom_margin_tablet=&#8221;||||false|false&#8221; custom_margin_phone=&#8221;||||false|false&#8221; custom_margin_last_edited=&#8221;on|phone&#8221; global_colors_info=&#8221;{}&#8221;]<\/p>\n<table style=\"width:100px;border:none;margin-left:auto;margin-right:auto;\"><!-- [et_pb_line_break_holder] -->  <\/p>\n<tr style=\"text-align:center;\"><!-- [et_pb_line_break_holder] -->    <\/p>\n<th style=\"border:none;padding:0px;\"><i style=\"font-size:15px;color:#000000\" class=\"fa-solid fa-angle-left\"><\/i><\/th>\n<p><!-- [et_pb_line_break_holder] -->    <\/p>\n<td style=\"border:none;padding:0px;\"><i style=\"font-size: 25px;color:#b5a216\" class=\"fa-solid fa-hand-pointer\"><\/i><\/td>\n<p><!-- [et_pb_line_break_holder] -->    <\/p>\n<td style=\"border:none;padding:0px;\"><i style=\"font-size: 15px;color:#000000\" class=\"fa-solid fa-angle-right\"><\/i><\/td>\n<p><!-- [et_pb_line_break_holder] -->  <\/tr>\n<p><!-- [et_pb_line_break_holder] --><\/table>\n<p>[\/et_pb_code][\/et_pb_column][\/et_pb_row][\/et_pb_section]<\/p>\n","protected":false},"excerpt":{"rendered":"<p>D\u00cdVIDAS A FORNECEDORESUMA GEST\u00c3O SUSTENT\u00c1VEL ASSENTE NO RIGOR.Conforme o disposto no n\u00famero 2 do artigo 26.\u00ba do Decreto-Lei n.\u00ba 17\/2024, de 29 de janeiro, informamos que, em 31 de mar\u00e7o de 2026, n\u00e3o existiam montantes em d\u00edvida vencida a fornecedores com prazos superiores a 60 dias.<\/p>\n","protected":false},"author":1,"featured_media":501,"parent":0,"menu_order":0,"comment_status":"closed","ping_status":"closed","template":"","meta":{"_acf_changed":false,"_et_pb_use_builder":"on","_et_pb_old_content":"","_et_gb_content_width":"","footnotes":""},"class_list":["post-4621","page","type-page","status-publish","has-post-thumbnail","hentry"],"acf":[],"_links":{"self":[{"href":"https:\/\/incm.pt\/site\/wp-json\/wp\/v2\/pages\/4621","targetHints":{"allow":["GET"]}}],"collection":[{"href":"https:\/\/incm.pt\/site\/wp-json\/wp\/v2\/pages"}],"about":[{"href":"https:\/\/incm.pt\/site\/wp-json\/wp\/v2\/types\/page"}],"author":[{"embeddable":true,"href":"https:\/\/incm.pt\/site\/wp-json\/wp\/v2\/users\/1"}],"replies":[{"embeddable":true,"href":"https:\/\/incm.pt\/site\/wp-json\/wp\/v2\/comments?post=4621"}],"version-history":[{"count":20,"href":"https:\/\/incm.pt\/site\/wp-json\/wp\/v2\/pages\/4621\/revisions"}],"predecessor-version":[{"id":99260,"href":"https:\/\/incm.pt\/site\/wp-json\/wp\/v2\/pages\/4621\/revisions\/99260"}],"wp:featuredmedia":[{"embeddable":true,"href":"https:\/\/incm.pt\/site\/wp-json\/wp\/v2\/media\/501"}],"wp:attachment":[{"href":"https:\/\/incm.pt\/site\/wp-json\/wp\/v2\/media?parent=4621"}],"curies":[{"name":"wp","href":"https:\/\/api.w.org\/{rel}","templated":true}]}}