{"id":1869,"date":"2022-04-04T13:01:06","date_gmt":"2022-04-04T13:01:06","guid":{"rendered":"http:\/\/20.23.242.63\/?page_id=1869"},"modified":"2025-12-04T11:00:52","modified_gmt":"2025-12-04T11:00:52","slug":"premio-in3","status":"publish","type":"page","link":"https:\/\/incm.pt\/site\/premio-in3\/","title":{"rendered":"Pr\u00e9mio IN3+"},"content":{"rendered":"<p>[et_pb_section fb_built=&#8221;1&#8243; _builder_version=&#8221;4.17.4&#8243; _module_preset=&#8221;default&#8221; background_enable_image=&#8221;off&#8221; background_size=&#8221;contain&#8221; background_position=&#8221;center_right&#8221; z_index=&#8221;1&#8243; custom_padding=&#8221;0px||0px|||&#8221; global_colors_info=&#8221;{}&#8221;][et_pb_row disabled_on=&#8221;on|on|on&#8221; _builder_version=&#8221;4.17.4&#8243; _module_preset=&#8221;default&#8221; width=&#8221;100%&#8221; max_width=&#8221;3000px&#8221; module_alignment=&#8221;center&#8221; custom_padding=&#8221;0px||0px||false|false&#8221; disabled=&#8221;on&#8221; global_colors_info=&#8221;{}&#8221;][et_pb_column type=&#8221;4_4&#8243; _builder_version=&#8221;4.17.4&#8243; _module_preset=&#8221;default&#8221; global_colors_info=&#8221;{}&#8221;][et_pb_slider use_bg_overlay=&#8221;off&#8221; use_text_overlay=&#8221;off&#8221; _builder_version=&#8221;4.19.5&#8243; _module_preset=&#8221;default&#8221; header_level=&#8221;h1&#8243; header_font_size=&#8221;45px&#8221; header_letter_spacing=&#8221;5px&#8221; body_font_size=&#8221;32px&#8221; body_line_height=&#8221;1.4em&#8221; vertical_offset_tablet=&#8221;0&#8243; horizontal_offset_tablet=&#8221;0&#8243; width=&#8221;100%&#8221; content_max_width=&#8221;100%&#8221; min_height=&#8221;550px&#8221; min_height_tablet=&#8221;&#8221; min_height_phone=&#8221;&#8221; min_height_last_edited=&#8221;on|desktop&#8221; custom_padding=&#8221;||||false|false&#8221; auto=&#8221;on&#8221; auto_speed=&#8221;8000&#8243; auto_ignore_hover=&#8221;on&#8221; header_font_size_tablet=&#8221;35px&#8221; header_font_size_phone=&#8221;25px&#8221; header_font_size_last_edited=&#8221;on|phone&#8221; header_letter_spacing_tablet=&#8221;3px&#8221; header_letter_spacing_phone=&#8221;0px&#8221; header_letter_spacing_last_edited=&#8221;on|desktop&#8221; header_line_height_tablet=&#8221;&#8221; header_line_height_phone=&#8221;1.2em&#8221; header_line_height_last_edited=&#8221;on|desktop&#8221; body_font_size_tablet=&#8221;25px&#8221; body_font_size_phone=&#8221;&#8221; body_font_size_last_edited=&#8221;on|desktop&#8221; body_line_height_tablet=&#8221;1.3em&#8221; body_line_height_phone=&#8221;&#8221; body_line_height_last_edited=&#8221;on|tablet&#8221; z_index_tablet=&#8221;0&#8243; header_text_shadow_horizontal_length_tablet=&#8221;0px&#8221; header_text_shadow_vertical_length_tablet=&#8221;0px&#8221; header_text_shadow_blur_strength_tablet=&#8221;1px&#8221; body_text_shadow_horizontal_length_tablet=&#8221;0px&#8221; body_text_shadow_vertical_length_tablet=&#8221;0px&#8221; body_text_shadow_blur_strength_tablet=&#8221;1px&#8221; body_link_text_shadow_horizontal_length_tablet=&#8221;0px&#8221; body_link_text_shadow_vertical_length_tablet=&#8221;0px&#8221; body_link_text_shadow_blur_strength_tablet=&#8221;1px&#8221; body_ul_text_shadow_horizontal_length_tablet=&#8221;0px&#8221; body_ul_text_shadow_vertical_length_tablet=&#8221;0px&#8221; body_ul_text_shadow_blur_strength_tablet=&#8221;1px&#8221; body_ol_text_shadow_horizontal_length_tablet=&#8221;0px&#8221; body_ol_text_shadow_vertical_length_tablet=&#8221;0px&#8221; body_ol_text_shadow_blur_strength_tablet=&#8221;1px&#8221; body_quote_text_shadow_horizontal_length_tablet=&#8221;0px&#8221; body_quote_text_shadow_vertical_length_tablet=&#8221;0px&#8221; body_quote_text_shadow_blur_strength_tablet=&#8221;1px&#8221; button_text_shadow_horizontal_length_tablet=&#8221;0px&#8221; button_text_shadow_vertical_length_tablet=&#8221;0px&#8221; button_text_shadow_blur_strength_tablet=&#8221;1px&#8221; box_shadow_style=&#8221;preset3&#8243; box_shadow_horizontal_image_tablet=&#8221;0px&#8221; box_shadow_vertical_image_tablet=&#8221;0px&#8221; box_shadow_blur_image_tablet=&#8221;40px&#8221; box_shadow_spread_image_tablet=&#8221;0px&#8221; box_shadow_horizontal_button_tablet=&#8221;0px&#8221; box_shadow_vertical_button_tablet=&#8221;0px&#8221; box_shadow_blur_button_tablet=&#8221;40px&#8221; box_shadow_spread_button_tablet=&#8221;0px&#8221; text_shadow_horizontal_length_tablet=&#8221;0px&#8221; text_shadow_vertical_length_tablet=&#8221;0px&#8221; text_shadow_blur_strength_tablet=&#8221;1px&#8221; global_colors_info=&#8221;{}&#8221;][et_pb_slide use_bg_overlay=&#8221;off&#8221; use_text_overlay=&#8221;off&#8221; heading_tablet=&#8221;Reinventar o futuro.&#8221; heading_phone=&#8221;Reinventar o futuro.&#8221; content_tablet=&#8221;<\/p>\n<p style=%22text-align: left;%22><img style=%22width: 200px; text-align: left;%22 src=%22https:\/\/incm.pt\/site\/wp-content\/uploads\/2023\/06\/logotipo_banner.png%22 \/><\/p>\n<p style=%22text-align: left; font-weight: bold;%22>+INOVA\u00c7\u00c3O +CONHECIMENTO + FUTURO<br \/>\nCHEGOU O MAIOR PR\u00c9MIO DE INVESTIGA\u00c7\u00c3O EM PORTUGAL<\/p>\n<p style=%22text-align: left; font-weight: bold; color: #7be394; margin-top: -25px;%22>Candidaturas abertas<\/p>\n<p>&#8221; content_phone=&#8221;<\/p>\n<p style=%22text-align: left;%22><img style=%22width: 130px; text-align: left;%22 src=%22https:\/\/incm.pt\/site\/wp-content\/uploads\/2023\/06\/logotipo_banner.png%22 \/><\/p>\n<p style=%22text-align: left; font-weight: bold;%22>+INOVA\u00c7\u00c3O +CONHECIMENTO + FUTURO<br \/>CHEGOU O MAIOR PR\u00c9MIO DE INVESTIGA\u00c7\u00c3O EM PORTUGAL<\/p>\n<p style=%22text-align: left; font-weight: bold; color: #7be394; margin-top: -15px;%22>Candidaturas abertas<\/p>\n<p>&#8221; content_last_edited=&#8221;on|phone&#8221; _builder_version=&#8221;4.19.5&#8243; _module_preset=&#8221;default&#8221; header_level=&#8221;h3&#8243; header_font=&#8221;Barlow|700|||||||&#8221; header_text_align=&#8221;right&#8221; header_text_color=&#8221;#ffffff&#8221; header_font_size=&#8221;80px&#8221; body_font=&#8221;Barlow|800|||||||&#8221; body_font_size=&#8221;50px&#8221; body_line_height=&#8221;1em&#8221; background_enable_color=&#8221;off&#8221; background_enable_image=&#8221;off&#8221; background_video_mp4=&#8221;https:\/\/incm.pt\/site\/wp-content\/uploads\/2023\/06\/paginain3mais_banner_bg.mp4&#8243; background_enable_video_mp4=&#8221;on&#8221; background_pattern_horizontal_offset=&#8221;0px&#8221; background_pattern_vertical_offset=&#8221;0px&#8221; button_on_hover=&#8221;on&#8221; z_index_tablet=&#8221;0&#8243; z_index_phone=&#8221;0&#8243; text_orientation=&#8221;right&#8221; width_tablet=&#8221;auto&#8221; width_phone=&#8221;auto&#8221; max_width=&#8221;550%&#8221; max_width_tablet=&#8221;550%&#8221; max_width_phone=&#8221;550%&#8221; custom_padding=&#8221;100px||100px||false|false&#8221; custom_padding_tablet=&#8221;100px||100px||false|false&#8221; custom_padding_phone=&#8221;100px||100px||false|false&#8221; custom_padding_last_edited=&#8221;on|desktop&#8221; header_font_size_tablet=&#8221;50px&#8221; header_font_size_phone=&#8221;30px&#8221; header_font_size_last_edited=&#8221;on|phone&#8221; body_font_size_tablet=&#8221;31px&#8221; body_font_size_phone=&#8221;20px&#8221; body_font_size_last_edited=&#8221;on|phone&#8221; body_line_height_tablet=&#8221;1.1em&#8221; body_line_height_phone=&#8221;1.2em&#8221; body_line_height_last_edited=&#8221;on|tablet&#8221; background_color_gradient_direction_tablet=&#8221;71deg&#8221; background_color_gradient_direction_phone=&#8221;71deg&#8221; background_color_gradient_stops_tablet=&#8221;#ffffff 0%|rgba(0,0,0,0) 100%&#8221; background_color_gradient_stops_phone=&#8221;#ffffff 0%|rgba(0,0,0,0) 100%&#8221; background_image_width_tablet=&#8221;auto&#8221; background_image_width_phone=&#8221;auto&#8221; background_image_height_tablet=&#8221;auto&#8221; background_image_height_phone=&#8221;auto&#8221; background_horizontal_offset_tablet=&#8221;0px&#8221; background_horizontal_offset_phone=&#8221;0px&#8221; background_vertical_offset_tablet=&#8221;0px&#8221; background_vertical_offset_phone=&#8221;0px&#8221; background_pattern_style_tablet=&#8221;polka-dots&#8221; background_pattern_style_phone=&#8221;polka-dots&#8221; background_pattern_width_tablet=&#8221;auto&#8221; background_pattern_width_phone=&#8221;auto&#8221; background_pattern_height_tablet=&#8221;auto&#8221; background_pattern_height_phone=&#8221;auto&#8221; background_pattern_horizontal_offset_tablet=&#8221;0px&#8221; background_pattern_horizontal_offset_phone=&#8221;0px&#8221; background_pattern_vertical_offset_tablet=&#8221;0px&#8221; background_pattern_vertical_offset_phone=&#8221;0px&#8221; background_mask_style_tablet=&#8221;layer-blob&#8221; background_mask_style_phone=&#8221;layer-blob&#8221; background_mask_width_tablet=&#8221;auto&#8221; background_mask_width_phone=&#8221;auto&#8221; background_mask_height_tablet=&#8221;auto&#8221; background_mask_height_phone=&#8221;auto&#8221; background_mask_horizontal_offset_tablet=&#8221;0px&#8221; background_mask_horizontal_offset_phone=&#8221;0px&#8221; background_mask_vertical_offset_tablet=&#8221;0px&#8221; background_mask_vertical_offset_phone=&#8221;0px&#8221; child_filter_hue_rotate_tablet=&#8221;0deg&#8221; child_filter_hue_rotate_phone=&#8221;0deg&#8221; child_filter_saturate_tablet=&#8221;100%&#8221; child_filter_saturate_phone=&#8221;100%&#8221; child_filter_brightness_tablet=&#8221;100%&#8221; child_filter_brightness_phone=&#8221;100%&#8221; child_filter_contrast_tablet=&#8221;100%&#8221; child_filter_contrast_phone=&#8221;100%&#8221; child_filter_invert_tablet=&#8221;0%&#8221; child_filter_invert_phone=&#8221;0%&#8221; child_filter_sepia_tablet=&#8221;0%&#8221; child_filter_sepia_phone=&#8221;0%&#8221; child_filter_opacity_tablet=&#8221;100%&#8221; child_filter_opacity_phone=&#8221;100%&#8221; child_filter_blur_tablet=&#8221;0px&#8221; child_filter_blur_phone=&#8221;0px&#8221; hover_transition_duration_tablet=&#8221;300ms&#8221; hover_transition_duration_phone=&#8221;300ms&#8221; hover_transition_delay_tablet=&#8221;0ms&#8221; hover_transition_delay_phone=&#8221;0ms&#8221; header_text_shadow_horizontal_length_tablet=&#8221;0px&#8221; header_text_shadow_horizontal_length_phone=&#8221;0px&#8221; header_text_shadow_vertical_length_tablet=&#8221;0px&#8221; header_text_shadow_vertical_length_phone=&#8221;0px&#8221; header_text_shadow_blur_strength_tablet=&#8221;1px&#8221; header_text_shadow_blur_strength_phone=&#8221;1px&#8221; body_text_shadow_style=&#8221;preset1&#8243; body_text_shadow_vertical_length=&#8221;0.06em&#8221; body_text_shadow_horizontal_length_tablet=&#8221;0px&#8221; body_text_shadow_horizontal_length_phone=&#8221;0px&#8221; body_text_shadow_vertical_length_tablet=&#8221;0px&#8221; body_text_shadow_vertical_length_phone=&#8221;0px&#8221; body_text_shadow_blur_strength_tablet=&#8221;1px&#8221; body_text_shadow_blur_strength_phone=&#8221;1px&#8221; body_link_text_shadow_horizontal_length_tablet=&#8221;0px&#8221; body_link_text_shadow_horizontal_length_phone=&#8221;0px&#8221; body_link_text_shadow_vertical_length_tablet=&#8221;0px&#8221; body_link_text_shadow_vertical_length_phone=&#8221;0px&#8221; body_link_text_shadow_blur_strength_tablet=&#8221;1px&#8221; body_link_text_shadow_blur_strength_phone=&#8221;1px&#8221; body_ul_text_shadow_horizontal_length_tablet=&#8221;0px&#8221; body_ul_text_shadow_horizontal_length_phone=&#8221;0px&#8221; body_ul_text_shadow_vertical_length_tablet=&#8221;0px&#8221; body_ul_text_shadow_vertical_length_phone=&#8221;0px&#8221; body_ul_text_shadow_blur_strength_tablet=&#8221;1px&#8221; body_ul_text_shadow_blur_strength_phone=&#8221;1px&#8221; body_ol_text_shadow_horizontal_length_tablet=&#8221;0px&#8221; body_ol_text_shadow_horizontal_length_phone=&#8221;0px&#8221; body_ol_text_shadow_vertical_length_tablet=&#8221;0px&#8221; body_ol_text_shadow_vertical_length_phone=&#8221;0px&#8221; body_ol_text_shadow_blur_strength_tablet=&#8221;1px&#8221; body_ol_text_shadow_blur_strength_phone=&#8221;1px&#8221; body_quote_text_shadow_horizontal_length_tablet=&#8221;0px&#8221; body_quote_text_shadow_horizontal_length_phone=&#8221;0px&#8221; body_quote_text_shadow_vertical_length_tablet=&#8221;0px&#8221; body_quote_text_shadow_vertical_length_phone=&#8221;0px&#8221; body_quote_text_shadow_blur_strength_tablet=&#8221;1px&#8221; body_quote_text_shadow_blur_strength_phone=&#8221;1px&#8221; button_text_shadow_horizontal_length_tablet=&#8221;0px&#8221; button_text_shadow_horizontal_length_phone=&#8221;0px&#8221; button_text_shadow_vertical_length_tablet=&#8221;0px&#8221; button_text_shadow_vertical_length_phone=&#8221;0px&#8221; button_text_shadow_blur_strength_tablet=&#8221;1px&#8221; button_text_shadow_blur_strength_phone=&#8221;1px&#8221; box_shadow_horizontal_image_tablet=&#8221;0px&#8221; box_shadow_horizontal_image_phone=&#8221;0px&#8221; box_shadow_vertical_image_tablet=&#8221;0px&#8221; box_shadow_vertical_image_phone=&#8221;0px&#8221; box_shadow_blur_image_tablet=&#8221;40px&#8221; box_shadow_blur_image_phone=&#8221;40px&#8221; box_shadow_spread_image_tablet=&#8221;0px&#8221; box_shadow_spread_image_phone=&#8221;0px&#8221; box_shadow_horizontal_button_tablet=&#8221;0px&#8221; box_shadow_horizontal_button_phone=&#8221;0px&#8221; box_shadow_vertical_button_tablet=&#8221;0px&#8221; box_shadow_vertical_button_phone=&#8221;0px&#8221; box_shadow_blur_button_tablet=&#8221;40px&#8221; box_shadow_blur_button_phone=&#8221;40px&#8221; box_shadow_spread_button_tablet=&#8221;0px&#8221; box_shadow_spread_button_phone=&#8221;0px&#8221; text_shadow_horizontal_length_tablet=&#8221;0px&#8221; text_shadow_horizontal_length_phone=&#8221;0px&#8221; text_shadow_vertical_length_tablet=&#8221;0px&#8221; text_shadow_vertical_length_phone=&#8221;0px&#8221; text_shadow_blur_strength_tablet=&#8221;1px&#8221; text_shadow_blur_strength_phone=&#8221;1px&#8221; global_colors_info=&#8221;{}&#8221; sticky_transition=&#8221;on&#8221;]<\/p>\n<p style=\"text-align: left;\"><img decoding=\"async\" style=\"width: 300px; text-align: left;\" src=\"https:\/\/incm.pt\/site\/wp-content\/uploads\/2023\/06\/logotipo_banner.png\" \/><\/p>\n<p style=\"text-align: left; font-weight: bold;\">+INOVA\u00c7\u00c3O +CONHECIMENTO + FUTURO<br \/>CHEGOU O MAIOR PR\u00c9MIO DE INVESTIGA\u00c7\u00c3O EM PORTUGAL<\/p>\n<p style=\"text-align: left; font-weight: bold; color: #7be394; margin-top: -30px;\">Candidaturas abertas<\/p>\n<p>[\/et_pb_slide][\/et_pb_slider][\/et_pb_column][\/et_pb_row][\/et_pb_section][et_pb_section fb_built=&#8221;1&#8243; _builder_version=&#8221;4.16&#8243; _module_preset=&#8221;default&#8221; custom_padding=&#8221;0px||0px|||&#8221; global_colors_info=&#8221;{}&#8221;][et_pb_row _builder_version=&#8221;4.16&#8243; _module_preset=&#8221;default&#8221; width_tablet=&#8221;&#8221; width_phone=&#8221;&#8221; width_last_edited=&#8221;on|desktop&#8221; max_width=&#8221;100%&#8221; max_width_tablet=&#8221;&#8221; max_width_phone=&#8221;&#8221; max_width_last_edited=&#8221;on|desktop&#8221; global_colors_info=&#8221;{}&#8221;][et_pb_column type=&#8221;4_4&#8243; _builder_version=&#8221;4.16&#8243; _module_preset=&#8221;default&#8221; global_colors_info=&#8221;{}&#8221;][et_pb_code module_class=&#8221;breadcrumb&#8221; _builder_version=&#8221;4.17.4&#8243; _module_preset=&#8221;default&#8221; custom_margin=&#8221;||0px||false|false&#8221; custom_margin_tablet=&#8221;||0px||false|false&#8221; custom_margin_phone=&#8221;||0px||false|false&#8221; custom_margin_last_edited=&#8221;on|desktop&#8221; custom_padding=&#8221;|0px|0px|0px|false|false&#8221; custom_padding_tablet=&#8221;|0px||0px|false|false&#8221; custom_padding_phone=&#8221;|0px||0px|false|false&#8221; custom_padding_last_edited=&#8221;on|phone&#8221; global_colors_info=&#8221;{}&#8221;][\/et_pb_code][et_pb_text _builder_version=&#8221;4.17.4&#8243; _module_preset=&#8221;default&#8221; header_font=&#8221;Montserrat|700|||||||&#8221; header_text_color=&#8221;#333333&#8243; header_font_size=&#8221;45px&#8221; header_letter_spacing=&#8221;5px&#8221; width_last_edited=&#8221;off|desktop&#8221; max_width=&#8221;100%&#8221; max_width_tablet=&#8221;100%&#8221; max_width_phone=&#8221;100%&#8221; max_width_last_edited=&#8221;on|desktop&#8221; custom_padding=&#8221;25px||5px||false|false&#8221; custom_padding_tablet=&#8221;&#8221; custom_padding_phone=&#8221;&#8221; custom_padding_last_edited=&#8221;on|desktop&#8221; animation_style=&#8221;flip&#8221; animation_direction=&#8221;bottom&#8221; header_font_size_tablet=&#8221;35px&#8221; header_font_size_phone=&#8221;25px&#8221; header_font_size_last_edited=&#8221;on|desktop&#8221; header_letter_spacing_tablet=&#8221;3px&#8221; header_letter_spacing_phone=&#8221;0px&#8221; header_letter_spacing_last_edited=&#8221;on|desktop&#8221; header_line_height_tablet=&#8221;&#8221; header_line_height_phone=&#8221;1.2em&#8221; header_line_height_last_edited=&#8221;on|tablet&#8221; border_width_bottom=&#8221;5px&#8221; border_color_bottom=&#8221;#b5a216&#8243; locked=&#8221;off&#8221; global_colors_info=&#8221;{}&#8221;]<\/p>\n<h1>Pr\u00e9mio IN3+<\/h1>\n<p>[\/et_pb_text][et_pb_text _builder_version=&#8221;4.19.5&#8243; _module_preset=&#8221;default&#8221; text_font=&#8221;Merriweather||||||||&#8221; text_text_color=&#8221;#af9828&#8243; text_font_size=&#8221;22px&#8221; text_letter_spacing=&#8221;3px&#8221; text_line_height=&#8221;1.5em&#8221; header_font_size=&#8221;32px&#8221; header_line_height=&#8221;1.4em&#8221; header_2_font_size=&#8221;32px&#8221; header_2_line_height=&#8221;1.4em&#8221; text_font_size_tablet=&#8221;&#8221; text_font_size_phone=&#8221;&#8221; text_font_size_last_edited=&#8221;on|desktop&#8221; text_line_height_tablet=&#8221;&#8221; text_line_height_phone=&#8221;&#8221; text_line_height_last_edited=&#8221;on|desktop&#8221; header_font_size_tablet=&#8221;25px&#8221; header_font_size_phone=&#8221;20px&#8221; header_font_size_last_edited=&#8221;on|tablet&#8221; header_line_height_tablet=&#8221;1.3em&#8221; header_line_height_phone=&#8221;1.2em&#8221; header_line_height_last_edited=&#8221;on|desktop&#8221; header_2_font_size_tablet=&#8221;25px&#8221; header_2_font_size_phone=&#8221;20px&#8221; header_2_font_size_last_edited=&#8221;on|desktop&#8221; header_2_line_height_tablet=&#8221;1.3em&#8221; header_2_line_height_phone=&#8221;1.2em&#8221; header_2_line_height_last_edited=&#8221;on|desktop&#8221; locked=&#8221;off&#8221; global_colors_info=&#8221;{}&#8221;]<\/p>\n<h2><span style=\"color: #c2aa33;\"><strong><text class=\"_textbox_ysiwt_17\" direction=\"ltr\" height=\"10.3334350585938\" lengthadjust=\"spacingAndGlyphs\" textlength=\"238.166000366211\" x=\"72.9897613525391\" y=\"-347.210021972656\" data-test=\"textbox\">O MAIOR PR\u00c9MIO DE INOVA\u00c7\u00c3O NACIONAL.<br \/>\n<\/text><text class=\"_textbox_ysiwt_17\" direction=\"ltr\" height=\"8.136474609375\" lengthadjust=\"spacingAndGlyphs\" textlength=\"167.675514221191\" x=\"73.2988815307617\" y=\"-334.610015869141\" data-test=\"textbox\">UMA PLATAFORMA DE INVESTI<\/text><text class=\"_textbox_ysiwt_17\" direction=\"ltr\" height=\"7.91567993164062\" lengthadjust=\"spacingAndGlyphs\" textlength=\"7.38575744628906\" x=\"242.33576965332\" y=\"-334.610015869141\" data-test=\"textbox\">G<\/text><text class=\"_textbox_ysiwt_17\" direction=\"ltr\" height=\"10.1899108886719\" lengthadjust=\"spacingAndGlyphs\" textlength=\"161.28337097168\" x=\"250.830795288086\" y=\"-334.610015869141\" data-test=\"textbox\">A\u00c7\u00c3O<br \/>\nE PARTILHA DE IDEIAS.<\/text><\/strong><\/span><\/h2>\n<p>[\/et_pb_text][\/et_pb_column][\/et_pb_row][\/et_pb_section][et_pb_section fb_built=&#8221;1&#8243; _builder_version=&#8221;4.16&#8243; _module_preset=&#8221;default&#8221; custom_padding=&#8221;0px|||||&#8221; global_colors_info=&#8221;{}&#8221;][et_pb_row _builder_version=&#8221;4.17.4&#8243; _module_preset=&#8221;default&#8221; width_tablet=&#8221;&#8221; width_phone=&#8221;&#8221; width_last_edited=&#8221;on|desktop&#8221; max_width=&#8221;100%&#8221; max_width_tablet=&#8221;&#8221; max_width_phone=&#8221;&#8221; max_width_last_edited=&#8221;on|desktop&#8221; animation_style=&#8221;fade&#8221; global_colors_info=&#8221;{}&#8221;][et_pb_column type=&#8221;4_4&#8243; _builder_version=&#8221;4.16&#8243; _module_preset=&#8221;default&#8221; global_colors_info=&#8221;{}&#8221;][et_pb_text _builder_version=&#8221;4.18.0&#8243; _module_preset=&#8221;default&#8221; text_font=&#8221;Merriweather||||||||&#8221; text_text_color=&#8221;#333333&#8243; text_font_size=&#8221;22px&#8221; text_line_height=&#8221;1.5em&#8221; link_font=&#8221;|700|||||||&#8221; link_text_color=&#8221;#c2aa33&#8243; ul_line_height=&#8221;1.7em&#8221; animation_style=&#8221;fade&#8221; text_font_size_tablet=&#8221;20px&#8221; text_font_size_phone=&#8221;18px&#8221; text_font_size_last_edited=&#8221;on|tablet&#8221; text_line_height_tablet=&#8221;&#8221; text_line_height_phone=&#8221;&#8221; text_line_height_last_edited=&#8221;on|desktop&#8221; ul_line_height_tablet=&#8221;1.7em&#8221; ul_line_height_phone=&#8221;1.7em&#8221; ul_line_height_last_edited=&#8221;on|desktop&#8221; locked=&#8221;off&#8221; global_colors_info=&#8221;{}&#8221;]<\/p>\n<p><strong>O Pr\u00e9mio IN3+ \u00e9 uma iniciativa e plataforma de research, desenvolvimento e inova\u00e7\u00e3o promovida pela INCM \u2013 Imprensa Nacional Casa da Moeda. Um desafio lan\u00e7ado a todos os investigadores, empreendedores, centros de investiga\u00e7\u00e3o, universidades e empresas ou startups que fazem parte da Rede Inova\u00e7\u00e3o INCM.\u00a0<\/strong><\/p>\n<p>A ades\u00e3o \u00e0 Rede Inova\u00e7\u00e3o INCM \u00e9 gratuita e pode ser proposta online por todas as entidades p\u00fablicas ou privadas que desejem colaborar no desenvolvimento de projetos de I&amp;D e solu\u00e7\u00f5es inovadoras.<\/p>\n<p>Tem como objetivo apoiar a cria\u00e7\u00e3o de novas ideias, nacionais e internacionais, dentro da\u202f <a href=\"https:\/\/premioin3mais.pt\/parceiros-rede-inovacao-incm\/\" target=\"_blank\" rel=\"noopener\"><strong>Rede Inova\u00e7\u00e3o INCM<\/strong><\/a><span data-contrast=\"none\"><a href=\"https:\/\/premioin3mais.pt\/parceiros-rede-inovacao-incm\/\" target=\"_blank\" rel=\"noopener\"><strong>,<\/strong><\/a> uma rede de parceiros que visa a conjuga\u00e7\u00e3o de conhecimento entre a realidade empresarial e o conhecimento da academia.<\/span><\/p>\n<p><span data-contrast=\"none\">Saiba mais sobre este Pr\u00e9mio em <\/span><strong><a href=\"https:\/\/premioin3mais.pt\" target=\"_blank\" rel=\"noopener\">premioin3mais.pt\u00a0<\/a><\/strong><\/p>\n<p>[\/et_pb_text][\/et_pb_column][\/et_pb_row][et_pb_row _builder_version=&#8221;4.17.4&#8243; _module_preset=&#8221;default&#8221; global_colors_info=&#8221;{}&#8221;][et_pb_column type=&#8221;4_4&#8243; _builder_version=&#8221;4.17.4&#8243; _module_preset=&#8221;default&#8221; global_colors_info=&#8221;{}&#8221;][et_pb_text disabled_on=&#8221;on|on|on&#8221; _builder_version=&#8221;4.17.4&#8243; _module_preset=&#8221;default&#8221; text_font=&#8221;Poppins||||||||&#8221; text_text_color=&#8221;#FFFFFF&#8221; text_font_size=&#8221;22px&#8221; text_letter_spacing=&#8221;2px&#8221; background_color=&#8221;#000000&#8243; text_orientation=&#8221;right&#8221; width=&#8221;75%&#8221; width_tablet=&#8221;100%&#8221; width_phone=&#8221;100%&#8221; width_last_edited=&#8221;on|desktop&#8221; module_alignment=&#8221;center&#8221; custom_margin=&#8221;||||false|false&#8221; custom_margin_tablet=&#8221;&#8221; custom_margin_phone=&#8221;&#8221; custom_margin_last_edited=&#8221;on|desktop&#8221; custom_padding=&#8221;15px|25px|15px|25px|false|false&#8221; custom_padding_tablet=&#8221;&#8221; custom_padding_phone=&#8221;&#8221; custom_padding_last_edited=&#8221;on|desktop&#8221; animation_style=&#8221;fade&#8221; link_option_url=&#8221;https:\/\/premioin3mais.pt\/&#8221; link_option_url_new_window=&#8221;on&#8221; text_font_size_tablet=&#8221;&#8221; text_font_size_phone=&#8221;&#8221; text_font_size_last_edited=&#8221;on|desktop&#8221; text_letter_spacing_tablet=&#8221;&#8221; text_letter_spacing_phone=&#8221;&#8221; text_letter_spacing_last_edited=&#8221;on|desktop&#8221; module_alignment_tablet=&#8221;center&#8221; module_alignment_phone=&#8221;center&#8221; module_alignment_last_edited=&#8221;on|tablet&#8221; disabled=&#8221;on&#8221; locked=&#8221;off&#8221; global_colors_info=&#8221;{}&#8221;]<\/p>\n<p><span style=\"color: #b5a216; font-weight: bold;\">+<\/span>\u00a0SAIBA COMO APRESENTAR AS SUAS IDEIAS<\/p>\n<p>[\/et_pb_text][\/et_pb_column][\/et_pb_row][\/et_pb_section]<\/p>\n","protected":false},"excerpt":{"rendered":"<p>+INOVA\u00c7\u00c3O +CONHECIMENTO + FUTUROCHEGOU O MAIOR PR\u00c9MIO DE INVESTIGA\u00c7\u00c3O EM PORTUGAL Candidaturas abertasPr\u00e9mio IN3+O MAIOR PR\u00c9MIO DE INOVA\u00c7\u00c3O NACIONAL. UMA PLATAFORMA DE INVESTIGA\u00c7\u00c3O E PARTILHA DE IDEIAS.O Pr\u00e9mio IN3+ \u00e9 uma iniciativa e plataforma de research, desenvolvimento e inova\u00e7\u00e3o promovida pela INCM \u2013 Imprensa Nacional Casa da Moeda. Um desafio lan\u00e7ado a todos os investigadores, [&hellip;]<\/p>\n","protected":false},"author":1,"featured_media":5472,"parent":0,"menu_order":0,"comment_status":"closed","ping_status":"closed","template":"","meta":{"_acf_changed":false,"_et_pb_use_builder":"on","_et_pb_old_content":"","_et_gb_content_width":"","footnotes":""},"class_list":["post-1869","page","type-page","status-publish","has-post-thumbnail","hentry"],"acf":[],"_links":{"self":[{"href":"https:\/\/incm.pt\/site\/wp-json\/wp\/v2\/pages\/1869","targetHints":{"allow":["GET"]}}],"collection":[{"href":"https:\/\/incm.pt\/site\/wp-json\/wp\/v2\/pages"}],"about":[{"href":"https:\/\/incm.pt\/site\/wp-json\/wp\/v2\/types\/page"}],"author":[{"embeddable":true,"href":"https:\/\/incm.pt\/site\/wp-json\/wp\/v2\/users\/1"}],"replies":[{"embeddable":true,"href":"https:\/\/incm.pt\/site\/wp-json\/wp\/v2\/comments?post=1869"}],"version-history":[{"count":4,"href":"https:\/\/incm.pt\/site\/wp-json\/wp\/v2\/pages\/1869\/revisions"}],"predecessor-version":[{"id":75492,"href":"https:\/\/incm.pt\/site\/wp-json\/wp\/v2\/pages\/1869\/revisions\/75492"}],"wp:featuredmedia":[{"embeddable":true,"href":"https:\/\/incm.pt\/site\/wp-json\/wp\/v2\/media\/5472"}],"wp:attachment":[{"href":"https:\/\/incm.pt\/site\/wp-json\/wp\/v2\/media?parent=1869"}],"curies":[{"name":"wp","href":"https:\/\/api.w.org\/{rel}","templated":true}]}}