{"id":1847,"date":"2022-04-04T11:03:26","date_gmt":"2022-04-04T11:03:26","guid":{"rendered":"http:\/\/20.23.242.63\/?page_id=1847"},"modified":"2025-12-04T10:56:18","modified_gmt":"2025-12-04T10:56:18","slug":"imprensa-nacional","status":"publish","type":"page","link":"https:\/\/incm.pt\/site\/imprensa-nacional\/","title":{"rendered":"Imprensa Nacional"},"content":{"rendered":"<p>[et_pb_section fb_built=&#8221;1&#8243; custom_padding_last_edited=&#8221;on|phone&#8221; _builder_version=&#8221;4.19.0&#8243; _module_preset=&#8221;default&#8221; background_image=&#8221;https:\/\/incm.pt\/site\/wp-content\/uploads\/2022\/07\/Imprensa-Nacional02.jpg&#8221; parallax=&#8221;on&#8221; min_height=&#8221;550px&#8221; custom_padding=&#8221;140px||140px||false|false&#8221; custom_padding_tablet=&#8221;&#8221; custom_padding_phone=&#8221;250px||250px||false|false&#8221; box_shadow_style=&#8221;preset3&#8243; global_colors_info=&#8221;{}&#8221;][\/et_pb_section][et_pb_section fb_built=&#8221;1&#8243; admin_label=&#8221;Section&#8221; _builder_version=&#8221;4.16&#8243; _module_preset=&#8221;default&#8221; custom_margin=&#8221;||-60px||false|false&#8221; custom_padding=&#8221;0px|||||&#8221; locked=&#8221;off&#8221; global_colors_info=&#8221;{}&#8221;][et_pb_row _builder_version=&#8221;4.16&#8243; _module_preset=&#8221;default&#8221; width_tablet=&#8221;&#8221; width_phone=&#8221;&#8221; width_last_edited=&#8221;on|desktop&#8221; max_width=&#8221;100%&#8221; max_width_tablet=&#8221;&#8221; max_width_phone=&#8221;&#8221; max_width_last_edited=&#8221;on|desktop&#8221; global_colors_info=&#8221;{}&#8221;][et_pb_column type=&#8221;4_4&#8243; _builder_version=&#8221;4.16&#8243; _module_preset=&#8221;default&#8221; global_colors_info=&#8221;{}&#8221;][et_pb_code module_class=&#8221;breadcrumb&#8221; _builder_version=&#8221;4.17.4&#8243; _module_preset=&#8221;default&#8221; custom_margin=&#8221;||0px||false|false&#8221; custom_margin_tablet=&#8221;||0px||false|false&#8221; custom_margin_phone=&#8221;||0px||false|false&#8221; custom_margin_last_edited=&#8221;on|desktop&#8221; custom_padding=&#8221;|0px|0px|0px|false|false&#8221; custom_padding_tablet=&#8221;|0px||0px|false|false&#8221; custom_padding_phone=&#8221;|0px||0px|false|false&#8221; custom_padding_last_edited=&#8221;on|phone&#8221; global_colors_info=&#8221;{}&#8221;][\/et_pb_code][et_pb_text _builder_version=&#8221;4.17.4&#8243; _module_preset=&#8221;default&#8221; header_font=&#8221;Montserrat|700|||||||&#8221; header_text_color=&#8221;#333333&#8243; header_font_size=&#8221;45px&#8221; header_letter_spacing=&#8221;5px&#8221; width_last_edited=&#8221;off|desktop&#8221; max_width=&#8221;60%&#8221; max_width_tablet=&#8221;100%&#8221; max_width_phone=&#8221;&#8221; max_width_last_edited=&#8221;on|phone&#8221; custom_padding=&#8221;25px||5px||false|false&#8221; custom_padding_tablet=&#8221;&#8221; custom_padding_phone=&#8221;&#8221; custom_padding_last_edited=&#8221;on|desktop&#8221; animation_style=&#8221;flip&#8221; animation_direction=&#8221;bottom&#8221; header_font_size_tablet=&#8221;35px&#8221; header_font_size_phone=&#8221;25px&#8221; header_font_size_last_edited=&#8221;on|phone&#8221; header_letter_spacing_tablet=&#8221;3px&#8221; header_letter_spacing_phone=&#8221;0px&#8221; header_letter_spacing_last_edited=&#8221;on|desktop&#8221; header_line_height_tablet=&#8221;&#8221; header_line_height_phone=&#8221;1.2em&#8221; header_line_height_last_edited=&#8221;on|tablet&#8221; border_width_bottom=&#8221;5px&#8221; border_color_bottom=&#8221;#b5a216&#8243; global_colors_info=&#8221;{}&#8221;]<\/p>\n<h1>IMPRENSA NACIONAL<\/h1>\n<p>[\/et_pb_text][\/et_pb_column][\/et_pb_row][\/et_pb_section][et_pb_section fb_built=&#8221;1&#8243; admin_label=&#8221;Section&#8221; _builder_version=&#8221;4.16&#8243; _module_preset=&#8221;default&#8221; custom_margin=&#8221;||-6px||false|false&#8221; custom_padding=&#8221;0px|||||&#8221; locked=&#8221;off&#8221; global_colors_info=&#8221;{}&#8221;][et_pb_row _builder_version=&#8221;4.16&#8243; _module_preset=&#8221;default&#8221; width_tablet=&#8221;&#8221; width_phone=&#8221;&#8221; width_last_edited=&#8221;on|desktop&#8221; max_width=&#8221;100%&#8221; max_width_tablet=&#8221;&#8221; max_width_phone=&#8221;&#8221; max_width_last_edited=&#8221;on|desktop&#8221; custom_padding=&#8221;0px|||||&#8221; global_colors_info=&#8221;{}&#8221;][et_pb_column type=&#8221;4_4&#8243; _builder_version=&#8221;4.16&#8243; _module_preset=&#8221;default&#8221; global_colors_info=&#8221;{}&#8221;][et_pb_text _builder_version=&#8221;4.19.5&#8243; _module_preset=&#8221;default&#8221; text_font=&#8221;Merriweather||||||||&#8221; text_text_color=&#8221;#af9828&#8243; text_font_size=&#8221;22px&#8221; text_letter_spacing=&#8221;3px&#8221; text_line_height=&#8221;1.5em&#8221; header_font_size=&#8221;32px&#8221; header_line_height=&#8221;1.4em&#8221; header_2_font_size=&#8221;32px&#8221; header_2_line_height=&#8221;1.4em&#8221; animation_style=&#8221;fade&#8221; text_font_size_tablet=&#8221;&#8221; text_font_size_phone=&#8221;&#8221; text_font_size_last_edited=&#8221;on|desktop&#8221; text_line_height_tablet=&#8221;&#8221; text_line_height_phone=&#8221;&#8221; text_line_height_last_edited=&#8221;on|desktop&#8221; header_font_size_tablet=&#8221;25px&#8221; header_font_size_phone=&#8221;20px&#8221; header_font_size_last_edited=&#8221;on|phone&#8221; header_line_height_tablet=&#8221;1.3em&#8221; header_line_height_phone=&#8221;1.2em&#8221; header_line_height_last_edited=&#8221;on|phone&#8221; header_2_font_size_tablet=&#8221;25px&#8221; header_2_font_size_phone=&#8221;20px&#8221; header_2_font_size_last_edited=&#8221;on|desktop&#8221; header_2_line_height_tablet=&#8221;1.3em&#8221; header_2_line_height_phone=&#8221;1.2em&#8221; header_2_line_height_last_edited=&#8221;on|desktop&#8221; global_colors_info=&#8221;{}&#8221;]<\/p>\n<h2><strong>PROMOVER A L\u00cdNGUA PORTUGUESA<br \/>\nCOMO PONTE DE CULTURAS.<br \/>\nLEVAMOS MAIS LONGE A CULTURA PARA<br \/>\n<\/strong><strong>GARANTIR O LEGADO PARA O FUTURO.<\/strong><\/h2>\n<p>[\/et_pb_text][et_pb_text _builder_version=&#8221;4.19.5&#8243; _module_preset=&#8221;default&#8221; text_font=&#8221;Merriweather||||||||&#8221; text_text_color=&#8221;#333333&#8243; text_font_size=&#8221;22px&#8221; text_line_height=&#8221;1.5em&#8221; animation_style=&#8221;fade&#8221; text_font_size_tablet=&#8221;&#8221; text_font_size_phone=&#8221;&#8221; text_font_size_last_edited=&#8221;on|desktop&#8221; text_line_height_tablet=&#8221;&#8221; text_line_height_phone=&#8221;&#8221; text_line_height_last_edited=&#8221;on|desktop&#8221; global_colors_info=&#8221;{}&#8221;]<text class=\"_textbox_ysiwt_17\" direction=\"ltr\" height=\"10.2451171875\" lengthadjust=\"spacingAndGlyphs\" textlength=\"101.269912719727\" x=\"72.6585540771484\" y=\"-306.851623535156\" data-test=\"textbox\">A Imprensa Nacional <\/text><text class=\"_textbox_ysiwt_17\" direction=\"ltr\" height=\"10.4548645019531\" lengthadjust=\"spacingAndGlyphs\" textlength=\"292.946472167969\" x=\"178.2919921875\" y=\"-306.851623535156\" data-test=\"textbox\">\u00e9 a chancela editorial da INCM &#8211; Imprensa Nacional Casa da Moeda, respons\u00e1vel pela edi\u00e7\u00e3o de <\/text><text class=\"_textbox_ysiwt_17\" direction=\"ltr\" height=\"10.2451477050781\" lengthadjust=\"spacingAndGlyphs\" textlength=\"30.1502380371094\" x=\"471.846405029297\" y=\"-306.851593017578\" data-test=\"textbox\">obras <\/text><text class=\"_textbox_ysiwt_17\" direction=\"ltr\" height=\"10.2451477050781\" lengthadjust=\"spacingAndGlyphs\" textlength=\"201.877464294434\" x=\"72.9455947875977\" y=\"-294.131561279297\" data-test=\"textbox\">essenciais da cultura nacional e universal<\/text><text class=\"_textbox_ysiwt_17\" direction=\"ltr\" height=\"10.3554992675781\" lengthadjust=\"spacingAndGlyphs\" textlength=\"140.00927734375\" x=\"276.530487060547\" y=\"-294.131591796875\" data-test=\"textbox\">, preservando e amplificando <\/text><text class=\"_textbox_ysiwt_17\" direction=\"ltr\" height=\"10.4217529296875\" lengthadjust=\"spacingAndGlyphs\" textlength=\"63.1377563476562\" x=\"420.456420898438\" y=\"-294.131591796875\" data-test=\"textbox\">o patrim\u00f3nio <\/text><text class=\"_textbox_ysiwt_17\" direction=\"ltr\" height=\"10.4217529296875\" lengthadjust=\"spacingAndGlyphs\" textlength=\"164.242065429688\" x=\"73.1443176269531\" y=\"-281.531585693359\" data-test=\"textbox\">bibliogr\u00e1fico da l\u00edngua portuguesa <\/text><text class=\"_textbox_ysiwt_17\" direction=\"ltr\" height=\"8.25790405273438\" lengthadjust=\"spacingAndGlyphs\" textlength=\"39.0043182373047\" x=\"241.41032409668\" y=\"-281.531585693359\" data-test=\"textbox\">para as <\/text><text class=\"_textbox_ysiwt_17\" direction=\"ltr\" height=\"10.3554992675781\" lengthadjust=\"spacingAndGlyphs\" textlength=\"83.7052917480469\" x=\"280.811584472656\" y=\"-281.531585693359\" data-test=\"textbox\">gera\u00e7\u00f5es futuras.<\/text><\/p>\n<p><span data-contrast=\"none\"><text class=\"_textbox_ysiwt_17\" direction=\"ltr\" height=\"10.4548645019531\" lengthadjust=\"spacingAndGlyphs\" textlength=\"178.329132080078\" x=\"72.9897613525391\" y=\"-256.211608886719\" data-test=\"textbox\">Com mais de 250 anos de hist\u00f3ria, p<\/text><text class=\"_textbox_ysiwt_17\" direction=\"ltr\" height=\"10.4217529296875\" lengthadjust=\"spacingAndGlyphs\" textlength=\"180.448806762695\" x=\"252.540084838867\" y=\"-256.211608886719\" data-test=\"textbox\">romove e incentiva a cria\u00e7\u00e3o liter\u00e1ria, <\/text><text class=\"_textbox_ysiwt_17\" direction=\"ltr\" height=\"10.2892761230469\" lengthadjust=\"spacingAndGlyphs\" textlength=\"83.3520202636719\" x=\"437.461578369141\" y=\"-256.211608886719\" data-test=\"textbox\">com a atribui\u00e7\u00e3o <\/text><text class=\"_textbox_ysiwt_17\" direction=\"ltr\" height=\"10.2451171875\" lengthadjust=\"spacingAndGlyphs\" textlength=\"14.9228057861328\" x=\"72.8903961181641\" y=\"-243.611602783203\" data-test=\"textbox\">de <\/text><text class=\"_textbox_ysiwt_17\" direction=\"ltr\" height=\"10.2451171875\" lengthadjust=\"spacingAndGlyphs\" textlength=\"40.1304016113281\" x=\"88.2503967285156\" y=\"-243.611602783203\" data-test=\"textbox\">diversos <\/text><text class=\"_textbox_ysiwt_17\" direction=\"ltr\" height=\"10.4217681884766\" lengthadjust=\"spacingAndGlyphs\" textlength=\"32.5790405273438\" x=\"132.540313720703\" y=\"-243.611587524414\" data-test=\"textbox\">pr\u00e9mio<\/text><text class=\"_textbox_ysiwt_17\" direction=\"ltr\" height=\"10.2451324462891\" lengthadjust=\"spacingAndGlyphs\" textlength=\"70.4020843505859\" x=\"165.853286743164\" y=\"-243.611587524414\" data-test=\"textbox\">s, valorizando <\/text><text class=\"_textbox_ysiwt_17\" direction=\"ltr\" height=\"8.25790405273438\" lengthadjust=\"spacingAndGlyphs\" textlength=\"14.3409576416016\" x=\"236.716400146484\" y=\"-243.611602783203\" data-test=\"textbox\">os <\/text><text class=\"_textbox_ysiwt_17\" direction=\"ltr\" height=\"9.70414733886719\" lengthadjust=\"spacingAndGlyphs\" textlength=\"35.9241485595703\" x=\"251.487442016602\" y=\"-243.611602783203\" data-test=\"textbox\">autores <\/text><text class=\"_textbox_ysiwt_17\" direction=\"ltr\" height=\"10.2451171875\" lengthadjust=\"spacingAndGlyphs\" textlength=\"125.34814453125\" x=\"291.647583007812\" y=\"-243.611602783203\" data-test=\"textbox\">nacionais e internacionais <\/text><text class=\"_textbox_ysiwt_17\" direction=\"ltr\" height=\"10.2451324462891\" lengthadjust=\"spacingAndGlyphs\" textlength=\"87.8783874511719\" x=\"420.81640625\" y=\"-243.611587524414\" data-test=\"textbox\">que levam mais lo<\/text><text class=\"_textbox_ysiwt_17\" direction=\"ltr\" height=\"8.25790405273438\" lengthadjust=\"spacingAndGlyphs\" textlength=\"20.7000122070312\" x=\"509.857604980469\" y=\"-243.611602783203\" data-test=\"textbox\">nge <\/text><text class=\"_textbox_ysiwt_17\" direction=\"ltr\" height=\"10.4217529296875\" lengthadjust=\"spacingAndGlyphs\" textlength=\"96.6110305786133\" x=\"72.9014358520508\" y=\"-230.8916015625\" data-test=\"textbox\">a l\u00edngua portuguesa<\/text>.<\/span><\/p>\n<p><text class=\"_textbox_ysiwt_17\" direction=\"ltr\" height=\"10.3555297851562\" lengthadjust=\"spacingAndGlyphs\" textlength=\"429.113815307617\" x=\"72.6585540771484\" y=\"-205.541595458984\" data-test=\"textbox\">Aliando tradi\u00e7\u00e3o e contemporaneidade, a Imprensa Nacional tem vindo a refor\u00e7ar a sua <\/text><text class=\"_textbox_ysiwt_17\" direction=\"ltr\" height=\"10.2451171875\" lengthadjust=\"spacingAndGlyphs\" textlength=\"79.0574264526367\" x=\"72.9014358520508\" y=\"-192.941604614258\" data-test=\"textbox\">aposta no digital<\/text><text class=\"_textbox_ysiwt_17\" direction=\"ltr\" height=\"10.2892913818359\" lengthadjust=\"spacingAndGlyphs\" textlength=\"73.117919921875\" x=\"153.620483398438\" y=\"-192.941589355469\" data-test=\"textbox\">, na inclus\u00e3o e <\/text><text class=\"_textbox_ysiwt_17\" direction=\"ltr\" height=\"10.4217681884766\" lengthadjust=\"spacingAndGlyphs\" textlength=\"190.230239868164\" x=\"227.567611694336\" y=\"-192.941589355469\" data-test=\"textbox\">na democratiza\u00e7\u00e3o do acesso \u00e0 cultura.<\/text><\/p>\n<p><span data-ccp-props=\"{}\">Descubra as novas publica\u00e7\u00f5es que levam mais longe a l\u00edngua e a cultura portuguesa em <a href=\"https:\/\/imprensanacional.pt\" target=\"_blank\" rel=\"noopener\"><span style=\"color: #000;\"><u><strong>imprensanacional.pt<\/strong><\/u><\/span><\/a>.\u00a0<\/span>[\/et_pb_text][\/et_pb_column][\/et_pb_row][\/et_pb_section]<\/p>\n","protected":false},"excerpt":{"rendered":"<p>IMPRENSA NACIONALPROMOVER A L\u00cdNGUA PORTUGUESA COMO PONTE DE CULTURAS. LEVAMOS MAIS LONGE A CULTURA PARA GARANTIR O LEGADO PARA O FUTURO.A Imprensa Nacional \u00e9 a chancela editorial da INCM &#8211; Imprensa Nacional Casa da Moeda, respons\u00e1vel pela edi\u00e7\u00e3o de obras essenciais da cultura nacional e universal, preservando e amplificando o patrim\u00f3nio bibliogr\u00e1fico da l\u00edngua portuguesa [&hellip;]<\/p>\n","protected":false},"author":1,"featured_media":5925,"parent":0,"menu_order":0,"comment_status":"closed","ping_status":"closed","template":"","meta":{"_acf_changed":false,"_et_pb_use_builder":"on","_et_pb_old_content":"","_et_gb_content_width":"","footnotes":""},"class_list":["post-1847","page","type-page","status-publish","has-post-thumbnail","hentry"],"acf":[],"_links":{"self":[{"href":"https:\/\/incm.pt\/site\/wp-json\/wp\/v2\/pages\/1847","targetHints":{"allow":["GET"]}}],"collection":[{"href":"https:\/\/incm.pt\/site\/wp-json\/wp\/v2\/pages"}],"about":[{"href":"https:\/\/incm.pt\/site\/wp-json\/wp\/v2\/types\/page"}],"author":[{"embeddable":true,"href":"https:\/\/incm.pt\/site\/wp-json\/wp\/v2\/users\/1"}],"replies":[{"embeddable":true,"href":"https:\/\/incm.pt\/site\/wp-json\/wp\/v2\/comments?post=1847"}],"version-history":[{"count":1,"href":"https:\/\/incm.pt\/site\/wp-json\/wp\/v2\/pages\/1847\/revisions"}],"predecessor-version":[{"id":75489,"href":"https:\/\/incm.pt\/site\/wp-json\/wp\/v2\/pages\/1847\/revisions\/75489"}],"wp:featuredmedia":[{"embeddable":true,"href":"https:\/\/incm.pt\/site\/wp-json\/wp\/v2\/media\/5925"}],"wp:attachment":[{"href":"https:\/\/incm.pt\/site\/wp-json\/wp\/v2\/media?parent=1847"}],"curies":[{"name":"wp","href":"https:\/\/api.w.org\/{rel}","templated":true}]}}