{"id":1777,"date":"2022-04-01T13:52:52","date_gmt":"2022-04-01T13:52:52","guid":{"rendered":"http:\/\/20.23.242.63\/?page_id=1777"},"modified":"2025-12-04T10:46:46","modified_gmt":"2025-12-04T10:46:46","slug":"gestao-de-riscos","status":"publish","type":"page","link":"https:\/\/incm.pt\/site\/gestao-de-riscos\/","title":{"rendered":"Gest\u00e3o de Riscos"},"content":{"rendered":"<p>[et_pb_section fb_built=&#8221;1&#8243; custom_padding_last_edited=&#8221;on|phone&#8221; disabled_on=&#8221;off|off|off&#8221; _builder_version=&#8221;4.19.0&#8243; _module_preset=&#8221;default&#8221; background_image=&#8221;https:\/\/incm.pt\/site\/wp-content\/uploads\/2022\/04\/incm-gestao-de-riscos-scaled.jpg&#8221; parallax=&#8221;on&#8221; min_height=&#8221;550px&#8221; custom_padding=&#8221;140px||140px||false|false&#8221; custom_padding_tablet=&#8221;&#8221; custom_padding_phone=&#8221;250px||250px||false|false&#8221; box_shadow_style=&#8221;preset3&#8243; global_colors_info=&#8221;{}&#8221;][\/et_pb_section][et_pb_section fb_built=&#8221;1&#8243; _builder_version=&#8221;4.16&#8243; _module_preset=&#8221;default&#8221; custom_padding=&#8221;0px|||||&#8221; locked=&#8221;off&#8221; global_colors_info=&#8221;{}&#8221;][et_pb_row custom_padding_last_edited=&#8221;on|tablet&#8221; _builder_version=&#8221;4.17.4&#8243; _module_preset=&#8221;default&#8221; width_tablet=&#8221;&#8221; width_phone=&#8221;&#8221; width_last_edited=&#8221;on|desktop&#8221; max_width=&#8221;100%&#8221; max_width_tablet=&#8221;&#8221; max_width_phone=&#8221;&#8221; max_width_last_edited=&#8221;on|desktop&#8221; custom_padding_tablet=&#8221;||10px||false|false&#8221; custom_padding_phone=&#8221;||10px||false|false&#8221; global_colors_info=&#8221;{}&#8221;][et_pb_column type=&#8221;4_4&#8243; _builder_version=&#8221;4.16&#8243; _module_preset=&#8221;default&#8221; global_colors_info=&#8221;{}&#8221;][et_pb_code module_class=&#8221;breadcrumb&#8221; _builder_version=&#8221;4.17.4&#8243; _module_preset=&#8221;default&#8221; custom_margin=&#8221;||0px||false|false&#8221; custom_margin_tablet=&#8221;||0px||false|false&#8221; custom_margin_phone=&#8221;||0px||false|false&#8221; custom_margin_last_edited=&#8221;on|desktop&#8221; custom_padding=&#8221;|0px|0px|0px|false|false&#8221; custom_padding_tablet=&#8221;|0px||0px|false|false&#8221; custom_padding_phone=&#8221;|0px||0px|false|false&#8221; custom_padding_last_edited=&#8221;on|phone&#8221; global_colors_info=&#8221;{}&#8221;][\/et_pb_code][et_pb_text _builder_version=&#8221;4.17.4&#8243; _module_preset=&#8221;default&#8221; header_font=&#8221;Montserrat|700|||||||&#8221; header_text_color=&#8221;#333333&#8243; header_font_size=&#8221;45px&#8221; header_letter_spacing=&#8221;5px&#8221; width_last_edited=&#8221;off|desktop&#8221; max_width=&#8221;60%&#8221; max_width_tablet=&#8221;100%&#8221; max_width_phone=&#8221;&#8221; max_width_last_edited=&#8221;on|desktop&#8221; custom_padding=&#8221;25px||5px||false|false&#8221; custom_padding_tablet=&#8221;&#8221; custom_padding_phone=&#8221;&#8221; custom_padding_last_edited=&#8221;on|desktop&#8221; animation_style=&#8221;flip&#8221; animation_direction=&#8221;bottom&#8221; header_font_size_tablet=&#8221;35px&#8221; header_font_size_phone=&#8221;25px&#8221; header_font_size_last_edited=&#8221;on|phone&#8221; header_letter_spacing_tablet=&#8221;3px&#8221; header_letter_spacing_phone=&#8221;0px&#8221; header_letter_spacing_last_edited=&#8221;on|desktop&#8221; header_line_height_tablet=&#8221;&#8221; header_line_height_phone=&#8221;1.2em&#8221; header_line_height_last_edited=&#8221;on|desktop&#8221; border_width_bottom=&#8221;5px&#8221; border_color_bottom=&#8221;#b5a216&#8243; global_colors_info=&#8221;{}&#8221;]<\/p>\n<h1>GEST\u00c3O DE RISCOS<\/h1>\n<p>[\/et_pb_text][\/et_pb_column][\/et_pb_row][\/et_pb_section][et_pb_section fb_built=&#8221;1&#8243; admin_label=&#8221;Section&#8221; _builder_version=&#8221;4.16&#8243; _module_preset=&#8221;default&#8221; custom_padding=&#8221;0px|||||&#8221; locked=&#8221;off&#8221; global_colors_info=&#8221;{}&#8221;][et_pb_row _builder_version=&#8221;4.16&#8243; _module_preset=&#8221;default&#8221; width_tablet=&#8221;&#8221; width_phone=&#8221;&#8221; width_last_edited=&#8221;on|desktop&#8221; max_width=&#8221;100%&#8221; max_width_tablet=&#8221;&#8221; max_width_phone=&#8221;&#8221; max_width_last_edited=&#8221;on|desktop&#8221; custom_padding=&#8221;0px|||||&#8221; global_colors_info=&#8221;{}&#8221;][et_pb_column type=&#8221;4_4&#8243; _builder_version=&#8221;4.16&#8243; _module_preset=&#8221;default&#8221; global_colors_info=&#8221;{}&#8221;][et_pb_text disabled_on=&#8221;off|off|off&#8221; _builder_version=&#8221;4.19.5&#8243; _module_preset=&#8221;default&#8221; text_font=&#8221;Merriweather||||||||&#8221; text_text_color=&#8221;#af9828&#8243; text_font_size=&#8221;22px&#8221; text_letter_spacing=&#8221;3px&#8221; text_line_height=&#8221;1.5em&#8221; header_font_size=&#8221;32px&#8221; header_line_height=&#8221;1.4em&#8221; header_2_font_size=&#8221;32px&#8221; header_2_line_height=&#8221;1.4em&#8221; animation_style=&#8221;fade&#8221; text_font_size_tablet=&#8221;&#8221; text_font_size_phone=&#8221;&#8221; text_font_size_last_edited=&#8221;on|desktop&#8221; text_line_height_tablet=&#8221;&#8221; text_line_height_phone=&#8221;&#8221; text_line_height_last_edited=&#8221;on|desktop&#8221; header_font_size_tablet=&#8221;25px&#8221; header_font_size_phone=&#8221;20px&#8221; header_font_size_last_edited=&#8221;on|phone&#8221; header_line_height_tablet=&#8221;1.3em&#8221; header_line_height_phone=&#8221;1.2em&#8221; header_line_height_last_edited=&#8221;on|phone&#8221; header_2_font_size_tablet=&#8221;25px&#8221; header_2_font_size_phone=&#8221;20px&#8221; header_2_font_size_last_edited=&#8221;on|desktop&#8221; header_2_line_height_tablet=&#8221;1.3em&#8221; header_2_line_height_phone=&#8221;1.2em&#8221; header_2_line_height_last_edited=&#8221;on|desktop&#8221; locked=&#8221;off&#8221; global_colors_info=&#8221;{}&#8221;]<\/p>\n<h2><span style=\"color: #c2aa33;\"><strong>UMA GEST\u00c3O MAIS EFICIENTE<br \/>\nPARA A UMA MAIOR PROTE\u00c7\u00c3O DOS ATIVOS.<br \/>\nTRANSPAR\u00caNCIA. AN\u00c1LISE. RESULTADOS.<\/strong><\/span><br \/>\n<span style=\"color: #c2aa33;\"><strong><\/strong><\/span><\/h2>\n<p><span style=\"color: #c2aa33;\"><strong><\/strong><\/span>[\/et_pb_text][et_pb_text _builder_version=&#8221;4.17.4&#8243; _module_preset=&#8221;default&#8221; text_font=&#8221;Merriweather||||||||&#8221; text_text_color=&#8221;#333333&#8243; text_font_size=&#8221;22px&#8221; text_line_height=&#8221;1.5em&#8221; link_font=&#8221;|700|||||||&#8221; link_text_color=&#8221;#c2aa33&#8243; ul_line_height=&#8221;1.7em&#8221; animation_style=&#8221;fade&#8221; text_font_size_tablet=&#8221;20px&#8221; text_font_size_phone=&#8221;18px&#8221; text_font_size_last_edited=&#8221;on|tablet&#8221; text_line_height_tablet=&#8221;&#8221; text_line_height_phone=&#8221;&#8221; text_line_height_last_edited=&#8221;on|desktop&#8221; ul_line_height_tablet=&#8221;1.7em&#8221; ul_line_height_phone=&#8221;1.7em&#8221; ul_line_height_last_edited=&#8221;on|desktop&#8221; locked=&#8221;off&#8221; global_colors_info=&#8221;{}&#8221;]<\/p>\n<p><strong><text class=\"_textbox_ysiwt_17\" direction=\"ltr\" height=\"7.92672729492188\" lengthadjust=\"spacingAndGlyphs\" textlength=\"51.1372833251953\" x=\"73.4534378051758\" y=\"-359.690002441406\" data-test=\"textbox\">Focada na <\/text><text class=\"_textbox_ysiwt_17\" direction=\"ltr\" height=\"5.93951416015625\" lengthadjust=\"spacingAndGlyphs\" textlength=\"50.7287902832031\" x=\"128.053283691406\" y=\"-359.690002441406\" data-test=\"textbox\">seguran\u00e7a\u00a0<\/text><text class=\"_textbox_ysiwt_17\" direction=\"ltr\" height=\"7.97088623046875\" lengthadjust=\"spacingAndGlyphs\" textlength=\"142.40495300293\" x=\"182.501602172852\" y=\"-359.690002441406\" data-test=\"textbox\">e prote\u00e7\u00e3o dos seus ativos, a <\/text><text class=\"_textbox_ysiwt_17\" direction=\"ltr\" height=\"8.136474609375\" lengthadjust=\"spacingAndGlyphs\" textlength=\"26.3414306640625\" x=\"329.274658203125\" y=\"-359.690002441406\" data-test=\"textbox\">INCM <\/text><text class=\"_textbox_ysiwt_17\" direction=\"ltr\" height=\"8.136474609375\" lengthadjust=\"spacingAndGlyphs\" textlength=\"140.274230957031\" x=\"359.747406005859\" y=\"-359.690002441406\" data-test=\"textbox\">assume a Gest\u00e3o de Riscos <\/text><text class=\"_textbox_ysiwt_17\" direction=\"ltr\" height=\"8.136474609375\" lengthadjust=\"spacingAndGlyphs\" textlength=\"187.216354370117\" x=\"72.9897613525391\" y=\"-347.089996337891\" data-test=\"textbox\">Corporativos como parte integrante da <\/text><text class=\"_textbox_ysiwt_17\" direction=\"ltr\" height=\"5.93951416015625\" lengthadjust=\"spacingAndGlyphs\" textlength=\"17.2886352539062\" x=\"263.803253173828\" y=\"-347.089996337891\" data-test=\"textbox\">sua <\/text><text class=\"_textbox_ysiwt_17\" direction=\"ltr\" height=\"7.97088623046875\" lengthadjust=\"spacingAndGlyphs\" textlength=\"32.2920227050781\" x=\"284.531585693359\" y=\"-347.089996337891\" data-test=\"textbox\">gest\u00e3o<\/text><text class=\"_textbox_ysiwt_17\" direction=\"ltr\" height=\"1.17022705078125\" lengthadjust=\"spacingAndGlyphs\" textlength=\"1.13711547851562\" x=\"318.190490722656\" y=\"-347.089996337891\" data-test=\"textbox\">, <\/text><text class=\"_textbox_ysiwt_17\" direction=\"ltr\" height=\"8.10336303710938\" lengthadjust=\"spacingAndGlyphs\" textlength=\"206.194122314453\" x=\"323.911590576172\" y=\"-347.089996337891\" data-test=\"textbox\">com o prop\u00f3sito de promover uma cultura <\/text><text class=\"_textbox_ysiwt_17\" direction=\"ltr\" height=\"7.97088623046875\" lengthadjust=\"spacingAndGlyphs\" textlength=\"127.799026489258\" x=\"73.1443176269531\" y=\"-334.489990234375\" data-test=\"textbox\">preventiva e de mitiga\u00e7\u00e3o <\/text><text class=\"_textbox_ysiwt_17\" direction=\"ltr\" height=\"8.10336303710938\" lengthadjust=\"spacingAndGlyphs\" textlength=\"153.610565185547\" x=\"201.436401367188\" y=\"-334.489990234375\" data-test=\"textbox\">de eventuais amea\u00e7as \u00e0s suas <\/text><text class=\"_textbox_ysiwt_17\" direction=\"ltr\" height=\"7.97088623046875\" lengthadjust=\"spacingAndGlyphs\" textlength=\"106.127502441406\" x=\"355.536407470703\" y=\"-334.489990234375\" data-test=\"textbox\">opera\u00e7\u00f5es e objetivos<\/text>.\u202f<\/strong><span data-ccp-props=\"{}\">\u00a0<\/span><span data-ccp-props=\"{}\">\u00a0<\/span><\/p>\n<p><text class=\"_textbox_ysiwt_17\" direction=\"ltr\" height=\"7.92672729492188\" lengthadjust=\"spacingAndGlyphs\" textlength=\"12.7223815917969\" x=\"73.3982391357422\" y=\"-309.170013427734\" data-test=\"textbox\">De<\/text><text class=\"_textbox_ysiwt_17\" direction=\"ltr\" height=\"7.92672729492188\" lengthadjust=\"spacingAndGlyphs\" textlength=\"12.7223815917969\" x=\"73.3982391357422\" y=\"-309.170013427734\" data-test=\"textbox\"> <\/text><text class=\"_textbox_ysiwt_17\" direction=\"ltr\" height=\"8.136474609375\" lengthadjust=\"spacingAndGlyphs\" textlength=\"442.715118408203\" x=\"90.0614318847656\" y=\"-309.170013427734\" data-test=\"textbox\">acordo com o disposto no regime geral de preven\u00e7\u00e3o da corrup\u00e7\u00e3o, o Conselho de <\/text><text class=\"_textbox_ysiwt_17\" direction=\"ltr\" height=\"7.97088623046875\" lengthadjust=\"spacingAndGlyphs\" textlength=\"84.6436767578125\" x=\"72.6585540771484\" y=\"-296.449981689453\" data-test=\"textbox\">Administra\u00e7\u00e3o da <\/text><text class=\"_textbox_ysiwt_17\" direction=\"ltr\" height=\"8.136474609375\" lengthadjust=\"spacingAndGlyphs\" textlength=\"26.3414459228516\" x=\"161.58464050293\" y=\"-296.449981689453\" data-test=\"textbox\">INCM <\/text><text class=\"_textbox_ysiwt_17\" direction=\"ltr\" height=\"8.136474609375\" lengthadjust=\"spacingAndGlyphs\" textlength=\"326.67366027832\" x=\"192.087448120117\" y=\"-296.449981689453\" data-test=\"textbox\">aprova o Plano de Preven\u00e7\u00e3o de Riscos de Corrup\u00e7\u00e3o e <\/text><text class=\"_textbox_ysiwt_17\" direction=\"ltr\" height=\"8.136474609375\" lengthadjust=\"spacingAndGlyphs\" textlength=\"377.479736328125\" x=\"73.5086364746094\" y=\"-283.849975585938\" data-test=\"textbox\">Infra\u00e7\u00f5es Conexas, bem como o respetivo Relat\u00f3rio Anual de Execu\u00e7\u00e3o, que <\/text><text class=\"_textbox_ysiwt_17\" direction=\"ltr\" height=\"7.92672729492188\" lengthadjust=\"spacingAndGlyphs\" textlength=\"20.3467407226562\" x=\"451.577423095703\" y=\"-283.849975585938\" data-test=\"textbox\">aqui <\/text><text class=\"_textbox_ysiwt_17\" direction=\"ltr\" height=\"5.93951416015625\" lengthadjust=\"spacingAndGlyphs\" textlength=\"11.3049621582031\" x=\"475.413269042969\" y=\"-283.849975585938\" data-test=\"textbox\">se <\/text><text class=\"_textbox_ysiwt_17\" direction=\"ltr\" height=\"7.92672729492188\" lengthadjust=\"spacingAndGlyphs\" textlength=\"39.4017562866211\" x=\"73.1443176269531\" y=\"-271.130004882812\" data-test=\"textbox\">publicita<\/text><text class=\"_textbox_ysiwt_17\" direction=\"ltr\" height=\"8.10336303710938\" lengthadjust=\"spacingAndGlyphs\" textlength=\"368.272369384766\" x=\"113.53759765625\" y=\"-271.130004882812\" data-test=\"textbox\">m, em cumprimento das boas pr\u00e1ticas de governo das empresas do Estado<\/text>.<\/p>\n<p>[\/et_pb_text][\/et_pb_column][\/et_pb_row][et_pb_row column_structure=&#8221;1_2,1_2&#8243; admin_label=&#8221;Row&#8221; _builder_version=&#8221;4.17.4&#8243; _module_preset=&#8221;default&#8221; animation_style=&#8221;fade&#8221; global_colors_info=&#8221;{}&#8221;][et_pb_column type=&#8221;1_2&#8243; _builder_version=&#8221;4.16&#8243; _module_preset=&#8221;default&#8221; global_colors_info=&#8221;{}&#8221;][et_pb_text _builder_version=&#8221;4.24.0&#8243; _module_preset=&#8221;default&#8221; text_font=&#8221;Merriweather||||||||&#8221; text_text_color=&#8221;#333333&#8243; text_font_size=&#8221;22px&#8221; text_letter_spacing=&#8221;1px&#8221; text_line_height=&#8221;1.3em&#8221; header_2_font=&#8221;Poppins|500|||||||&#8221; header_2_text_color=&#8221;#b5a216&#8243; header_2_letter_spacing=&#8221;3px&#8221; custom_margin=&#8221;||25px||false|false&#8221; custom_margin_tablet=&#8221;||15px||false|false&#8221; custom_margin_phone=&#8221;||15px||false|false&#8221; custom_margin_last_edited=&#8221;on|phone&#8221; custom_padding=&#8221;0px||5px||false|false&#8221; custom_padding_tablet=&#8221;0px|||||&#8221; custom_padding_phone=&#8221;0px||0px||false|false&#8221; custom_padding_last_edited=&#8221;on|phone&#8221; text_font_size_tablet=&#8221;&#8221; text_font_size_phone=&#8221;&#8221; text_font_size_last_edited=&#8221;on|desktop&#8221; text_letter_spacing_tablet=&#8221;&#8221; text_letter_spacing_phone=&#8221;&#8221; text_letter_spacing_last_edited=&#8221;on|desktop&#8221; text_line_height_tablet=&#8221;&#8221; text_line_height_phone=&#8221;&#8221; text_line_height_last_edited=&#8221;on|desktop&#8221; header_2_font_size_tablet=&#8221;&#8221; header_2_font_size_phone=&#8221;20px&#8221; header_2_font_size_last_edited=&#8221;on|desktop&#8221; header_2_letter_spacing_tablet=&#8221;&#8221; header_2_letter_spacing_phone=&#8221;0px&#8221; header_2_letter_spacing_last_edited=&#8221;on|desktop&#8221; header_2_line_height_tablet=&#8221;&#8221; header_2_line_height_phone=&#8221;1.2em&#8221; header_2_line_height_last_edited=&#8221;on|phone&#8221; global_colors_info=&#8221;{}&#8221;]<\/p>\n<h2><span data-contrast=\"none\" xml:lang=\"PT-PT\" lang=\"PT-PT\" class=\"TextRun Highlight SCXW35236879 BCX0\"><span class=\"NormalTextRun SCXW35236879 BCX0\">Plano de Preven\u00e7\u00e3o de Riscos de Corrup\u00e7\u00e3o e Infra\u00e7\u00f5es Conexas 2025<\/span><\/span><\/h2>\n<p><span data-contrast=\"none\" xml:lang=\"PT-PT\" lang=\"PT-PT\" class=\"TextRun Highlight SCXW35236879 BCX0\"><span class=\"NormalTextRun SCXW35236879 BCX0\"><\/span><\/span><\/p>\n<p><span data-contrast=\"none\" xml:lang=\"PT-PT\" lang=\"PT-PT\" class=\"TextRun Highlight SCXW35236879 BCX0\"><span class=\"NormalTextRun SCXW35236879 BCX0\"><\/span><\/span><\/p>\n<p>[\/et_pb_text][et_pb_text _builder_version=&#8221;4.27.4&#8243; _module_preset=&#8221;default&#8221; text_font=&#8221;Poppins||||||||&#8221; text_text_color=&#8221;#FFFFFF&#8221; text_font_size=&#8221;22px&#8221; text_letter_spacing=&#8221;2px&#8221; background_color=&#8221;#000000&#8243; text_orientation=&#8221;right&#8221; custom_margin=&#8221;|-25px|-25px|-25px|false|false&#8221; custom_margin_tablet=&#8221;&#8221; custom_margin_phone=&#8221;&#8221; custom_margin_last_edited=&#8221;on|desktop&#8221; custom_padding=&#8221;15px|25px|15px|25px|false|false&#8221; custom_padding_tablet=&#8221;&#8221; custom_padding_phone=&#8221;&#8221; custom_padding_last_edited=&#8221;on|desktop&#8221; animation_style=&#8221;fade&#8221; link_option_url=&#8221;https:\/\/incm.pt\/site\/wp-content\/uploads\/2025\/05\/Plano-de-Prevencao-de-Riscos-de-Corrupcao-e-Infracoes-Conexas_2025.pdf&#8221; link_option_url_new_window=&#8221;on&#8221; text_font_size_tablet=&#8221;&#8221; text_font_size_phone=&#8221;&#8221; text_font_size_last_edited=&#8221;on|desktop&#8221; text_letter_spacing_tablet=&#8221;&#8221; text_letter_spacing_phone=&#8221;&#8221; text_letter_spacing_last_edited=&#8221;on|desktop&#8221; locked=&#8221;off&#8221; global_colors_info=&#8221;{}&#8221;]<\/p>\n<p style=\"text-align: center;\"><span style=\"color: #b5a216; font-weight: bold;\">+<\/span>\u00a0Download PDF<\/p>\n<p>[\/et_pb_text][\/et_pb_column][et_pb_column type=&#8221;1_2&#8243; _builder_version=&#8221;4.16&#8243; _module_preset=&#8221;default&#8221; global_colors_info=&#8221;{}&#8221;][et_pb_text _builder_version=&#8221;4.24.0&#8243; _module_preset=&#8221;default&#8221; text_font=&#8221;Merriweather||||||||&#8221; text_text_color=&#8221;#333333&#8243; text_font_size=&#8221;22px&#8221; text_letter_spacing=&#8221;1px&#8221; text_line_height=&#8221;1.3em&#8221; header_2_font=&#8221;Poppins|500|||||||&#8221; header_2_text_color=&#8221;#b5a216&#8243; header_2_letter_spacing=&#8221;3px&#8221; custom_margin=&#8221;||25px||false|false&#8221; custom_margin_tablet=&#8221;&#8221; custom_margin_phone=&#8221;25px||||false|false&#8221; custom_margin_last_edited=&#8221;on|tablet&#8221; custom_padding=&#8221;0px|||||&#8221; custom_padding_tablet=&#8221;25px||||false|false&#8221; custom_padding_phone=&#8221;10px||||false|false&#8221; custom_padding_last_edited=&#8221;on|phone&#8221; text_font_size_tablet=&#8221;&#8221; text_font_size_phone=&#8221;&#8221; text_font_size_last_edited=&#8221;on|desktop&#8221; text_letter_spacing_tablet=&#8221;&#8221; text_letter_spacing_phone=&#8221;&#8221; text_letter_spacing_last_edited=&#8221;on|desktop&#8221; text_line_height_tablet=&#8221;&#8221; text_line_height_phone=&#8221;&#8221; text_line_height_last_edited=&#8221;on|desktop&#8221; header_2_font_size_tablet=&#8221;&#8221; header_2_font_size_phone=&#8221;20px&#8221; header_2_font_size_last_edited=&#8221;on|desktop&#8221; header_2_letter_spacing_tablet=&#8221;&#8221; header_2_letter_spacing_phone=&#8221;0px&#8221; header_2_letter_spacing_last_edited=&#8221;on|desktop&#8221; header_2_line_height_tablet=&#8221;&#8221; header_2_line_height_phone=&#8221;1.2em&#8221; header_2_line_height_last_edited=&#8221;on|phone&#8221; global_colors_info=&#8221;{}&#8221;]<\/p>\n<h2><span data-contrast=\"none\" xml:lang=\"PT-PT\" lang=\"PT-PT\" class=\"TextRun Highlight SCXW152402696 BCX0\"><span class=\"NormalTextRun SCXW152402696 BCX0\">Relat\u00f3rio Anual de Execu\u00e7\u00e3o do Plano de Preven\u00e7\u00e3o de Riscos de Corrup\u00e7\u00e3o e Infra\u00e7\u00f5es Conexas 2024<\/span><\/span><\/h2>\n<p>[\/et_pb_text][et_pb_text _builder_version=&#8221;4.27.4&#8243; _module_preset=&#8221;default&#8221; text_font=&#8221;Poppins||||||||&#8221; text_text_color=&#8221;#FFFFFF&#8221; text_font_size=&#8221;22px&#8221; text_letter_spacing=&#8221;2px&#8221; background_color=&#8221;#000000&#8243; text_orientation=&#8221;right&#8221; custom_margin=&#8221;|-25px|-25px|-25px|false|false&#8221; custom_margin_tablet=&#8221;&#8221; custom_margin_phone=&#8221;&#8221; custom_margin_last_edited=&#8221;on|desktop&#8221; custom_padding=&#8221;15px|25px|15px|25px|false|false&#8221; custom_padding_tablet=&#8221;&#8221; custom_padding_phone=&#8221;&#8221; custom_padding_last_edited=&#8221;on|desktop&#8221; animation_style=&#8221;fade&#8221; link_option_url=&#8221;https:\/\/incm.pt\/site\/wp-content\/uploads\/2025\/05\/Relatorio-Anual-de-Execucao-do-Plano-de-Prevencao-de-Riscos-de-Corrupcao-2024.pdf&#8221; link_option_url_new_window=&#8221;on&#8221; text_font_size_tablet=&#8221;&#8221; text_font_size_phone=&#8221;&#8221; text_font_size_last_edited=&#8221;on|desktop&#8221; text_letter_spacing_tablet=&#8221;&#8221; text_letter_spacing_phone=&#8221;&#8221; text_letter_spacing_last_edited=&#8221;on|desktop&#8221; locked=&#8221;off&#8221; global_colors_info=&#8221;{}&#8221;]<\/p>\n<p style=\"text-align: center;\"><span style=\"color: #b5a216; font-weight: bold;\">+<\/span>\u00a0Download PDF<\/p>\n<p>[\/et_pb_text][\/et_pb_column][\/et_pb_row][\/et_pb_section]<\/p>\n","protected":false},"excerpt":{"rendered":"<p>GEST\u00c3O DE RISCOSUMA GEST\u00c3O MAIS EFICIENTE PARA A UMA MAIOR PROTE\u00c7\u00c3O DOS ATIVOS. TRANSPAR\u00caNCIA. AN\u00c1LISE. RESULTADOS. Focada na seguran\u00e7a\u00a0e prote\u00e7\u00e3o dos seus ativos, a INCM assume a Gest\u00e3o de Riscos Corporativos como parte integrante da sua gest\u00e3o, com o prop\u00f3sito de promover uma cultura preventiva e de mitiga\u00e7\u00e3o de eventuais amea\u00e7as \u00e0s suas opera\u00e7\u00f5es e [&hellip;]<\/p>\n","protected":false},"author":1,"featured_media":501,"parent":0,"menu_order":0,"comment_status":"closed","ping_status":"closed","template":"","meta":{"_acf_changed":false,"_et_pb_use_builder":"on","_et_pb_old_content":"","_et_gb_content_width":"","footnotes":""},"class_list":["post-1777","page","type-page","status-publish","has-post-thumbnail","hentry"],"acf":[],"_links":{"self":[{"href":"https:\/\/incm.pt\/site\/wp-json\/wp\/v2\/pages\/1777","targetHints":{"allow":["GET"]}}],"collection":[{"href":"https:\/\/incm.pt\/site\/wp-json\/wp\/v2\/pages"}],"about":[{"href":"https:\/\/incm.pt\/site\/wp-json\/wp\/v2\/types\/page"}],"author":[{"embeddable":true,"href":"https:\/\/incm.pt\/site\/wp-json\/wp\/v2\/users\/1"}],"replies":[{"embeddable":true,"href":"https:\/\/incm.pt\/site\/wp-json\/wp\/v2\/comments?post=1777"}],"version-history":[{"count":6,"href":"https:\/\/incm.pt\/site\/wp-json\/wp\/v2\/pages\/1777\/revisions"}],"predecessor-version":[{"id":75479,"href":"https:\/\/incm.pt\/site\/wp-json\/wp\/v2\/pages\/1777\/revisions\/75479"}],"wp:featuredmedia":[{"embeddable":true,"href":"https:\/\/incm.pt\/site\/wp-json\/wp\/v2\/media\/501"}],"wp:attachment":[{"href":"https:\/\/incm.pt\/site\/wp-json\/wp\/v2\/media?parent=1777"}],"curies":[{"name":"wp","href":"https:\/\/api.w.org\/{rel}","templated":true}]}}