{"id":15207,"date":"2022-07-03T15:50:40","date_gmt":"2022-07-03T15:50:40","guid":{"rendered":"https:\/\/incm.pt\/site\/responsabilidad-cultural\/"},"modified":"2026-02-06T15:06:03","modified_gmt":"2026-02-06T15:06:03","slug":"responsabilidad-cultural","status":"publish","type":"page","link":"https:\/\/incm.pt\/site\/es\/responsabilidad-cultural\/","title":{"rendered":"Responsabilidad Cultural"},"content":{"rendered":"<p>[et_pb_section fb_built=&#8221;1&#8243; custom_padding_last_edited=&#8221;on|phone&#8221; _builder_version=&#8221;4.17.6&#8243; _module_preset=&#8221;default&#8221; background_image=&#8221;https:\/\/incm.pt\/site\/wp-content\/uploads\/2022\/07\/Responsabilidade-Cultural02.jpg&#8221; parallax=&#8221;on&#8221; background_enable_video_mp4=&#8221;off&#8221; transform_translate_linked=&#8221;off&#8221; min_height=&#8221;550px&#8221; custom_padding=&#8221;140px||140px||false|false&#8221; custom_padding_tablet=&#8221;&#8221; custom_padding_phone=&#8221;250px||250px||false|false&#8221; box_shadow_style=&#8221;preset3&#8243; global_colors_info=&#8221;{}&#8221;][\/et_pb_section][et_pb_section fb_built=&#8221;1&#8243; _builder_version=&#8221;4.17.4&#8243; _module_preset=&#8221;default&#8221; background_color=&#8221;#FFFFFF&#8221; background_enable_image=&#8221;off&#8221; parallax=&#8221;on&#8221; min_height=&#8221;706.3px&#8221; custom_margin=&#8221;||-56px|||&#8221; custom_padding=&#8221;0px||288px|||&#8221; global_colors_info=&#8221;{}&#8221;][et_pb_row module_id=&#8221;relatorios&#8221; _builder_version=&#8221;4.17.4&#8243; _module_preset=&#8221;default&#8221; width_tablet=&#8221;&#8221; width_phone=&#8221;&#8221; width_last_edited=&#8221;on|desktop&#8221; max_width=&#8221;100%&#8221; max_width_tablet=&#8221;100%&#8221; max_width_phone=&#8221;100%&#8221; max_width_last_edited=&#8221;on|desktop&#8221; global_colors_info=&#8221;{}&#8221;][et_pb_column type=&#8221;4_4&#8243; _builder_version=&#8221;4.16&#8243; _module_preset=&#8221;default&#8221; global_colors_info=&#8221;{}&#8221;][et_pb_text _builder_version=&#8221;4.18.0&#8243; _module_preset=&#8221;default&#8221; header_font=&#8221;Montserrat|700||on|||||&#8221; header_text_color=&#8221;#000000&#8243; header_font_size=&#8221;45px&#8221; header_letter_spacing=&#8221;5px&#8221; width_last_edited=&#8221;off|desktop&#8221; max_width=&#8221;60%&#8221; max_width_tablet=&#8221;100%&#8221; max_width_phone=&#8221;&#8221; max_width_last_edited=&#8221;on|desktop&#8221; custom_padding=&#8221;25px||0px||false|false&#8221; custom_padding_tablet=&#8221;&#8221; custom_padding_phone=&#8221;&#8221; custom_padding_last_edited=&#8221;on|desktop&#8221; animation_style=&#8221;fade&#8221; animation_direction=&#8221;bottom&#8221; header_font_size_tablet=&#8221;35px&#8221; header_font_size_phone=&#8221;25px&#8221; header_font_size_last_edited=&#8221;on|phone&#8221; header_letter_spacing_tablet=&#8221;3px&#8221; header_letter_spacing_phone=&#8221;0px&#8221; header_letter_spacing_last_edited=&#8221;on|desktop&#8221; header_line_height_tablet=&#8221;&#8221; header_line_height_phone=&#8221;1.2em&#8221; header_line_height_last_edited=&#8221;on|tablet&#8221; border_width_bottom=&#8221;5px&#8221; border_color_bottom=&#8221;#b5a216&#8243; global_colors_info=&#8221;{}&#8221;]<\/p>\n<h1>Responsabilidad Cultural<\/h1>\n<p>[\/et_pb_text][et_pb_text _builder_version=&#8221;4.19.5&#8243; _module_preset=&#8221;default&#8221; text_font=&#8221;Merriweather||||||||&#8221; text_text_color=&#8221;#af9828&#8243; text_font_size=&#8221;22px&#8221; text_letter_spacing=&#8221;3px&#8221; text_line_height=&#8221;1.5em&#8221; header_font_size=&#8221;32px&#8221; header_line_height=&#8221;1.4em&#8221; header_2_font_size=&#8221;32px&#8221; header_2_line_height=&#8221;1.4em&#8221; animation_style=&#8221;fade&#8221; text_font_size_tablet=&#8221;&#8221; text_font_size_phone=&#8221;&#8221; text_font_size_last_edited=&#8221;on|desktop&#8221; text_line_height_tablet=&#8221;&#8221; text_line_height_phone=&#8221;&#8221; text_line_height_last_edited=&#8221;on|desktop&#8221; header_font_size_tablet=&#8221;25px&#8221; header_font_size_phone=&#8221;20px&#8221; header_font_size_last_edited=&#8221;on|phone&#8221; header_line_height_tablet=&#8221;1.3em&#8221; header_line_height_phone=&#8221;1.2em&#8221; header_line_height_last_edited=&#8221;on|phone&#8221; header_2_font_size_tablet=&#8221;25px&#8221; header_2_font_size_phone=&#8221;20px&#8221; header_2_font_size_last_edited=&#8221;on|desktop&#8221; header_2_line_height_tablet=&#8221;1.3em&#8221; header_2_line_height_phone=&#8221;1.2em&#8221; header_2_line_height_last_edited=&#8221;on|phone&#8221; locked=&#8221;off&#8221; global_colors_info=&#8221;{}&#8221;]<\/p>\n<h2><span style=\"color: #c2aa33;\"><strong>UNO DE NUESTROS PILARES FUNDAMENTALES DE SOSTENIBILIDAD.<br \/>\nPORQUE EL FUTURO TAMBI\u00c9N SE HACE DE CULTURA.<\/strong><\/span><\/h2>\n<p>[\/et_pb_text][et_pb_text _builder_version=&#8221;4.27.5&#8243; _module_preset=&#8221;default&#8221; text_font=&#8221;Merriweather||||||||&#8221; text_text_color=&#8221;#333333&#8243; text_font_size=&#8221;22px&#8221; text_line_height=&#8221;1.5em&#8221; link_font=&#8221;|700|||||||&#8221; link_text_color=&#8221;#c2aa33&#8243; ul_line_height=&#8221;1.7em&#8221; custom_padding=&#8221;||0px|||&#8221; animation_style=&#8221;fade&#8221; hover_enabled=&#8221;0&#8243; text_font_size_tablet=&#8221;20px&#8221; text_font_size_phone=&#8221;18px&#8221; text_font_size_last_edited=&#8221;on|tablet&#8221; text_line_height_tablet=&#8221;&#8221; text_line_height_phone=&#8221;&#8221; text_line_height_last_edited=&#8221;on|desktop&#8221; ul_line_height_tablet=&#8221;1.7em&#8221; ul_line_height_phone=&#8221;1.7em&#8221; ul_line_height_last_edited=&#8221;on|desktop&#8221; locked=&#8221;off&#8221; global_colors_info=&#8221;{}&#8221; sticky_enabled=&#8221;0&#8243;]<\/p>\n<p><strong>En INCM \u2013 Imprensa Nacional Casa da Moeda estamos comprometidos en tener como misi\u00f3n la promoci\u00f3n y defensa de la lengua y la cultura portuguesa, y el importante papel que representa para la sociedad.<\/strong><\/p>\n<p>Para garantizar este compromiso, contamos con un plan de responsabilidad cultural, integrado en la Agenda de Sostenibilidad, al que se destina anualmente aproximadamente el 1% de nuestra facturaci\u00f3n, aplicado a la difusi\u00f3n de la lengua y la cultura portuguesa en Portugal y en todo el mundo, en el edici\u00f3n de obras esenciales, apoyando las artes, la literatura y la educaci\u00f3n y preservando y facilitando el acceso a nuestro patrimonio.<\/p>\n<p><strong>Imprensa Nacional, la marca editorial del INCM, adem\u00e1s de seguir una pol\u00edtica editorial complementaria al mercado del libro, tambi\u00e9n ha reforzado su compromiso con lo digital y la democratizaci\u00f3n, la inclusi\u00f3n y la equidad en el acceso a la lectura y la cultura. Un ejemplo de ello es su colecci\u00f3n de audiolibros, que permite a todos acceder a grandes cl\u00e1sicos de la lengua portuguesa, o la disponibilidad gratuita de varios t\u00edtulos en formato digital.<\/strong><\/p>\n<p><strong>El apoyo a la creaci\u00f3n literaria, en lengua portuguesa, se materializa en la promoci\u00f3n de siete Premios Literarios en las diversas geograf\u00edas de la lengua portuguesas y en los m\u00e1s diversos cuadrantes: de la prosa a la poes\u00eda, pasando por el ensayo y la traducci\u00f3n.<\/strong><\/p>\n<p><strong>Con la intenci\u00f3n de valorar la cultura y el arte nacional, en 2023 se cre\u00f3 el Premio de Arte INCM, que tiene como objetivo apoyar a los artistas portugueses mediante la adquisici\u00f3n de sus obras.<\/strong><\/p>\n<p><strong>Tambi\u00e9n buscamos promover una cultura de ciudadan\u00eda y de informaci\u00f3n a trav\u00e9s del Premio de Excelencia en Periodismo Vicente Jorge Silva y el Premio Di\u00e1rio da Rep\u00fablica.<\/strong><\/p>\n<p>El establecimiento de protocolos y alianzas con diversas instituciones \u2013 principalmente del \u00e1mbito de los operadores culturales p\u00fablicos, pero tambi\u00e9n privados \u2013, que comparten los principios b\u00e1sicos de la misi\u00f3n editorial del INCM, tambi\u00e9n ha contribuido a una din\u00e1mica que permite mejorar y ampliar la oferta editorial que plazas a disposici\u00f3n de los ciudadanos.<\/p>\n<p>A modo de ejemplo, los cat\u00e1logos de exposiciones de varios Museos y Palacios Nacionales forman parte de esta extraordinaria actividad editorial, a trav\u00e9s de un protocolo establecido con la Direcci\u00f3n General de Patrimonio Cultural.<\/p>\n<p>&nbsp;<\/p>\n<p>[\/et_pb_text][\/et_pb_column][\/et_pb_row][\/et_pb_section]<\/p>\n","protected":false},"excerpt":{"rendered":"<p>Responsabilidad CulturalUNO DE NUESTROS PILARES FUNDAMENTALES DE SOSTENIBILIDAD. PORQUE EL FUTURO TAMBI\u00c9N SE HACE DE CULTURA.En INCM \u2013 Imprensa Nacional Casa da Moeda estamos comprometidos en tener como misi\u00f3n la promoci\u00f3n y defensa de la lengua y la cultura portuguesa, y el importante papel que representa para la sociedad. Para garantizar este compromiso, contamos con [&hellip;]<\/p>\n","protected":false},"author":1,"featured_media":7448,"parent":0,"menu_order":0,"comment_status":"closed","ping_status":"closed","template":"","meta":{"_acf_changed":false,"_et_pb_use_builder":"on","_et_pb_old_content":"","_et_gb_content_width":"","footnotes":""},"class_list":["post-15207","page","type-page","status-publish","has-post-thumbnail","hentry"],"acf":[],"_links":{"self":[{"href":"https:\/\/incm.pt\/site\/es\/wp-json\/wp\/v2\/pages\/15207","targetHints":{"allow":["GET"]}}],"collection":[{"href":"https:\/\/incm.pt\/site\/es\/wp-json\/wp\/v2\/pages"}],"about":[{"href":"https:\/\/incm.pt\/site\/es\/wp-json\/wp\/v2\/types\/page"}],"author":[{"embeddable":true,"href":"https:\/\/incm.pt\/site\/es\/wp-json\/wp\/v2\/users\/1"}],"replies":[{"embeddable":true,"href":"https:\/\/incm.pt\/site\/es\/wp-json\/wp\/v2\/comments?post=15207"}],"version-history":[{"count":4,"href":"https:\/\/incm.pt\/site\/es\/wp-json\/wp\/v2\/pages\/15207\/revisions"}],"predecessor-version":[{"id":94936,"href":"https:\/\/incm.pt\/site\/es\/wp-json\/wp\/v2\/pages\/15207\/revisions\/94936"}],"wp:featuredmedia":[{"embeddable":true,"href":"https:\/\/incm.pt\/site\/es\/wp-json\/wp\/v2\/media\/7448"}],"wp:attachment":[{"href":"https:\/\/incm.pt\/site\/es\/wp-json\/wp\/v2\/media?parent=15207"}],"curies":[{"name":"wp","href":"https:\/\/api.w.org\/{rel}","templated":true}]}}