{"id":15204,"date":"2022-07-03T17:47:33","date_gmt":"2022-07-03T17:47:33","guid":{"rendered":"https:\/\/incm.pt\/site\/responsabilidad-social\/"},"modified":"2023-05-26T20:13:32","modified_gmt":"2023-05-26T20:13:32","slug":"responsabilidad-social","status":"publish","type":"page","link":"https:\/\/incm.pt\/site\/es\/responsabilidad-social\/","title":{"rendered":"Responsabilidad Social"},"content":{"rendered":"<p>[et_pb_section fb_built=&#8221;1&#8243; custom_padding_last_edited=&#8221;on|phone&#8221; _builder_version=&#8221;4.17.4&#8243; _module_preset=&#8221;default&#8221; background_enable_image=&#8221;off&#8221; parallax=&#8221;on&#8221; background_video_mp4=&#8221;https:\/\/incm.pt\/site\/wp-content\/uploads\/2022\/07\/incm-responsabilidade-social-1.mp4&#8243; transform_translate_linked=&#8221;off&#8221; min_height=&#8221;550px&#8221; custom_padding=&#8221;140px||140px||false|false&#8221; custom_padding_tablet=&#8221;&#8221; custom_padding_phone=&#8221;250px||250px||false|false&#8221; box_shadow_style=&#8221;preset3&#8243; global_colors_info=&#8221;{}&#8221;][\/et_pb_section][et_pb_section fb_built=&#8221;1&#8243; _builder_version=&#8221;4.17.4&#8243; _module_preset=&#8221;default&#8221; background_color=&#8221;#FFFFFF&#8221; background_enable_image=&#8221;off&#8221; parallax=&#8221;on&#8221; min_height=&#8221;706.3px&#8221; custom_margin=&#8221;||-56px|||&#8221; custom_padding=&#8221;0px|||||&#8221; global_colors_info=&#8221;{}&#8221;][et_pb_row module_id=&#8221;relatorios&#8221; _builder_version=&#8221;4.17.4&#8243; _module_preset=&#8221;default&#8221; width_tablet=&#8221;&#8221; width_phone=&#8221;&#8221; width_last_edited=&#8221;on|desktop&#8221; max_width=&#8221;100%&#8221; max_width_tablet=&#8221;100%&#8221; max_width_phone=&#8221;100%&#8221; max_width_last_edited=&#8221;on|desktop&#8221; global_colors_info=&#8221;{}&#8221;][et_pb_column type=&#8221;4_4&#8243; _builder_version=&#8221;4.16&#8243; _module_preset=&#8221;default&#8221; global_colors_info=&#8221;{}&#8221;][et_pb_text _builder_version=&#8221;4.18.0&#8243; _module_preset=&#8221;default&#8221; header_font=&#8221;Montserrat|700||on|||||&#8221; header_text_color=&#8221;#000000&#8243; header_font_size=&#8221;45px&#8221; header_letter_spacing=&#8221;5px&#8221; width_last_edited=&#8221;off|desktop&#8221; max_width=&#8221;60%&#8221; max_width_tablet=&#8221;100%&#8221; max_width_phone=&#8221;&#8221; max_width_last_edited=&#8221;on|desktop&#8221; custom_padding=&#8221;25px||0px||false|false&#8221; custom_padding_tablet=&#8221;&#8221; custom_padding_phone=&#8221;&#8221; custom_padding_last_edited=&#8221;on|desktop&#8221; animation_style=&#8221;fade&#8221; animation_direction=&#8221;bottom&#8221; header_font_size_tablet=&#8221;35px&#8221; header_font_size_phone=&#8221;25px&#8221; header_font_size_last_edited=&#8221;on|phone&#8221; header_letter_spacing_tablet=&#8221;3px&#8221; header_letter_spacing_phone=&#8221;0px&#8221; header_letter_spacing_last_edited=&#8221;on|desktop&#8221; header_line_height_tablet=&#8221;&#8221; header_line_height_phone=&#8221;1.2em&#8221; header_line_height_last_edited=&#8221;on|tablet&#8221; border_width_bottom=&#8221;5px&#8221; border_color_bottom=&#8221;#b5a216&#8243; global_colors_info=&#8221;{}&#8221;]<\/p>\n<h1>Responsabilidad Social<\/h1>\n<p>[\/et_pb_text][et_pb_text _builder_version=&#8221;4.19.5&#8243; _module_preset=&#8221;default&#8221; text_font=&#8221;Merriweather||||||||&#8221; text_text_color=&#8221;#af9828&#8243; text_font_size=&#8221;22px&#8221; text_letter_spacing=&#8221;3px&#8221; text_line_height=&#8221;1.5em&#8221; header_font_size=&#8221;32px&#8221; header_line_height=&#8221;1.4em&#8221; animation_style=&#8221;fade&#8221; hover_enabled=&#8221;0&#8243; text_font_size_tablet=&#8221;&#8221; text_font_size_phone=&#8221;&#8221; text_font_size_last_edited=&#8221;on|desktop&#8221; text_line_height_tablet=&#8221;&#8221; text_line_height_phone=&#8221;&#8221; text_line_height_last_edited=&#8221;on|desktop&#8221; header_font_size_tablet=&#8221;25px&#8221; header_font_size_phone=&#8221;20px&#8221; header_font_size_last_edited=&#8221;on|phone&#8221; header_line_height_tablet=&#8221;1.3em&#8221; header_line_height_phone=&#8221;1.2em&#8221; header_line_height_last_edited=&#8221;on|phone&#8221; locked=&#8221;off&#8221; global_colors_info=&#8221;{}&#8221; header_2_font_size_last_edited=&#8221;on|desktop&#8221; header_2_line_height_last_edited=&#8221;on|phone&#8221; header_2_font_size=&#8221;32px&#8221; header_2_line_height=&#8221;1.4em&#8221; sticky_enabled=&#8221;0&#8243; header_2_font_size_tablet=&#8221;25px&#8221; header_2_line_height_tablet=&#8221;1.3em&#8221; header_2_line_height_phone=&#8221;1.2em&#8221; header_2_font_size_phone=&#8221;20px&#8221;]<\/p>\n<h2><span style=\"color: #c2aa33;\"><strong>TRABAJAMOS CON LAS PERSONAS Y PARA LAS PERSONAS, POR UNA SOCIEDAD M\u00c1S JUSTA Y SOLIDARIA.<br \/>\nESTE ES NUESTRO MAYOR COMPROMISO.<\/strong><\/span><\/h2>\n<p>[\/et_pb_text][et_pb_text _builder_version=&#8221;4.19.5&#8243; _module_preset=&#8221;default&#8221; text_font=&#8221;Merriweather||||||||&#8221; text_text_color=&#8221;#333333&#8243; text_font_size=&#8221;22px&#8221; text_line_height=&#8221;1.5em&#8221; link_font=&#8221;|700|||||||&#8221; link_text_color=&#8221;#c2aa33&#8243; ul_line_height=&#8221;1.7em&#8221; custom_padding=&#8221;||3px|||&#8221; animation_style=&#8221;fade&#8221; text_font_size_tablet=&#8221;20px&#8221; text_font_size_phone=&#8221;18px&#8221; text_font_size_last_edited=&#8221;on|tablet&#8221; text_line_height_tablet=&#8221;&#8221; text_line_height_phone=&#8221;&#8221; text_line_height_last_edited=&#8221;on|desktop&#8221; ul_line_height_tablet=&#8221;1.7em&#8221; ul_line_height_phone=&#8221;1.7em&#8221; ul_line_height_last_edited=&#8221;on|desktop&#8221; locked=&#8221;off&#8221; global_colors_info=&#8221;{}&#8221;]<\/p>\n<p>La responsabilidad social de la INCM, basada en sus valores y legado hist\u00f3rico y en una cultura de apoyo y participaci\u00f3n activa en la comunidad, busca marcar la diferencia y contribuir a una sociedad m\u00e1s justa y solidaria.<\/p>\n<p>Para cumplir con este prop\u00f3sito, la INCM, a trav\u00e9s de su Bolsa de Voluntariado, promueve acciones peri\u00f3dicas de voluntariado corporativo que posibiliten el involucramiento y participaci\u00f3n de todos los trabajadores y trabajadoras, as\u00ed como de familiares, jubilados y socios de la empresa, en iniciativas con impacto en la comunidad.<\/p>\n<p>Adem\u00e1s de la actividad que desarrolla con la Bolsa de Voluntarios de la INCM, la empresa tambi\u00e9n desarrolla proyectos especiales de intervenci\u00f3n social basados \u200b\u200ben sus capacidades \u00fanicas, como soluciones de identificaci\u00f3n para el tercer sector o la producci\u00f3n de monedas y libros solidarios, que contribuyen con parte de sus ingresos para apoyar causas e instituciones, adem\u00e1s de acciones ocasionales de emergencia social, a trav\u00e9s de alianzas con organizaciones calificadas.<\/p>\n<p>INCM busca alinear sus iniciativas y acciones de responsabilidad social con la misi\u00f3n, visi\u00f3n, valores y lineamientos estrat\u00e9gicos de la empresa, as\u00ed como con sus diversas \u00e1reas de actuaci\u00f3n, teniendo en cuenta los siguientes criterios:<\/p>\n<p>&#8211; Desarrollo de sus trabajadores y trabajadoras y sus respectivas competencias ciudadanas;<\/p>\n<p>&#8211; Servicio al ciudadano;<\/p>\n<p>&#8211; Promoci\u00f3n de la lengua y cultura portuguesas;<\/p>\n<p>&#8211; Desenvolvimiento sustentable;<\/p>\n<p>&#8211; Desarrollo de proyectos de innovaci\u00f3n social.<\/p>\n<p>INCM tambi\u00e9n est\u00e1 asociado a GRACE \u2013 Empresas Responsables, donde forma parte del Cl\u00faster de Ciudadan\u00eda y Voluntariado.<\/p>\n<p>Cualquier duda relacionada con la responsabilidad social, as\u00ed como las solicitudes de aclaraci\u00f3n, deber\u00e1n comunicarse al correo electr\u00f3nico: <a href=\"mailto:incm.solidaria@incm.pt\">incm.solidaria@incm.pt<\/a><\/p>\n<p>[\/et_pb_text][\/et_pb_column][\/et_pb_row][\/et_pb_section]<\/p>\n","protected":false},"excerpt":{"rendered":"<p>Responsabilidad SocialTRABAJAMOS CON LAS PERSONAS Y PARA LAS PERSONAS, POR UNA SOCIEDAD M\u00c1S JUSTA Y SOLIDARIA. ESTE ES NUESTRO MAYOR COMPROMISO.La responsabilidad social de la INCM, basada en sus valores y legado hist\u00f3rico y en una cultura de apoyo y participaci\u00f3n activa en la comunidad, busca marcar la diferencia y contribuir a una sociedad m\u00e1s [&hellip;]<\/p>\n","protected":false},"author":1,"featured_media":7396,"parent":0,"menu_order":0,"comment_status":"closed","ping_status":"closed","template":"","meta":{"_acf_changed":false,"_et_pb_use_builder":"on","_et_pb_old_content":"","_et_gb_content_width":"","footnotes":""},"class_list":["post-15204","page","type-page","status-publish","has-post-thumbnail","hentry"],"acf":[],"_links":{"self":[{"href":"https:\/\/incm.pt\/site\/es\/wp-json\/wp\/v2\/pages\/15204","targetHints":{"allow":["GET"]}}],"collection":[{"href":"https:\/\/incm.pt\/site\/es\/wp-json\/wp\/v2\/pages"}],"about":[{"href":"https:\/\/incm.pt\/site\/es\/wp-json\/wp\/v2\/types\/page"}],"author":[{"embeddable":true,"href":"https:\/\/incm.pt\/site\/es\/wp-json\/wp\/v2\/users\/1"}],"replies":[{"embeddable":true,"href":"https:\/\/incm.pt\/site\/es\/wp-json\/wp\/v2\/comments?post=15204"}],"version-history":[{"count":0,"href":"https:\/\/incm.pt\/site\/es\/wp-json\/wp\/v2\/pages\/15204\/revisions"}],"wp:featuredmedia":[{"embeddable":true,"href":"https:\/\/incm.pt\/site\/es\/wp-json\/wp\/v2\/media\/7396"}],"wp:attachment":[{"href":"https:\/\/incm.pt\/site\/es\/wp-json\/wp\/v2\/media?parent=15204"}],"curies":[{"name":"wp","href":"https:\/\/api.w.org\/{rel}","templated":true}]}}