{"id":15201,"date":"2022-07-03T15:58:00","date_gmt":"2022-07-03T15:58:00","guid":{"rendered":"https:\/\/incm.pt\/site\/responsabilidad-ambiental\/"},"modified":"2025-12-29T12:02:00","modified_gmt":"2025-12-29T12:02:00","slug":"responsabilidad-ambiental","status":"publish","type":"page","link":"https:\/\/incm.pt\/site\/es\/responsabilidad-ambiental\/","title":{"rendered":"Responsabilidad Ambiental"},"content":{"rendered":"<p>[et_pb_section fb_built=&#8221;1&#8243; custom_padding_last_edited=&#8221;on|phone&#8221; _builder_version=&#8221;4.17.4&#8243; _module_preset=&#8221;default&#8221; background_enable_image=&#8221;off&#8221; parallax=&#8221;on&#8221; background_video_mp4=&#8221;https:\/\/incm.pt\/site\/wp-content\/uploads\/2022\/07\/incm-responsabilidade-ambiental-2.mp4&#8243; transform_translate_linked=&#8221;off&#8221; min_height=&#8221;550px&#8221; custom_padding=&#8221;140px||140px||false|false&#8221; custom_padding_tablet=&#8221;&#8221; custom_padding_phone=&#8221;250px||250px||false|false&#8221; box_shadow_style=&#8221;preset3&#8243; locked=&#8221;off&#8221; global_colors_info=&#8221;{}&#8221;][\/et_pb_section][et_pb_section fb_built=&#8221;1&#8243; _builder_version=&#8221;4.17.4&#8243; _module_preset=&#8221;default&#8221; background_color=&#8221;#FFFFFF&#8221; background_enable_image=&#8221;off&#8221; parallax=&#8221;on&#8221; min_height=&#8221;706.3px&#8221; custom_margin=&#8221;||-56px|||&#8221; custom_padding=&#8221;0px|||||&#8221; global_colors_info=&#8221;{}&#8221;][et_pb_row module_id=&#8221;relatorios&#8221; _builder_version=&#8221;4.17.4&#8243; _module_preset=&#8221;default&#8221; width_tablet=&#8221;&#8221; width_phone=&#8221;&#8221; width_last_edited=&#8221;on|desktop&#8221; max_width=&#8221;100%&#8221; max_width_tablet=&#8221;100%&#8221; max_width_phone=&#8221;100%&#8221; max_width_last_edited=&#8221;on|desktop&#8221; global_colors_info=&#8221;{}&#8221;][et_pb_column type=&#8221;4_4&#8243; _builder_version=&#8221;4.16&#8243; _module_preset=&#8221;default&#8221; global_colors_info=&#8221;{}&#8221;][et_pb_text _builder_version=&#8221;4.18.0&#8243; _module_preset=&#8221;default&#8221; header_font=&#8221;Montserrat|700||on|||||&#8221; header_text_color=&#8221;#000000&#8243; header_font_size=&#8221;45px&#8221; header_letter_spacing=&#8221;5px&#8221; width_last_edited=&#8221;off|desktop&#8221; max_width=&#8221;60%&#8221; max_width_tablet=&#8221;100%&#8221; max_width_phone=&#8221;&#8221; max_width_last_edited=&#8221;on|desktop&#8221; custom_padding=&#8221;25px||0px||false|false&#8221; custom_padding_tablet=&#8221;&#8221; custom_padding_phone=&#8221;&#8221; custom_padding_last_edited=&#8221;on|desktop&#8221; animation_style=&#8221;fade&#8221; animation_direction=&#8221;bottom&#8221; header_font_size_tablet=&#8221;35px&#8221; header_font_size_phone=&#8221;25px&#8221; header_font_size_last_edited=&#8221;on|phone&#8221; header_letter_spacing_tablet=&#8221;3px&#8221; header_letter_spacing_phone=&#8221;0px&#8221; header_letter_spacing_last_edited=&#8221;on|desktop&#8221; header_line_height_tablet=&#8221;&#8221; header_line_height_phone=&#8221;1.2em&#8221; header_line_height_last_edited=&#8221;on|tablet&#8221; border_width_bottom=&#8221;5px&#8221; border_color_bottom=&#8221;#b5a216&#8243; global_colors_info=&#8221;{}&#8221;]<\/p>\n<h1>Responsabilidad Ambiental<\/h1>\n<p>[\/et_pb_text][et_pb_text _builder_version=&#8221;4.19.5&#8243; _module_preset=&#8221;default&#8221; text_font=&#8221;Merriweather||||||||&#8221; text_text_color=&#8221;#af9828&#8243; text_font_size=&#8221;22px&#8221; text_letter_spacing=&#8221;3px&#8221; text_line_height=&#8221;1.5em&#8221; header_font_size=&#8221;32px&#8221; header_line_height=&#8221;1.4em&#8221; header_2_font_size=&#8221;32px&#8221; header_2_line_height=&#8221;1.4em&#8221; animation_style=&#8221;fade&#8221; text_font_size_tablet=&#8221;&#8221; text_font_size_phone=&#8221;&#8221; text_font_size_last_edited=&#8221;on|desktop&#8221; text_line_height_tablet=&#8221;&#8221; text_line_height_phone=&#8221;&#8221; text_line_height_last_edited=&#8221;on|desktop&#8221; header_font_size_tablet=&#8221;25px&#8221; header_font_size_phone=&#8221;20px&#8221; header_font_size_last_edited=&#8221;on|phone&#8221; header_line_height_tablet=&#8221;1.3em&#8221; header_line_height_phone=&#8221;1.2em&#8221; header_line_height_last_edited=&#8221;on|phone&#8221; header_2_font_size_tablet=&#8221;25px&#8221; header_2_font_size_phone=&#8221;20px&#8221; header_2_font_size_last_edited=&#8221;on|desktop&#8221; header_2_line_height_tablet=&#8221;1.3em&#8221; header_2_line_height_phone=&#8221;1.2em&#8221; header_2_line_height_last_edited=&#8221;on|desktop&#8221; locked=&#8221;off&#8221; global_colors_info=&#8221;{}&#8221;]<\/p>\n<h2><span style=\"color: #c2aa33;\"><strong>LA PROTECCI\u00d3N DEL MEDIO AMBIENTE ES UNA PRIORIDAD.<br \/>\nLO QUE HACEMOS HOY ES UN LEGADO PARA LAS GENERACIONES FUTURAS.<\/strong><\/span><\/h2>\n<p>[\/et_pb_text][et_pb_text _builder_version=&#8221;4.19.0&#8243; _module_preset=&#8221;default&#8221; text_font=&#8221;Merriweather||||||||&#8221; text_text_color=&#8221;#333333&#8243; text_font_size=&#8221;22px&#8221; text_line_height=&#8221;1.5em&#8221; link_font=&#8221;|700|||||||&#8221; link_text_color=&#8221;#c2aa33&#8243; ul_line_height=&#8221;1.7em&#8221; animation_style=&#8221;fade&#8221; text_font_size_tablet=&#8221;20px&#8221; text_font_size_phone=&#8221;18px&#8221; text_font_size_last_edited=&#8221;on|tablet&#8221; text_line_height_tablet=&#8221;&#8221; text_line_height_phone=&#8221;&#8221; text_line_height_last_edited=&#8221;on|desktop&#8221; ul_line_height_tablet=&#8221;1.7em&#8221; ul_line_height_phone=&#8221;1.7em&#8221; ul_line_height_last_edited=&#8221;on|desktop&#8221; locked=&#8221;off&#8221; global_colors_info=&#8221;{}&#8221;]<\/p>\n<p>Los recursos naturales deben conservarse y administrarse de manera sostenible, especialmente aquellos que no son renovables o son esenciales para la vida. Para ello, se deben implementar acciones para minimizar los impactos negativos en el aire, el agua y el suelo, preservar la biodiversidad, proteger y mejorar la calidad del medio ambiente y promover la producci\u00f3n y el consumo responsables. Proteger el medio ambiente es un deber de todos.<\/p>\n<p>Esta visi\u00f3n y responsabilidad ambiental es quiz\u00e1s m\u00e1s relevante hoy que nunca, en un contexto en el que el planeta y la humanidad se enfrentan a la insostenibilidad de su modelo de crecimiento socioecon\u00f3mico y a la necesidad de un cambio de comportamiento, como lo demuestran los Objetivos de Desarrollo Sostenible (ODS) de la Organizaci\u00f3n de las Naciones Unidas (ONU).<\/p>\n<p>Para la INCM, la responsabilidad ambiental es un compromiso transversal a todas sus \u00e1reas de actuaci\u00f3n e incluye la prevenci\u00f3n de la contaminaci\u00f3n y la protecci\u00f3n de los recursos, asegurando el cumplimiento de todas las obligaciones de cumplimiento y dem\u00e1s requisitos legales, la mejora continua y el alineamiento de los lineamientos estrat\u00e9gicos de la empresa con los ODS y respectivas metas.<\/p>\n<p><strong>Econom\u00eda Circular<\/strong><\/p>\n<p>En INCM, creemos que la transici\u00f3n a una econom\u00eda circular es esencial para garantizar un futuro m\u00e1s sostenible, resiliente y seguro, donde se preserve el valor de los recursos y se minimicen los residuos. Este compromiso se traduce en la integraci\u00f3n de principios circulares en toda nuestra cadena de valor, promoviendo el uso responsable de las materias primas, la recuperaci\u00f3n de residuos y el desarrollo de soluciones innovadoras que no solo prolongan el ciclo de vida de los materiales, sino que tambi\u00e9n reducen el impacto ambiental de nuestras operaciones.<\/p>\n<p>En los \u00faltimos a\u00f1os, INCM ha fortalecido la adopci\u00f3n de pr\u00e1cticas que impulsan la transici\u00f3n de un modelo de producci\u00f3n lineal a un modelo regenerativo y eficiente, alineado con la jerarqu\u00eda de residuos. Este enfoque incluye la incorporaci\u00f3n de materiales reciclados en los productos, la implementaci\u00f3n de procesos que priorizan la reutilizaci\u00f3n y el reciclaje, y el desarrollo de proyectos innovadores que buscan no solo transformar los residuos en nuevos recursos, sino tambi\u00e9n promover la log\u00edstica circular.<\/p>\n<p><strong>Cambio Clim\u00e1tico<\/strong><\/p>\n<p>En INCM, reconocemos que el cambio clim\u00e1tico es uno de los mayores desaf\u00edos de nuestro tiempo y requiere una respuesta colectiva. Comprometidos con la sostenibilidad, asumimos la responsabilidad de reducir el impacto clim\u00e1tico de nuestras actividades y contribuir a un futuro m\u00e1s responsable y resiliente. Alineamos nuestras acciones con los objetivos del Acuerdo de Par\u00eds y los de la Uni\u00f3n Europea, integrando la perspectiva clim\u00e1tica en la planificaci\u00f3n estrat\u00e9gica y la gesti\u00f3n de operaciones. Trabajamos para reducir nuestra huella de carbono, aumentar la eficiencia energ\u00e9tica y acelerar la transici\u00f3n a fuentes de energ\u00eda renovables, promoviendo una operaci\u00f3n m\u00e1s eficiente y baja en carbono.<\/p>\n<p>En los \u00faltimos a\u00f1os, hemos reforzado la adopci\u00f3n de medidas para mitigar el cambio clim\u00e1tico. Este compromiso se traduce en acciones concretas, como la electrificaci\u00f3n progresiva de la flota, la reducci\u00f3n del consumo de energ\u00eda y combustibles f\u00f3siles, la implementaci\u00f3n de tecnolog\u00edas m\u00e1s eficientes y la optimizaci\u00f3n de recursos.<\/p>\n<p>El an\u00e1lisis de la huella de carbono nos permite identificar las principales fuentes de emisiones, definir objetivos de reducci\u00f3n m\u00e1s estrictos e implementar soluciones que impulsen la descarbonizaci\u00f3n.<\/p>\n<p>Buscamos alinearnos con las expectativas de nuestros grupos de inter\u00e9s y nos comprometemos a promover soluciones que contribuyan a la transici\u00f3n hacia una econom\u00eda baja en carbono.<\/p>\n<p>[\/et_pb_text][et_pb_text _builder_version=&#8221;4.27.4&#8243; _module_preset=&#8221;default&#8221; text_font=&#8221;Poppins||||||||&#8221; text_text_color=&#8221;#FFFFFF&#8221; text_font_size=&#8221;22px&#8221; text_letter_spacing=&#8221;2px&#8221; background_color=&#8221;#000000&#8243; text_orientation=&#8221;right&#8221; width=&#8221;85%&#8221; width_tablet=&#8221;100%&#8221; width_phone=&#8221;100%&#8221; width_last_edited=&#8221;on|tablet&#8221; module_alignment=&#8221;center&#8221; custom_margin=&#8221;||||false|false&#8221; custom_margin_last_edited=&#8221;off|desktop&#8221; custom_padding=&#8221;15px|25px|15px|25px|false|false&#8221; custom_padding_tablet=&#8221;&#8221; custom_padding_phone=&#8221;&#8221; custom_padding_last_edited=&#8221;on|desktop&#8221; animation_style=&#8221;fade&#8221; link_option_url=&#8221;https:\/\/incm.pt\/site\/wp-content\/uploads\/2025\/09\/Relatorio_Ambiental_2024.pdf&#8221; link_option_url_new_window=&#8221;on&#8221; text_font_size_tablet=&#8221;&#8221; text_font_size_phone=&#8221;&#8221; text_font_size_last_edited=&#8221;on|desktop&#8221; text_letter_spacing_tablet=&#8221;&#8221; text_letter_spacing_phone=&#8221;&#8221; text_letter_spacing_last_edited=&#8221;on|desktop&#8221; locked=&#8221;off&#8221; global_colors_info=&#8221;{}&#8221;]<\/p>\n<p style=\"text-align: center;\"><span style=\"color: #b5a216; font-weight: bold;\">+<\/span> Informe Ambiental 2024<\/p>\n<p>[\/et_pb_text][et_pb_text _builder_version=&#8221;4.26.0&#8243; _module_preset=&#8221;default&#8221; text_font=&#8221;Poppins||||||||&#8221; text_text_color=&#8221;#FFFFFF&#8221; text_font_size=&#8221;22px&#8221; text_letter_spacing=&#8221;2px&#8221; background_color=&#8221;#000000&#8243; text_orientation=&#8221;right&#8221; width=&#8221;85%&#8221; width_tablet=&#8221;100%&#8221; width_phone=&#8221;100%&#8221; width_last_edited=&#8221;on|tablet&#8221; module_alignment=&#8221;center&#8221; custom_margin=&#8221;||||false|false&#8221; custom_margin_last_edited=&#8221;off|desktop&#8221; custom_padding=&#8221;15px|25px|15px|25px|false|false&#8221; custom_padding_tablet=&#8221;&#8221; custom_padding_phone=&#8221;&#8221; custom_padding_last_edited=&#8221;on|desktop&#8221; animation_style=&#8221;fade&#8221; link_option_url=&#8221;https:\/\/incm.pt\/site\/wp-content\/uploads\/2024\/07\/Relatorio_Ambiental_2023.pdf&#8221; link_option_url_new_window=&#8221;on&#8221; text_font_size_tablet=&#8221;&#8221; text_font_size_phone=&#8221;&#8221; text_font_size_last_edited=&#8221;on|desktop&#8221; text_letter_spacing_tablet=&#8221;&#8221; text_letter_spacing_phone=&#8221;&#8221; text_letter_spacing_last_edited=&#8221;on|desktop&#8221; locked=&#8221;off&#8221; global_colors_info=&#8221;{}&#8221;]<\/p>\n<p style=\"text-align: center;\"><span style=\"color: #b5a216; font-weight: bold;\">+<\/span> Informe Ambiental 2023<\/p>\n<p>[\/et_pb_text][et_pb_text _builder_version=&#8221;4.26.0&#8243; _module_preset=&#8221;default&#8221; text_font=&#8221;Poppins||||||||&#8221; text_text_color=&#8221;#FFFFFF&#8221; text_font_size=&#8221;22px&#8221; text_letter_spacing=&#8221;2px&#8221; background_color=&#8221;#000000&#8243; text_orientation=&#8221;right&#8221; width=&#8221;85%&#8221; width_tablet=&#8221;100%&#8221; width_phone=&#8221;100%&#8221; width_last_edited=&#8221;on|tablet&#8221; module_alignment=&#8221;center&#8221; custom_margin=&#8221;||||false|false&#8221; custom_margin_last_edited=&#8221;off|desktop&#8221; custom_padding=&#8221;15px|25px|15px|25px|false|false&#8221; custom_padding_tablet=&#8221;&#8221; custom_padding_phone=&#8221;&#8221; custom_padding_last_edited=&#8221;on|desktop&#8221; animation_style=&#8221;fade&#8221; link_option_url=&#8221;https:\/\/incm.pt\/site\/wp-content\/uploads\/2023\/04\/Relatorio_Ambiental_2022.pdf&#8221; link_option_url_new_window=&#8221;on&#8221; text_font_size_tablet=&#8221;&#8221; text_font_size_phone=&#8221;&#8221; text_font_size_last_edited=&#8221;on|desktop&#8221; text_letter_spacing_tablet=&#8221;&#8221; text_letter_spacing_phone=&#8221;&#8221; text_letter_spacing_last_edited=&#8221;on|desktop&#8221; locked=&#8221;off&#8221; global_colors_info=&#8221;{}&#8221;]<\/p>\n<p style=\"text-align: center;\"><span style=\"color: #b5a216; font-weight: bold;\">+<\/span> Informe Ambiental 2022<\/p>\n<p>[\/et_pb_text][et_pb_text _builder_version=&#8221;4.27.4&#8243; _module_preset=&#8221;default&#8221; text_font=&#8221;Poppins||||||||&#8221; text_text_color=&#8221;#FFFFFF&#8221; text_font_size=&#8221;22px&#8221; text_letter_spacing=&#8221;2px&#8221; background_color=&#8221;#000000&#8243; text_orientation=&#8221;right&#8221; width=&#8221;85%&#8221; width_tablet=&#8221;100%&#8221; width_phone=&#8221;100%&#8221; width_last_edited=&#8221;on|tablet&#8221; module_alignment=&#8221;center&#8221; custom_margin_last_edited=&#8221;off|desktop&#8221; custom_padding=&#8221;15px|25px|15px|25px|false|false&#8221; custom_padding_tablet=&#8221;&#8221; custom_padding_phone=&#8221;&#8221; custom_padding_last_edited=&#8221;on|desktop&#8221; animation_style=&#8221;fade&#8221; link_option_url=&#8221;https:\/\/incm.pt\/site\/wp-content\/uploads\/2025\/04\/Boas_Praticas_Ambientais.pdf&#8221; link_option_url_new_window=&#8221;on&#8221; text_font_size_tablet=&#8221;&#8221; text_font_size_phone=&#8221;&#8221; text_font_size_last_edited=&#8221;on|desktop&#8221; text_letter_spacing_tablet=&#8221;&#8221; text_letter_spacing_phone=&#8221;&#8221; text_letter_spacing_last_edited=&#8221;on|desktop&#8221; locked=&#8221;off&#8221; global_colors_info=&#8221;{}&#8221;]<\/p>\n<p style=\"text-align: center;\"><span style=\"color: #b5a216; font-weight: bold;\">+<\/span> <span>Buenas Pr\u00e1cticas Ambientales<\/span><\/p>\n<p>[\/et_pb_text][\/et_pb_column][\/et_pb_row][\/et_pb_section]<\/p>\n","protected":false},"excerpt":{"rendered":"<p>Responsabilidad AmbientalLA PROTECCI\u00d3N DEL MEDIO AMBIENTE ES UNA PRIORIDAD. LO QUE HACEMOS HOY ES UN LEGADO PARA LAS GENERACIONES FUTURAS.Los recursos naturales deben conservarse y administrarse de manera sostenible, especialmente aquellos que no son renovables o son esenciales para la vida. Para ello, se deben implementar acciones para minimizar los impactos negativos en el aire, [&hellip;]<\/p>\n","protected":false},"author":1,"featured_media":6900,"parent":0,"menu_order":0,"comment_status":"closed","ping_status":"closed","template":"","meta":{"_acf_changed":false,"_et_pb_use_builder":"on","_et_pb_old_content":"","_et_gb_content_width":"","footnotes":""},"class_list":["post-15201","page","type-page","status-publish","has-post-thumbnail","hentry"],"acf":[],"_links":{"self":[{"href":"https:\/\/incm.pt\/site\/es\/wp-json\/wp\/v2\/pages\/15201","targetHints":{"allow":["GET"]}}],"collection":[{"href":"https:\/\/incm.pt\/site\/es\/wp-json\/wp\/v2\/pages"}],"about":[{"href":"https:\/\/incm.pt\/site\/es\/wp-json\/wp\/v2\/types\/page"}],"author":[{"embeddable":true,"href":"https:\/\/incm.pt\/site\/es\/wp-json\/wp\/v2\/users\/1"}],"replies":[{"embeddable":true,"href":"https:\/\/incm.pt\/site\/es\/wp-json\/wp\/v2\/comments?post=15201"}],"version-history":[{"count":8,"href":"https:\/\/incm.pt\/site\/es\/wp-json\/wp\/v2\/pages\/15201\/revisions"}],"predecessor-version":[{"id":78928,"href":"https:\/\/incm.pt\/site\/es\/wp-json\/wp\/v2\/pages\/15201\/revisions\/78928"}],"wp:featuredmedia":[{"embeddable":true,"href":"https:\/\/incm.pt\/site\/es\/wp-json\/wp\/v2\/media\/6900"}],"wp:attachment":[{"href":"https:\/\/incm.pt\/site\/es\/wp-json\/wp\/v2\/media?parent=15201"}],"curies":[{"name":"wp","href":"https:\/\/api.w.org\/{rel}","templated":true}]}}