{"id":15151,"date":"2022-04-01T17:46:51","date_gmt":"2022-04-01T17:46:51","guid":{"rendered":"https:\/\/incm.pt\/site\/regimen-juridico\/"},"modified":"2026-04-07T08:58:16","modified_gmt":"2026-04-07T08:58:16","slug":"regimen-juridico","status":"publish","type":"page","link":"https:\/\/incm.pt\/site\/es\/regimen-juridico\/","title":{"rendered":"R\u00e9gimen Jur\u00eddico"},"content":{"rendered":"<p>[et_pb_section fb_built=&#8221;1&#8243; custom_padding_last_edited=&#8221;on|phone&#8221; _builder_version=&#8221;4.19.0&#8243; _module_preset=&#8221;default&#8221; background_image=&#8221;https:\/\/incm.pt\/site\/wp-content\/uploads\/2022\/07\/Regime-Juridico.jpg&#8221; parallax=&#8221;on&#8221; min_height=&#8221;550px&#8221; custom_padding=&#8221;140px||140px||false|false&#8221; custom_padding_tablet=&#8221;&#8221; custom_padding_phone=&#8221;250px||250px||false|false&#8221; box_shadow_style=&#8221;preset3&#8243; global_colors_info=&#8221;{}&#8221;][\/et_pb_section][et_pb_section fb_built=&#8221;1&#8243; _builder_version=&#8221;4.16&#8243; _module_preset=&#8221;default&#8221; custom_padding=&#8221;0px||0px|||&#8221; global_colors_info=&#8221;{}&#8221;][et_pb_row _builder_version=&#8221;4.17.4&#8243; _module_preset=&#8221;default&#8221; width_tablet=&#8221;&#8221; width_phone=&#8221;&#8221; width_last_edited=&#8221;on|desktop&#8221; max_width=&#8221;100%&#8221; max_width_tablet=&#8221;&#8221; max_width_phone=&#8221;&#8221; max_width_last_edited=&#8221;on|desktop&#8221; global_colors_info=&#8221;{}&#8221;][et_pb_column type=&#8221;4_4&#8243; _builder_version=&#8221;4.16&#8243; _module_preset=&#8221;default&#8221; global_colors_info=&#8221;{}&#8221;][et_pb_code module_class=&#8221;breadcrumb&#8221; _builder_version=&#8221;4.17.4&#8243; _module_preset=&#8221;default&#8221; custom_margin=&#8221;||0px||false|false&#8221; custom_margin_tablet=&#8221;||0px||false|false&#8221; custom_margin_phone=&#8221;||0px||false|false&#8221; custom_margin_last_edited=&#8221;on|desktop&#8221; custom_padding=&#8221;|0px|0px|0px|false|false&#8221; custom_padding_tablet=&#8221;|0px||0px|false|false&#8221; custom_padding_phone=&#8221;|0px||0px|false|false&#8221; custom_padding_last_edited=&#8221;on|phone&#8221; global_colors_info=&#8221;{}&#8221;][\/et_pb_code][et_pb_text _builder_version=&#8221;4.17.4&#8243; _module_preset=&#8221;default&#8221; header_font=&#8221;Montserrat|700|||||||&#8221; header_text_color=&#8221;#333333&#8243; header_font_size=&#8221;45px&#8221; header_letter_spacing=&#8221;5px&#8221; width_last_edited=&#8221;off|desktop&#8221; max_width=&#8221;60%&#8221; max_width_tablet=&#8221;100%&#8221; max_width_phone=&#8221;&#8221; max_width_last_edited=&#8221;on|desktop&#8221; custom_padding=&#8221;25px||5px||false|false&#8221; custom_padding_tablet=&#8221;&#8221; custom_padding_phone=&#8221;&#8221; custom_padding_last_edited=&#8221;on|desktop&#8221; animation_style=&#8221;flip&#8221; animation_direction=&#8221;bottom&#8221; header_font_size_tablet=&#8221;35px&#8221; header_font_size_phone=&#8221;25px&#8221; header_font_size_last_edited=&#8221;on|desktop&#8221; header_letter_spacing_tablet=&#8221;3px&#8221; header_letter_spacing_phone=&#8221;0px&#8221; header_letter_spacing_last_edited=&#8221;on|desktop&#8221; header_line_height_tablet=&#8221;&#8221; header_line_height_phone=&#8221;1.2em&#8221; header_line_height_last_edited=&#8221;on|tablet&#8221; border_width_bottom=&#8221;5px&#8221; border_color_bottom=&#8221;#b5a216&#8243; global_colors_info=&#8221;{}&#8221;]<\/p>\n<h1>R\u00c9GIMEN JUR\u00cdDICO<\/h1>\n<p>[\/et_pb_text][\/et_pb_column][\/et_pb_row][\/et_pb_section][et_pb_section fb_built=&#8221;1&#8243; _builder_version=&#8221;4.16&#8243; _module_preset=&#8221;default&#8221; custom_padding=&#8221;0px|||||&#8221; global_colors_info=&#8221;{}&#8221;][et_pb_row _builder_version=&#8221;4.17.4&#8243; _module_preset=&#8221;default&#8221; background_enable_image=&#8221;off&#8221; width_tablet=&#8221;&#8221; width_phone=&#8221;&#8221; width_last_edited=&#8221;on|desktop&#8221; max_width=&#8221;100%&#8221; max_width_tablet=&#8221;&#8221; max_width_phone=&#8221;&#8221; max_width_last_edited=&#8221;on|desktop&#8221; global_colors_info=&#8221;{}&#8221;][et_pb_column type=&#8221;4_4&#8243; _builder_version=&#8221;4.16&#8243; _module_preset=&#8221;default&#8221; global_colors_info=&#8221;{}&#8221;][et_pb_text _builder_version=&#8221;4.19.0&#8243; _module_preset=&#8221;default&#8221; text_font=&#8221;Merriweather||||||||&#8221; text_text_color=&#8221;#333333&#8243; text_font_size=&#8221;22px&#8221; text_line_height=&#8221;1.5em&#8221; link_font=&#8221;|700|||||||&#8221; link_text_color=&#8221;#c2aa33&#8243; ul_line_height=&#8221;1.7em&#8221; text_font_size_tablet=&#8221;20px&#8221; text_font_size_phone=&#8221;18px&#8221; text_font_size_last_edited=&#8221;on|phone&#8221; text_line_height_tablet=&#8221;1.5em&#8221; text_line_height_phone=&#8221;1.5em&#8221; text_line_height_last_edited=&#8221;on|desktop&#8221; ul_line_height_tablet=&#8221;1.7em&#8221; ul_line_height_phone=&#8221;1.7em&#8221; ul_line_height_last_edited=&#8221;on|desktop&#8221; global_colors_info=&#8221;{}&#8221;]<\/p>\n<p>INCM tiene naturaleza jur\u00eddica de sociedad de responsabilidad limitada de capital exclusivamente p\u00fablico, regida por el r\u00e9gimen jur\u00eddico consagrado en el <a href=\"https:\/\/diariodarepublica.pt\/dr\/legislacao-consolidada\/decreto-lei\/2015-207484249\" target=\"_blank\" rel=\"noopener\">Decreto-Ley N. 235\/2015<\/a> de 14 de Octubre, por sus <a href=\"https:\/\/arquivo.incm.pt\/portal\/arquivo\/incm\/estatutos.pdf\" target=\"_blank\" rel=\"noopener\">normas<\/a> Las normas que rigen las sociedades an\u00f3nimas y las normas especiales cuya aplicaci\u00f3n se deriva del objeto de la sociedad, as\u00ed como el r\u00e9gimen jur\u00eddico del sector p\u00fablico empresarial, aprobado por el <a href=\"https:\/\/dre.pt\/application\/file\/500153\" target=\"_blank\" rel=\"noopener\">Decreto-Ley N. 133\/2013<\/a> de 3 de octubre, en conjunto con las determinaciones y pol\u00edticas estrat\u00e9gicas definidas por el Gobierno y la Parp\u00fablica \u2013 Participa\u00e7\u00f5es P\u00fablicas (SGPS), S.A., en el ejercicio de su funci\u00f3n accionaria.<\/p>\n<p>Su misi\u00f3n tambi\u00e9n se persigue teniendo en cuenta las directrices generales de gesti\u00f3n, establecidas en los siguientes diplomas, que en el contexto de la actividad de la empresa asumen un car\u00e1cter determinante:<\/p>\n<p>&nbsp;<\/p>\n<p><a href=\"https:\/\/dre.pt\/pdf1sdip\/2007\/03\/06100\/17421748.pdf\" target=\"_blank\" rel=\"noopener\">Decreto-Ley n.\u00ba 71\/2007<\/a>, de 27 de marzo, que aprueba el Estatuto del Administrador P\u00fablico, modificado por la <a href=\"https:\/\/dre.pt\/pdf1sdip\/2008\/12\/25201\/0000200389.pdf\" target=\"_blank\" rel=\"noopener\">Ley n.\u00ba 64-A\/2008<\/a>, de 31 de diciembre, y por el <a href=\"https:\/\/arquivo.incm.pt\/site\/decreto-lei-8-2012\/\" target=\"_blank\" rel=\"noopener\">Decreto-Ley n.\u00ba 8\/2012<\/a>, de 18 de enero;<br \/><a href=\"https:\/\/dre.pt\/application\/file\/542969\" target=\"_blank\" rel=\"noopener\">La resoluci\u00f3n de Consejo de Ministros n.\u00ba 16\/2012<\/a>, de 14 de febrero, por la que se aprueban los criterios para la determinaci\u00f3n del salario de los directivos p\u00fablicos;<br \/><a href=\"https:\/\/dre.pt\/application\/file\/553858\" target=\"_blank\" rel=\"noopener\">la Resoluci\u00f3n de Consejo de Ministros n.\u00ba 36\/1012<\/a>, de 26 de marzo, que aprob\u00f3 la clasificaci\u00f3n de las empresas p\u00fablicas a los efectos de determinar el salario de los respectivos gerentes;<br \/><a href=\"https:\/\/dre.pt\/application\/file\/2089092\" target=\"_blank\" rel=\"noopener\">Despacho n.\u00ba 14277\/2008<\/a>, de 23 de mayo, del Ministro de Estado y Finanzas, por el cual se establecen los plazos para el suministro de informaci\u00f3n para el seguimiento y control financiero de las empresas p\u00fablicas no financieras.<\/p>\n<p>El accionista tambi\u00e9n define lineamientos m\u00e1s espec\u00edficos dirigidos a la actividad concreta de la INCM.<\/p>\n<p>[\/et_pb_text][\/et_pb_column][\/et_pb_row][et_pb_row _builder_version=&#8221;4.17.4&#8243; _module_preset=&#8221;default&#8221; max_width=&#8221;100%&#8221; max_width_tablet=&#8221;100%&#8221; max_width_phone=&#8221;100%&#8221; max_width_last_edited=&#8221;on|desktop&#8221; global_colors_info=&#8221;{}&#8221;][et_pb_column type=&#8221;4_4&#8243; _builder_version=&#8221;4.16&#8243; _module_preset=&#8221;default&#8221; global_colors_info=&#8221;{}&#8221;][et_pb_text _builder_version=&#8221;4.19.5&#8243; _module_preset=&#8221;default&#8221; header_font=&#8221;Montserrat|700|||||||&#8221; header_text_color=&#8221;#333333&#8243; header_font_size=&#8221;45px&#8221; header_letter_spacing=&#8221;5px&#8221; header_2_font=&#8221;Montserrat|700|||||||&#8221; header_2_text_color=&#8221;#333333&#8243; header_2_font_size=&#8221;45px&#8221; header_2_letter_spacing=&#8221;5px&#8221; width_last_edited=&#8221;off|desktop&#8221; max_width=&#8221;60%&#8221; max_width_tablet=&#8221;100%&#8221; max_width_phone=&#8221;&#8221; max_width_last_edited=&#8221;on|desktop&#8221; custom_padding=&#8221;25px||5px||false|false&#8221; custom_padding_tablet=&#8221;&#8221; custom_padding_phone=&#8221;&#8221; custom_padding_last_edited=&#8221;on|desktop&#8221; animation_style=&#8221;flip&#8221; animation_direction=&#8221;bottom&#8221; header_font_size_tablet=&#8221;35px&#8221; header_font_size_phone=&#8221;25px&#8221; header_font_size_last_edited=&#8221;on|phone&#8221; header_letter_spacing_tablet=&#8221;3px&#8221; header_letter_spacing_phone=&#8221;0px&#8221; header_letter_spacing_last_edited=&#8221;on|desktop&#8221; header_line_height_tablet=&#8221;&#8221; header_line_height_phone=&#8221;1.2em&#8221; header_line_height_last_edited=&#8221;on|tablet&#8221; header_2_font_size_tablet=&#8221;35px&#8221; header_2_font_size_phone=&#8221;25px&#8221; header_2_font_size_last_edited=&#8221;on|desktop&#8221; header_2_letter_spacing_tablet=&#8221;3px&#8221; header_2_letter_spacing_phone=&#8221;0px&#8221; header_2_letter_spacing_last_edited=&#8221;on|desktop&#8221; header_2_line_height_tablet=&#8221;&#8221; header_2_line_height_phone=&#8221;1.2em&#8221; header_2_line_height_last_edited=&#8221;on|desktop&#8221; border_width_bottom=&#8221;5px&#8221; border_color_bottom=&#8221;#b5a216&#8243; locked=&#8221;off&#8221; global_colors_info=&#8221;{}&#8221;]<\/p>\n<h2>INFORMACI\u00d3N Y DOCUMENTOS SOCIADOS<\/h2>\n<p>[\/et_pb_text][\/et_pb_column][\/et_pb_row][et_pb_row column_structure=&#8221;1_2,1_2&#8243; _builder_version=&#8221;4.17.4&#8243; _module_preset=&#8221;default&#8221; width=&#8221;100%&#8221; width_tablet=&#8221;100%&#8221; width_phone=&#8221;80%&#8221; width_last_edited=&#8221;on|tablet&#8221; max_width_tablet=&#8221;80%&#8221; max_width_phone=&#8221;80%&#8221; max_width_last_edited=&#8221;on|tablet&#8221; animation_style=&#8221;fade&#8221; global_colors_info=&#8221;{}&#8221;][et_pb_column type=&#8221;1_2&#8243; _builder_version=&#8221;4.16&#8243; _module_preset=&#8221;default&#8221; global_colors_info=&#8221;{}&#8221;][et_pb_text _builder_version=&#8221;4.24.0&#8243; _module_preset=&#8221;default&#8221; text_font=&#8221;Poppins||||||||&#8221; text_text_color=&#8221;#FFFFFF&#8221; text_font_size=&#8221;22px&#8221; text_letter_spacing=&#8221;2px&#8221; background_color=&#8221;#000000&#8243; text_orientation=&#8221;right&#8221; width=&#8221;85%&#8221; width_tablet=&#8221;100%&#8221; width_phone=&#8221;100%&#8221; width_last_edited=&#8221;on|tablet&#8221; module_alignment=&#8221;left&#8221; custom_margin=&#8221;|-25px|-25px|-25px|false|false&#8221; custom_margin_tablet=&#8221;||0px||false|false&#8221; custom_margin_phone=&#8221;&#8221; custom_margin_last_edited=&#8221;on|desktop&#8221; custom_padding=&#8221;15px|25px|15px|25px|false|false&#8221; custom_padding_tablet=&#8221;&#8221; custom_padding_phone=&#8221;&#8221; custom_padding_last_edited=&#8221;on|desktop&#8221; animation_style=&#8221;fade&#8221; link_option_url=&#8221;https:\/\/incm.pt\/site\/wp-content\/uploads\/2024\/04\/Estatutos_INCM.pdf&#8221; link_option_url_new_window=&#8221;on&#8221; text_font_size_tablet=&#8221;&#8221; text_font_size_phone=&#8221;&#8221; text_font_size_last_edited=&#8221;on|desktop&#8221; text_letter_spacing_tablet=&#8221;&#8221; text_letter_spacing_phone=&#8221;&#8221; text_letter_spacing_last_edited=&#8221;on|desktop&#8221; locked=&#8221;off&#8221; global_colors_info=&#8221;{}&#8221;]<\/p>\n<p><span style=\"color: #b5a216; font-weight: bold;\">+<\/span> Estatutos INCM PDF<\/p>\n<p>[\/et_pb_text][\/et_pb_column][et_pb_column type=&#8221;1_2&#8243; _builder_version=&#8221;4.16&#8243; _module_preset=&#8221;default&#8221; global_colors_info=&#8221;{}&#8221;][et_pb_text _builder_version=&#8221;4.27.6&#8243; _module_preset=&#8221;default&#8221; text_font=&#8221;Poppins||||||||&#8221; text_text_color=&#8221;#FFFFFF&#8221; text_font_size=&#8221;22px&#8221; text_letter_spacing=&#8221;2px&#8221; background_color=&#8221;#000000&#8243; text_orientation=&#8221;right&#8221; width=&#8221;85%&#8221; width_tablet=&#8221;100%&#8221; width_phone=&#8221;100%&#8221; width_last_edited=&#8221;on|tablet&#8221; module_alignment=&#8221;left&#8221; custom_margin=&#8221;|-25px|-25px|-25px|false|false&#8221; custom_margin_tablet=&#8221;&#8221; custom_margin_phone=&#8221;&#8221; custom_margin_last_edited=&#8221;on|desktop&#8221; custom_padding=&#8221;15px|25px|15px|25px|false|false&#8221; custom_padding_tablet=&#8221;&#8221; custom_padding_phone=&#8221;&#8221; custom_padding_last_edited=&#8221;on|desktop&#8221; animation_style=&#8221;fade&#8221; link_option_url=&#8221;https:\/\/incm.pt\/site\/wp-content\/uploads\/2026\/04\/Regime-Juridico-INCM-Consolidacao-Decreto_Lei-n.-235_2015_pdf.pdf&#8221; link_option_url_new_window=&#8221;on&#8221; hover_enabled=&#8221;0&#8243; text_font_size_tablet=&#8221;&#8221; text_font_size_phone=&#8221;&#8221; text_font_size_last_edited=&#8221;on|desktop&#8221; text_letter_spacing_tablet=&#8221;&#8221; text_letter_spacing_phone=&#8221;&#8221; text_letter_spacing_last_edited=&#8221;on|desktop&#8221; locked=&#8221;off&#8221; global_colors_info=&#8221;{}&#8221; sticky_enabled=&#8221;0&#8243;]<\/p>\n<p><span style=\"color: #b5a216; font-weight: bold;\">+<\/span> R\u00e9gimen Jur\u00eddico INCM PDF<\/p>\n<p>[\/et_pb_text][\/et_pb_column][\/et_pb_row][\/et_pb_section]<\/p>\n","protected":false},"excerpt":{"rendered":"<p>R\u00c9GIMEN JUR\u00cdDICOINCM tiene naturaleza jur\u00eddica de sociedad de responsabilidad limitada de capital exclusivamente p\u00fablico, regida por el r\u00e9gimen jur\u00eddico consagrado en el Decreto-Ley N. 235\/2015 de 14 de Octubre, por sus normas Las normas que rigen las sociedades an\u00f3nimas y las normas especiales cuya aplicaci\u00f3n se deriva del objeto de la sociedad, as\u00ed como el [&hellip;]<\/p>\n","protected":false},"author":1,"featured_media":7428,"parent":0,"menu_order":0,"comment_status":"closed","ping_status":"closed","template":"","meta":{"_acf_changed":false,"_et_pb_use_builder":"on","_et_pb_old_content":"","_et_gb_content_width":"","footnotes":""},"class_list":["post-15151","page","type-page","status-publish","has-post-thumbnail","hentry"],"acf":[],"_links":{"self":[{"href":"https:\/\/incm.pt\/site\/es\/wp-json\/wp\/v2\/pages\/15151","targetHints":{"allow":["GET"]}}],"collection":[{"href":"https:\/\/incm.pt\/site\/es\/wp-json\/wp\/v2\/pages"}],"about":[{"href":"https:\/\/incm.pt\/site\/es\/wp-json\/wp\/v2\/types\/page"}],"author":[{"embeddable":true,"href":"https:\/\/incm.pt\/site\/es\/wp-json\/wp\/v2\/users\/1"}],"replies":[{"embeddable":true,"href":"https:\/\/incm.pt\/site\/es\/wp-json\/wp\/v2\/comments?post=15151"}],"version-history":[{"count":4,"href":"https:\/\/incm.pt\/site\/es\/wp-json\/wp\/v2\/pages\/15151\/revisions"}],"predecessor-version":[{"id":99001,"href":"https:\/\/incm.pt\/site\/es\/wp-json\/wp\/v2\/pages\/15151\/revisions\/99001"}],"wp:featuredmedia":[{"embeddable":true,"href":"https:\/\/incm.pt\/site\/es\/wp-json\/wp\/v2\/media\/7428"}],"wp:attachment":[{"href":"https:\/\/incm.pt\/site\/es\/wp-json\/wp\/v2\/media?parent=15151"}],"curies":[{"name":"wp","href":"https:\/\/api.w.org\/{rel}","templated":true}]}}