{"id":15135,"date":"2022-06-30T14:26:53","date_gmt":"2022-06-30T14:26:53","guid":{"rendered":"https:\/\/incm.pt\/site\/incm-en-el-mundo\/"},"modified":"2025-12-04T14:08:33","modified_gmt":"2025-12-04T14:08:33","slug":"incm-en-el-mundo","status":"publish","type":"page","link":"https:\/\/incm.pt\/site\/es\/incm-en-el-mundo\/","title":{"rendered":"INCM en el Mundo"},"content":{"rendered":"<p>[et_pb_section fb_built=&#8221;1&#8243; custom_padding_last_edited=&#8221;on|phone&#8221; _builder_version=&#8221;4.19.0&#8243; _module_preset=&#8221;default&#8221; background_enable_image=&#8221;off&#8221; parallax=&#8221;on&#8221; background_video_mp4=&#8221;https:\/\/incm.pt\/site\/wp-content\/uploads\/2022\/07\/rede-inovacao-incm.mp4&#8243; transform_translate_linked=&#8221;off&#8221; min_height=&#8221;550px&#8221; custom_padding=&#8221;140px||140px||false|false&#8221; custom_padding_tablet=&#8221;&#8221; custom_padding_phone=&#8221;250px||250px||false|false&#8221; box_shadow_style=&#8221;preset3&#8243; global_colors_info=&#8221;{}&#8221;][\/et_pb_section][et_pb_section fb_built=&#8221;1&#8243; _builder_version=&#8221;4.16&#8243; _module_preset=&#8221;default&#8221; custom_padding=&#8221;0px|||||&#8221; global_colors_info=&#8221;{}&#8221;][et_pb_row _builder_version=&#8221;4.16&#8243; _module_preset=&#8221;default&#8221; width_tablet=&#8221;&#8221; width_phone=&#8221;&#8221; width_last_edited=&#8221;on|desktop&#8221; max_width=&#8221;100%&#8221; max_width_tablet=&#8221;&#8221; max_width_phone=&#8221;&#8221; max_width_last_edited=&#8221;on|desktop&#8221; global_colors_info=&#8221;{}&#8221;][et_pb_column type=&#8221;4_4&#8243; _builder_version=&#8221;4.16&#8243; _module_preset=&#8221;default&#8221; global_colors_info=&#8221;{}&#8221;][et_pb_code module_class=&#8221;breadcrumb&#8221; _builder_version=&#8221;4.17.4&#8243; _module_preset=&#8221;default&#8221; custom_margin=&#8221;||25px||false|false&#8221; custom_margin_tablet=&#8221;||25px||false|false&#8221; custom_margin_phone=&#8221;||25px||false|false&#8221; custom_margin_last_edited=&#8221;on|desktop&#8221; custom_padding=&#8221;|0px|0px|0px|false|false&#8221; custom_padding_tablet=&#8221;|0px||0px|false|false&#8221; custom_padding_phone=&#8221;|0px||0px|false|false&#8221; custom_padding_last_edited=&#8221;on|phone&#8221; global_colors_info=&#8221;{}&#8221;][\/et_pb_code][et_pb_text _builder_version=&#8221;4.17.4&#8243; _module_preset=&#8221;default&#8221; header_font=&#8221;Montserrat|700|||||||&#8221; header_text_color=&#8221;#333333&#8243; header_font_size=&#8221;45px&#8221; header_letter_spacing=&#8221;5px&#8221; width_last_edited=&#8221;off|desktop&#8221; max_width=&#8221;60%&#8221; max_width_tablet=&#8221;100%&#8221; max_width_phone=&#8221;100%&#8221; max_width_last_edited=&#8221;on|desktop&#8221; custom_padding=&#8221;25px||5px||false|false&#8221; custom_padding_tablet=&#8221;&#8221; custom_padding_phone=&#8221;&#8221; custom_padding_last_edited=&#8221;on|desktop&#8221; animation_style=&#8221;flip&#8221; animation_direction=&#8221;bottom&#8221; header_font_size_tablet=&#8221;35px&#8221; header_font_size_phone=&#8221;25px&#8221; header_font_size_last_edited=&#8221;on|phone&#8221; header_letter_spacing_tablet=&#8221;3px&#8221; header_letter_spacing_phone=&#8221;0px&#8221; header_letter_spacing_last_edited=&#8221;on|desktop&#8221; header_line_height_tablet=&#8221;&#8221; header_line_height_phone=&#8221;1.2em&#8221; header_line_height_last_edited=&#8221;on|desktop&#8221; border_width_bottom=&#8221;5px&#8221; border_color_bottom=&#8221;#b5a216&#8243; locked=&#8221;off&#8221; global_colors_info=&#8221;{}&#8221;]<\/p>\n<h1>INCM EN EL MUNDO<\/h1>\n<p>[\/et_pb_text][et_pb_text _builder_version=&#8221;4.19.5&#8243; _module_preset=&#8221;default&#8221; text_font=&#8221;Merriweather||||||||&#8221; text_text_color=&#8221;#af9828&#8243; text_font_size=&#8221;22px&#8221; text_letter_spacing=&#8221;3px&#8221; text_line_height=&#8221;1.5em&#8221; header_font_size=&#8221;32px&#8221; header_line_height=&#8221;1.4em&#8221; header_2_font_size=&#8221;32px&#8221; header_2_line_height=&#8221;1.4em&#8221; animation_style=&#8221;fade&#8221; text_font_size_tablet=&#8221;&#8221; text_font_size_phone=&#8221;&#8221; text_font_size_last_edited=&#8221;on|desktop&#8221; text_line_height_tablet=&#8221;&#8221; text_line_height_phone=&#8221;&#8221; text_line_height_last_edited=&#8221;on|desktop&#8221; header_font_size_tablet=&#8221;25px&#8221; header_font_size_phone=&#8221;20px&#8221; header_font_size_last_edited=&#8221;on|phone&#8221; header_line_height_tablet=&#8221;1.3em&#8221; header_line_height_phone=&#8221;1.2em&#8221; header_line_height_last_edited=&#8221;on|desktop&#8221; header_2_font_size_tablet=&#8221;25px&#8221; header_2_font_size_phone=&#8221;20px&#8221; header_2_font_size_last_edited=&#8221;on|desktop&#8221; header_2_line_height_tablet=&#8221;1.3em&#8221; header_2_line_height_phone=&#8221;1.2em&#8221; header_2_line_height_last_edited=&#8221;on|desktop&#8221; locked=&#8221;off&#8221; global_colors_info=&#8221;{}&#8221;]<\/p>\n<h2><span style=\"color: #c2aa33;\"><strong>DE PORTUGAL PARA EL MUNDO,<br \/>\nCON OJOS EN EL FUTURO.<br \/>\n<\/strong><strong>LA INNOVACI\u00d3N ES NUESTRA INSPIRACI\u00d3N.<\/strong><\/span><\/h2>\n<p>[\/et_pb_text][\/et_pb_column][\/et_pb_row][et_pb_row use_custom_gutter=&#8221;on&#8221; gutter_width=&#8221;2&#8243; _builder_version=&#8221;4.17.4&#8243; _module_preset=&#8221;default&#8221; width_tablet=&#8221;&#8221; width_phone=&#8221;&#8221; width_last_edited=&#8221;on|desktop&#8221; max_width=&#8221;100%&#8221; max_width_tablet=&#8221;&#8221; max_width_phone=&#8221;&#8221; max_width_last_edited=&#8221;on|desktop&#8221; global_colors_info=&#8221;{}&#8221;][et_pb_column type=&#8221;4_4&#8243; _builder_version=&#8221;4.16&#8243; _module_preset=&#8221;default&#8221; global_colors_info=&#8221;{}&#8221;][et_pb_text _builder_version=&#8221;4.19.0&#8243; _module_preset=&#8221;default&#8221; text_font=&#8221;Merriweather||||||||&#8221; text_text_color=&#8221;#333333&#8243; text_font_size=&#8221;22px&#8221; text_line_height=&#8221;1.5em&#8221; link_font=&#8221;|700|||||||&#8221; link_text_color=&#8221;#c2aa33&#8243; ul_line_height=&#8221;1.7em&#8221; animation_style=&#8221;fade&#8221; text_font_size_tablet=&#8221;20px&#8221; text_font_size_phone=&#8221;18px&#8221; text_font_size_last_edited=&#8221;on|tablet&#8221; text_line_height_tablet=&#8221;&#8221; text_line_height_phone=&#8221;&#8221; text_line_height_last_edited=&#8221;on|desktop&#8221; ul_line_height_tablet=&#8221;1.7em&#8221; ul_line_height_phone=&#8221;1.7em&#8221; ul_line_height_last_edited=&#8221;on|desktop&#8221; locked=&#8221;off&#8221; global_colors_info=&#8221;{}&#8221;]<\/p>\n<p><strong>La identidad digital (digital ID), asociada a tecnolog\u00edas emergentes como la criptograf\u00eda, la biometr\u00eda, la inteligencia artificial, <i>blockchain<\/i> o el internet de las cosas, es un \u00e1rea que ha experimentado grandes desarrollos en la INCM &#8211; Imprensa Nacional Casa da Moeda, permiti\u00e9ndole ofrecer soluciones de identificaci\u00f3n seguras a gobiernos, empresas y ciudadanos de todo el mundo.<\/strong><\/p>\n<p>En un contexto cada vez m\u00e1s global, las soluciones de seguridad digital, documentaci\u00f3n y certificaci\u00f3n desarrolladas por INCM son ahora reconocidas internacionalmente, con proyectos de implementaci\u00f3n en curso en varios pa\u00edses.<\/p>\n<p>La vasta experiencia acumulada a lo largo del tiempo, junto con el cumplimiento de los m\u00e1s exigentes est\u00e1ndares internacionales de calidad, nos permiten tambi\u00e9n producir y suministrar moneda y monedas de colecci\u00f3n a entidades emisores y bancos centrales de cualquier nacionalidad.<\/p>\n<p>Este posicionamiento global tambi\u00e9n se logra mediante el establecimiento de alianzas estrat\u00e9gicas, ya sea con sus hom\u00f3logos europeos o en el continente africano, entre otras instituciones y empresas internacionales.<\/p>\n<p>[\/et_pb_text][\/et_pb_column][\/et_pb_row][\/et_pb_section]<\/p>\n","protected":false},"excerpt":{"rendered":"<p>INCM EN EL MUNDODE PORTUGAL PARA EL MUNDO, CON OJOS EN EL FUTURO. LA INNOVACI\u00d3N ES NUESTRA INSPIRACI\u00d3N.La identidad digital (digital ID), asociada a tecnolog\u00edas emergentes como la criptograf\u00eda, la biometr\u00eda, la inteligencia artificial, blockchain o el internet de las cosas, es un \u00e1rea que ha experimentado grandes desarrollos en la INCM &#8211; Imprensa Nacional [&hellip;]<\/p>\n","protected":false},"author":1,"featured_media":10266,"parent":0,"menu_order":0,"comment_status":"closed","ping_status":"closed","template":"","meta":{"_acf_changed":false,"_et_pb_use_builder":"on","_et_pb_old_content":"","_et_gb_content_width":"","footnotes":""},"class_list":["post-15135","page","type-page","status-publish","has-post-thumbnail","hentry"],"acf":[],"_links":{"self":[{"href":"https:\/\/incm.pt\/site\/es\/wp-json\/wp\/v2\/pages\/15135","targetHints":{"allow":["GET"]}}],"collection":[{"href":"https:\/\/incm.pt\/site\/es\/wp-json\/wp\/v2\/pages"}],"about":[{"href":"https:\/\/incm.pt\/site\/es\/wp-json\/wp\/v2\/types\/page"}],"author":[{"embeddable":true,"href":"https:\/\/incm.pt\/site\/es\/wp-json\/wp\/v2\/users\/1"}],"replies":[{"embeddable":true,"href":"https:\/\/incm.pt\/site\/es\/wp-json\/wp\/v2\/comments?post=15135"}],"version-history":[{"count":1,"href":"https:\/\/incm.pt\/site\/es\/wp-json\/wp\/v2\/pages\/15135\/revisions"}],"predecessor-version":[{"id":75589,"href":"https:\/\/incm.pt\/site\/es\/wp-json\/wp\/v2\/pages\/15135\/revisions\/75589"}],"wp:featuredmedia":[{"embeddable":true,"href":"https:\/\/incm.pt\/site\/es\/wp-json\/wp\/v2\/media\/10266"}],"wp:attachment":[{"href":"https:\/\/incm.pt\/site\/es\/wp-json\/wp\/v2\/media?parent=15135"}],"curies":[{"name":"wp","href":"https:\/\/api.w.org\/{rel}","templated":true}]}}