{"id":15120,"date":"2022-06-27T16:40:20","date_gmt":"2022-06-27T16:40:20","guid":{"rendered":"https:\/\/incm.pt\/site\/estructura-organizacional\/"},"modified":"2025-12-04T14:29:50","modified_gmt":"2025-12-04T14:29:50","slug":"estructura-organizacional","status":"publish","type":"page","link":"https:\/\/incm.pt\/site\/es\/estructura-organizacional\/","title":{"rendered":"Estructura Organizacional"},"content":{"rendered":"<p>[et_pb_section fb_built=&#8221;1&#8243; custom_padding_last_edited=&#8221;on|phone&#8221; _builder_version=&#8221;4.19.0&#8243; _module_preset=&#8221;default&#8221; background_image=&#8221;https:\/\/incm.pt\/site\/wp-content\/uploads\/2022\/07\/Estrutura-Organizacional.jpg&#8221; parallax=&#8221;on&#8221; min_height=&#8221;550px&#8221; custom_padding=&#8221;140px||140px||false|false&#8221; custom_padding_tablet=&#8221;&#8221; custom_padding_phone=&#8221;250px||250px||false|false&#8221; box_shadow_style=&#8221;preset3&#8243; global_colors_info=&#8221;{}&#8221;][\/et_pb_section][et_pb_section fb_built=&#8221;1&#8243; _builder_version=&#8221;4.16&#8243; _module_preset=&#8221;default&#8221; custom_padding=&#8221;0px||0px|||&#8221; global_colors_info=&#8221;{}&#8221;][et_pb_row _builder_version=&#8221;4.16&#8243; _module_preset=&#8221;default&#8221; width_tablet=&#8221;&#8221; width_phone=&#8221;&#8221; width_last_edited=&#8221;on|desktop&#8221; max_width=&#8221;100%&#8221; max_width_tablet=&#8221;&#8221; max_width_phone=&#8221;&#8221; max_width_last_edited=&#8221;on|desktop&#8221; global_colors_info=&#8221;{}&#8221;][et_pb_column type=&#8221;4_4&#8243; _builder_version=&#8221;4.16&#8243; _module_preset=&#8221;default&#8221; global_colors_info=&#8221;{}&#8221;][et_pb_code module_class=&#8221;breadcrumb&#8221; _builder_version=&#8221;4.17.4&#8243; _module_preset=&#8221;default&#8221; custom_margin=&#8221;||0px||false|false&#8221; custom_margin_tablet=&#8221;||0px||false|false&#8221; custom_margin_phone=&#8221;||0px||false|false&#8221; custom_margin_last_edited=&#8221;on|desktop&#8221; custom_padding=&#8221;|0px|0px|0px|false|false&#8221; custom_padding_tablet=&#8221;|0px||0px|false|false&#8221; custom_padding_phone=&#8221;|0px||0px|false|false&#8221; custom_padding_last_edited=&#8221;on|phone&#8221; global_colors_info=&#8221;{}&#8221;][\/et_pb_code][et_pb_text _builder_version=&#8221;4.17.4&#8243; _module_preset=&#8221;default&#8221; header_font=&#8221;Montserrat|700|||||||&#8221; header_text_color=&#8221;#333333&#8243; header_font_size=&#8221;45px&#8221; header_letter_spacing=&#8221;5px&#8221; width_last_edited=&#8221;off|desktop&#8221; max_width=&#8221;60%&#8221; max_width_tablet=&#8221;100%&#8221; max_width_phone=&#8221;100%&#8221; max_width_last_edited=&#8221;on|desktop&#8221; custom_padding=&#8221;25px||5px||false|false&#8221; custom_padding_tablet=&#8221;&#8221; custom_padding_phone=&#8221;&#8221; custom_padding_last_edited=&#8221;on|desktop&#8221; animation_style=&#8221;flip&#8221; animation_direction=&#8221;bottom&#8221; header_font_size_tablet=&#8221;35px&#8221; header_font_size_phone=&#8221;25px&#8221; header_font_size_last_edited=&#8221;on|desktop&#8221; header_letter_spacing_tablet=&#8221;3px&#8221; header_letter_spacing_phone=&#8221;0px&#8221; header_letter_spacing_last_edited=&#8221;on|desktop&#8221; header_line_height_tablet=&#8221;&#8221; header_line_height_phone=&#8221;1.2em&#8221; header_line_height_last_edited=&#8221;on|phone&#8221; border_width_bottom=&#8221;5px&#8221; border_color_bottom=&#8221;#b5a216&#8243; locked=&#8221;off&#8221; global_colors_info=&#8221;{}&#8221;]<\/p>\n<h1>ESTRUCTURA ORGANIZACIONAL<\/h1>\n<p>[\/et_pb_text][\/et_pb_column][\/et_pb_row][\/et_pb_section][et_pb_section fb_built=&#8221;1&#8243; _builder_version=&#8221;4.17.4&#8243; _module_preset=&#8221;default&#8221; module_alignment=&#8221;center&#8221; custom_padding=&#8221;0px|||||&#8221; global_colors_info=&#8221;{}&#8221;][et_pb_row _builder_version=&#8221;4.16&#8243; _module_preset=&#8221;default&#8221; width_tablet=&#8221;&#8221; width_phone=&#8221;&#8221; width_last_edited=&#8221;on|desktop&#8221; max_width=&#8221;100%&#8221; max_width_tablet=&#8221;&#8221; max_width_phone=&#8221;&#8221; max_width_last_edited=&#8221;on|desktop&#8221; global_colors_info=&#8221;{}&#8221;][et_pb_column type=&#8221;4_4&#8243; _builder_version=&#8221;4.16&#8243; _module_preset=&#8221;default&#8221; global_colors_info=&#8221;{}&#8221;][et_pb_text _builder_version=&#8221;4.19.5&#8243; _module_preset=&#8221;default&#8221; text_font=&#8221;Merriweather||||||||&#8221; text_text_color=&#8221;#af9828&#8243; text_font_size=&#8221;22px&#8221; text_letter_spacing=&#8221;3px&#8221; text_line_height=&#8221;1.5em&#8221; header_font_size=&#8221;32px&#8221; header_line_height=&#8221;1.4em&#8221; header_2_font_size=&#8221;32px&#8221; header_2_line_height=&#8221;1.4em&#8221; vertical_offset_tablet=&#8221;0&#8243; horizontal_offset_tablet=&#8221;0&#8243; animation_style=&#8221;fade&#8221; text_font_size_tablet=&#8221;&#8221; text_font_size_phone=&#8221;51&#8243; text_font_size_last_edited=&#8221;on|desktop&#8221; text_line_height_tablet=&#8221;&#8221; text_line_height_phone=&#8221;2&#8243; text_line_height_last_edited=&#8221;on|desktop&#8221; header_font_size_tablet=&#8221;25px&#8221; header_font_size_phone=&#8221;20px&#8221; header_font_size_last_edited=&#8221;on|desktop&#8221; header_line_height_tablet=&#8221;1.3em&#8221; header_line_height_phone=&#8221;1.2em&#8221; header_line_height_last_edited=&#8221;on|desktop&#8221; header_2_font_size_tablet=&#8221;25px&#8221; header_2_font_size_phone=&#8221;20px&#8221; header_2_font_size_last_edited=&#8221;on|phone&#8221; header_2_line_height_tablet=&#8221;1.3em&#8221; header_2_line_height_phone=&#8221;1.2em&#8221; header_2_line_height_last_edited=&#8221;on|phone&#8221; z_index_tablet=&#8221;0&#8243; text_text_shadow_horizontal_length_tablet=&#8221;0px&#8221; text_text_shadow_vertical_length_tablet=&#8221;0px&#8221; text_text_shadow_blur_strength_tablet=&#8221;1px&#8221; link_text_shadow_horizontal_length_tablet=&#8221;0px&#8221; link_text_shadow_vertical_length_tablet=&#8221;0px&#8221; link_text_shadow_blur_strength_tablet=&#8221;1px&#8221; ul_text_shadow_horizontal_length_tablet=&#8221;0px&#8221; ul_text_shadow_vertical_length_tablet=&#8221;0px&#8221; ul_text_shadow_blur_strength_tablet=&#8221;1px&#8221; ol_text_shadow_horizontal_length_tablet=&#8221;0px&#8221; ol_text_shadow_vertical_length_tablet=&#8221;0px&#8221; ol_text_shadow_blur_strength_tablet=&#8221;1px&#8221; quote_text_shadow_horizontal_length_tablet=&#8221;0px&#8221; quote_text_shadow_vertical_length_tablet=&#8221;0px&#8221; quote_text_shadow_blur_strength_tablet=&#8221;1px&#8221; header_text_shadow_horizontal_length_tablet=&#8221;0px&#8221; header_text_shadow_vertical_length_tablet=&#8221;0px&#8221; header_text_shadow_blur_strength_tablet=&#8221;1px&#8221; header_2_text_shadow_horizontal_length_tablet=&#8221;0px&#8221; header_2_text_shadow_vertical_length_tablet=&#8221;0px&#8221; header_2_text_shadow_blur_strength_tablet=&#8221;1px&#8221; header_3_text_shadow_horizontal_length_tablet=&#8221;0px&#8221; header_3_text_shadow_vertical_length_tablet=&#8221;0px&#8221; header_3_text_shadow_blur_strength_tablet=&#8221;1px&#8221; header_4_text_shadow_horizontal_length_tablet=&#8221;0px&#8221; header_4_text_shadow_vertical_length_tablet=&#8221;0px&#8221; header_4_text_shadow_blur_strength_tablet=&#8221;1px&#8221; header_5_text_shadow_horizontal_length_tablet=&#8221;0px&#8221; header_5_text_shadow_vertical_length_tablet=&#8221;0px&#8221; header_5_text_shadow_blur_strength_tablet=&#8221;1px&#8221; header_6_text_shadow_horizontal_length_tablet=&#8221;0px&#8221; header_6_text_shadow_vertical_length_tablet=&#8221;0px&#8221; header_6_text_shadow_blur_strength_tablet=&#8221;1px&#8221; box_shadow_horizontal_tablet=&#8221;0px&#8221; box_shadow_vertical_tablet=&#8221;0px&#8221; box_shadow_blur_tablet=&#8221;40px&#8221; box_shadow_spread_tablet=&#8221;0px&#8221; locked=&#8221;off&#8221; global_colors_info=&#8221;{}&#8221;]<\/p>\n<h2><span style=\"color: #c2aa33;\"><span style=\"caret-color: #c2aa33;\"><b>EFICIENCIA RIGOR. MULTIPLICIDAD.<br \/>UNA ORGANIZACI\u00d3N QUE PIENSA EN EL FUTURO.<\/b><\/span><\/span><br \/><span style=\"color: #c2aa33; font-size: xx-large;\"><span style=\"caret-color: #c2aa33;\"><b><\/b><\/span><\/span><\/h2>\n<p><span style=\"color: #c2aa33; font-size: xx-large;\"><span style=\"caret-color: #c2aa33;\"><b><\/b><\/span><\/span><\/p>\n<p>[\/et_pb_text][et_pb_text _builder_version=&#8221;4.19.0&#8243; _module_preset=&#8221;default&#8221; text_font=&#8221;Merriweather||||||||&#8221; text_text_color=&#8221;#333333&#8243; text_font_size=&#8221;22px&#8221; text_line_height=&#8221;1.5em&#8221; link_font=&#8221;|700|||||||&#8221; link_text_color=&#8221;#c2aa33&#8243; ul_line_height=&#8221;1.7em&#8221; animation_style=&#8221;fade&#8221; text_font_size_tablet=&#8221;20px&#8221; text_font_size_phone=&#8221;18px&#8221; text_font_size_last_edited=&#8221;on|tablet&#8221; text_line_height_tablet=&#8221;&#8221; text_line_height_phone=&#8221;&#8221; text_line_height_last_edited=&#8221;on|desktop&#8221; ul_line_height_tablet=&#8221;1.7em&#8221; ul_line_height_phone=&#8221;1.7em&#8221; ul_line_height_last_edited=&#8221;on|desktop&#8221; locked=&#8221;off&#8221; global_colors_info=&#8221;{}&#8221;]<\/p>\n<p><strong>INCM cuenta en su estructura con varios centros y departamentos especializados, que garantizan el desarrollo, gesti\u00f3n y ejecuci\u00f3n de sus diferentes \u00e1reas de actividad. <\/strong><\/p>\n<p>[\/et_pb_text][\/et_pb_column][\/et_pb_row][et_pb_row custom_padding_last_edited=&#8221;on|desktop&#8221; _builder_version=&#8221;4.17.4&#8243; _module_preset=&#8221;default&#8221; custom_padding=&#8221;0px||0px||false|false&#8221; custom_padding_tablet=&#8221;0px||0px||false|false&#8221; custom_padding_phone=&#8221;0px||0px||false|false&#8221; global_colors_info=&#8221;{}&#8221;][et_pb_column type=&#8221;4_4&#8243; _builder_version=&#8221;4.17.4&#8243; _module_preset=&#8221;default&#8221; global_colors_info=&#8221;{}&#8221;][et_pb_toggle title=&#8221;CONSEJO ADMINISTRATIVO&#8221; open_toggle_text_color=&#8221;#FFFFFF&#8221; icon_color=&#8221;RGBA(255,255,255,0)&#8221; open_icon_color=&#8221;RGBA(255,255,255,0)&#8221; module_id=&#8221;conselho-de-administracao&#8221; _builder_version=&#8221;4.17.4&#8243; _module_preset=&#8221;default&#8221; title_text_color=&#8221;#FFFFFF&#8221; title_font=&#8221;Merriweather|700|||||||&#8221; title_text_align=&#8221;center&#8221; title_font_size=&#8221;30px&#8221; background_color=&#8221;#b5a216&#8243; title_font_size_tablet=&#8221;25px&#8221; title_font_size_phone=&#8221;20px&#8221; title_font_size_last_edited=&#8221;on|desktop&#8221; title_line_height_tablet=&#8221;&#8221; title_line_height_phone=&#8221;1.2em&#8221; title_line_height_last_edited=&#8221;on|phone&#8221; custom_css_before=&#8221;display: none !important;&#8221; custom_css_main_element=&#8221;cursor: default;&#8221; custom_css_after=&#8221;display: none !important;&#8221; border_width_all=&#8221;0px&#8221; global_colors_info=&#8221;{}&#8221;][\/et_pb_toggle][\/et_pb_column][\/et_pb_row][et_pb_row column_structure=&#8221;1_2,1_2&#8243; custom_padding_last_edited=&#8221;on|desktop&#8221; _builder_version=&#8221;4.17.4&#8243; _module_preset=&#8221;default&#8221; custom_padding=&#8221;30px||30px||true|false&#8221; custom_padding_tablet=&#8221;30px||30px||true|false&#8221; custom_padding_phone=&#8221;30px||30px||true|false&#8221; global_colors_info=&#8221;{}&#8221;][et_pb_column type=&#8221;1_2&#8243; _builder_version=&#8221;4.17.4&#8243; _module_preset=&#8221;default&#8221; global_colors_info=&#8221;{}&#8221;][et_pb_text _builder_version=&#8221;4.17.4&#8243; _module_preset=&#8221;default&#8221; text_font=&#8221;Poppins||||||||&#8221; text_text_color=&#8221;#000000&#8243; header_2_font=&#8221;Merriweather||||||||&#8221; header_2_text_align=&#8221;center&#8221; header_2_text_color=&#8221;#000000&#8243; header_2_font_size=&#8221;30px&#8221; text_orientation=&#8221;center&#8221; header_2_text_align_tablet=&#8221;center&#8221; header_2_text_align_phone=&#8221;center&#8221; header_2_text_align_last_edited=&#8221;on|desktop&#8221; header_2_font_size_tablet=&#8221;25px&#8221; header_2_font_size_phone=&#8221;20px&#8221; header_2_font_size_last_edited=&#8221;on|desktop&#8221; header_2_line_height_tablet=&#8221;&#8221; header_2_line_height_phone=&#8221;1.2em&#8221; header_2_line_height_last_edited=&#8221;on|phone&#8221; text_orientation_tablet=&#8221;center&#8221; text_orientation_phone=&#8221;center&#8221; text_orientation_last_edited=&#8221;on|desktop&#8221; global_colors_info=&#8221;{}&#8221;]<\/p>\n<h2>DAI<\/h2>\n<p>Auditoria Interna<\/p>\n<p>[\/et_pb_text][\/et_pb_column][et_pb_column type=&#8221;1_2&#8243; _builder_version=&#8221;4.17.4&#8243; _module_preset=&#8221;default&#8221; global_colors_info=&#8221;{}&#8221;][et_pb_text _builder_version=&#8221;4.17.4&#8243; _module_preset=&#8221;default&#8221; text_font=&#8221;Poppins||||||||&#8221; text_text_color=&#8221;#000000&#8243; header_2_font=&#8221;Merriweather||||||||&#8221; header_2_text_align=&#8221;center&#8221; header_2_text_color=&#8221;#000000&#8243; header_2_font_size=&#8221;30px&#8221; text_orientation=&#8221;center&#8221; header_2_text_align_tablet=&#8221;center&#8221; header_2_text_align_phone=&#8221;center&#8221; header_2_text_align_last_edited=&#8221;on|desktop&#8221; header_2_font_size_tablet=&#8221;25px&#8221; header_2_font_size_phone=&#8221;20px&#8221; header_2_font_size_last_edited=&#8221;on|desktop&#8221; header_2_line_height_tablet=&#8221;&#8221; header_2_line_height_phone=&#8221;1.2em&#8221; header_2_line_height_last_edited=&#8221;on|phone&#8221; text_orientation_tablet=&#8221;center&#8221; text_orientation_phone=&#8221;center&#8221; text_orientation_last_edited=&#8221;on|desktop&#8221; global_colors_info=&#8221;{}&#8221;]<\/p>\n<h2>DSR<\/h2>\n<p>Sostenibilidad y Riesgo<\/p>\n<p>[\/et_pb_text][\/et_pb_column][\/et_pb_row][et_pb_row _builder_version=&#8221;4.17.4&#8243; _module_preset=&#8221;default&#8221; width=&#8221;45%&#8221; width_tablet=&#8221;75%&#8221; width_phone=&#8221;80%&#8221; width_last_edited=&#8221;on|desktop&#8221; custom_padding=&#8221;0px|||||&#8221; global_colors_info=&#8221;{}&#8221;][et_pb_column type=&#8221;4_4&#8243; _builder_version=&#8221;4.17.4&#8243; _module_preset=&#8221;default&#8221; global_colors_info=&#8221;{}&#8221;][et_pb_toggle title=&#8221;DESARROLLO DE NEGOCIOS&#8221; open_toggle_text_color=&#8221;#b5a216&#8243; icon_color=&#8221;#b5a216&#8243; use_icon_font_size=&#8221;on&#8221; icon_font_size=&#8221;30px&#8221; open_icon_color=&#8221;#b5a216&#8243; open_use_icon_font_size=&#8221;on&#8221; open_icon_font_size=&#8221;30px&#8221; content_last_edited=&#8221;off|tablet&#8221; icon_font_size_tablet=&#8221;30px&#8221; icon_font_size_phone=&#8221;30px&#8221; icon_font_size_last_edited=&#8221;on|desktop&#8221; open_icon_font_size_tablet=&#8221;30px&#8221; open_icon_font_size_phone=&#8221;30px&#8221; open_icon_font_size_last_edited=&#8221;on|desktop&#8221; _builder_version=&#8221;4.27.4&#8243; _module_preset=&#8221;default&#8221; title_text_color=&#8221;#b5a216&#8243; title_font=&#8221;Merriweather||||||||&#8221; title_text_align=&#8221;center&#8221; title_font_size=&#8221;27px&#8221; body_font=&#8221;Merriweather|300|||||||&#8221; body_text_color=&#8221;#000000&#8243; body_font_size=&#8221;22px&#8221; background_color=&#8221;#FFFFFF&#8221; title_font_size_tablet=&#8221;20px&#8221; title_font_size_phone=&#8221;20px&#8221; title_font_size_last_edited=&#8221;on|desktop&#8221; title_line_height_tablet=&#8221;1.3em&#8221; title_line_height_phone=&#8221;1.2em&#8221; title_line_height_last_edited=&#8221;on|tablet&#8221; body_font_tablet=&#8221;Merriweather|300|||||||&#8221; body_font_phone=&#8221;Merriweather|300|||||||&#8221; body_font_last_edited=&#8221;on|phone&#8221; body_font_size_tablet=&#8221;20px&#8221; body_font_size_phone=&#8221;18px&#8221; body_font_size_last_edited=&#8221;on|tablet&#8221; border_width_all=&#8221;2px&#8221; border_color_all=&#8221;#b5a216&#8243; global_colors_info=&#8221;{}&#8221;]<\/p>\n<h2>LAB<\/h2>\n<p style=\"font-family: 'Poppins';\">Laboratorio de Innovaci\u00f3n y Desarrollo<\/p>\n<h2>DCO<\/h2>\n<p style=\"font-family: 'Poppins';\">Comercial<\/p>\n<p>[\/et_pb_toggle][et_pb_toggle title=&#8221;UNIDADES DE NEGOCIO AUT\u00d3NOMAS&#8221; open_toggle_text_color=&#8221;#b5a216&#8243; icon_color=&#8221;#b5a216&#8243; use_icon_font_size=&#8221;on&#8221; icon_font_size=&#8221;30px&#8221; open_icon_color=&#8221;#b5a216&#8243; open_use_icon_font_size=&#8221;on&#8221; open_icon_font_size=&#8221;30px&#8221; icon_font_size_tablet=&#8221;30px&#8221; icon_font_size_phone=&#8221;30px&#8221; icon_font_size_last_edited=&#8221;on|desktop&#8221; open_icon_font_size_tablet=&#8221;30px&#8221; open_icon_font_size_phone=&#8221;30px&#8221; open_icon_font_size_last_edited=&#8221;on|desktop&#8221; _builder_version=&#8221;4.17.4&#8243; _module_preset=&#8221;default&#8221; title_text_color=&#8221;#b5a216&#8243; title_font=&#8221;Merriweather||||||||&#8221; title_text_align=&#8221;center&#8221; title_font_size=&#8221;27px&#8221; body_font=&#8221;Merriweather|300|||||||&#8221; body_text_color=&#8221;#000000&#8243; body_font_size=&#8221;22px&#8221; background_color=&#8221;#FFFFFF&#8221; title_font_size_tablet=&#8221;20px&#8221; title_font_size_phone=&#8221;20px&#8221; title_font_size_last_edited=&#8221;on|desktop&#8221; title_line_height_tablet=&#8221;1.3em&#8221; title_line_height_phone=&#8221;1.2em&#8221; title_line_height_last_edited=&#8221;on|tablet&#8221; body_font_size_tablet=&#8221;20px&#8221; body_font_size_phone=&#8221;18px&#8221; body_font_size_last_edited=&#8221;on|phone&#8221; border_width_all=&#8221;2px&#8221; border_color_all=&#8221;#b5a216&#8243; global_colors_info=&#8221;{}&#8221;]<\/p>\n<h2>UCF<\/h2>\n<p style=\"font-family: 'Poppins';\">Contraste y Inspecci\u00f3n<\/p>\n<h2>UEC<\/h2>\n<p style=\"font-family: 'Poppins';\">Edici\u00f3n y Cultura<\/p>\n<h2>UDR<\/h2>\n<p style=\"font-family: 'Poppins';\">Bolet\u00edn Oficial<\/p>\n<p style=\"font-family: 'Poppins';\">\n<p>[\/et_pb_toggle][et_pb_toggle title=&#8221;UNIDADES DE PRODUCCI\u00d3N&#8221; open_toggle_text_color=&#8221;#b5a216&#8243; icon_color=&#8221;#b5a216&#8243; use_icon_font_size=&#8221;on&#8221; icon_font_size=&#8221;30px&#8221; open_icon_color=&#8221;#b5a216&#8243; open_use_icon_font_size=&#8221;on&#8221; open_icon_font_size=&#8221;30px&#8221; icon_font_size_tablet=&#8221;30px&#8221; icon_font_size_phone=&#8221;30px&#8221; icon_font_size_last_edited=&#8221;on|desktop&#8221; open_icon_font_size_tablet=&#8221;30px&#8221; open_icon_font_size_phone=&#8221;30px&#8221; open_icon_font_size_last_edited=&#8221;on|desktop&#8221; _builder_version=&#8221;4.17.4&#8243; _module_preset=&#8221;default&#8221; title_text_color=&#8221;#b5a216&#8243; title_font=&#8221;Merriweather||||||||&#8221; title_text_align=&#8221;center&#8221; title_font_size=&#8221;27px&#8221; body_font=&#8221;Merriweather|300|||||||&#8221; body_text_color=&#8221;#000000&#8243; body_font_size=&#8221;22px&#8221; background_color=&#8221;#FFFFFF&#8221; title_font_size_tablet=&#8221;20px&#8221; title_font_size_phone=&#8221;20px&#8221; title_font_size_last_edited=&#8221;on|desktop&#8221; title_line_height_tablet=&#8221;1.3em&#8221; title_line_height_phone=&#8221;1.2em&#8221; title_line_height_last_edited=&#8221;on|tablet&#8221; body_font_size_tablet=&#8221;20px&#8221; body_font_size_phone=&#8221;18px&#8221; body_font_size_last_edited=&#8221;on|desktop&#8221; border_width_all=&#8221;2px&#8221; border_color_all=&#8221;#b5a216&#8243; global_colors_info=&#8221;{}&#8221;]<\/p>\n<h2>UGF<\/h2>\n<p style=\"font-family: 'Poppins';\">Gr\u00e1fica de Seguridad<\/p>\n<h2>UMD<\/h2>\n<p style=\"font-family: 'Poppins';\">Moneda<\/p>\n<p>[\/et_pb_toggle][et_pb_toggle title=&#8221;SOPORTE DE OPERACIONES&#8221; open_toggle_text_color=&#8221;#b5a216&#8243; icon_color=&#8221;#b5a216&#8243; use_icon_font_size=&#8221;on&#8221; icon_font_size=&#8221;30px&#8221; open_icon_color=&#8221;#b5a216&#8243; open_use_icon_font_size=&#8221;on&#8221; open_icon_font_size=&#8221;30px&#8221; icon_font_size_tablet=&#8221;30px&#8221; icon_font_size_phone=&#8221;30px&#8221; icon_font_size_last_edited=&#8221;on|desktop&#8221; open_icon_font_size_tablet=&#8221;30px&#8221; open_icon_font_size_phone=&#8221;30px&#8221; open_icon_font_size_last_edited=&#8221;on|desktop&#8221; _builder_version=&#8221;4.17.4&#8243; _module_preset=&#8221;default&#8221; title_text_color=&#8221;#b5a216&#8243; title_font=&#8221;Merriweather||||||||&#8221; title_text_align=&#8221;center&#8221; title_font_size=&#8221;27px&#8221; body_font=&#8221;Merriweather|300|||||||&#8221; body_text_color=&#8221;#000000&#8243; body_font_size=&#8221;22px&#8221; background_color=&#8221;#FFFFFF&#8221; title_font_size_tablet=&#8221;20px&#8221; title_font_size_phone=&#8221;20px&#8221; title_font_size_last_edited=&#8221;on|desktop&#8221; title_line_height_tablet=&#8221;1.3em&#8221; title_line_height_phone=&#8221;1.2em&#8221; title_line_height_last_edited=&#8221;on|tablet&#8221; body_font_size_tablet=&#8221;20px&#8221; body_font_size_phone=&#8221;18px&#8221; body_font_size_last_edited=&#8221;on|phone&#8221; border_width_all=&#8221;2px&#8221; border_color_all=&#8221;#b5a216&#8243; global_colors_info=&#8221;{}&#8221;]<\/p>\n<h2>DME<\/h2>\n<p style=\"font-family: 'Poppins';\">Ingenier\u00eda y Mantenimiento<\/p>\n<h2>DLG<\/h2>\n<p style=\"font-family: 'Poppins';\">Log\u00edstica<\/p>\n<h2>DQP<\/h2>\n<p style=\"font-family: 'Poppins';\">Calidad y Procesos<\/p>\n<h2>DTI<\/h2>\n<p style=\"font-family: 'Poppins';\">Tecnolog\u00edas de la Informaci\u00f3n<\/p>\n<h2>DCS<\/h2>\n<p style=\"font-family: 'Poppins';\">Compras y Soporte Comercial<\/p>\n<p>[\/et_pb_toggle][et_pb_toggle title=&#8221;APOYO A LA ORGANIZACI\u00d3N&#8221; open_toggle_text_color=&#8221;#b5a216&#8243; icon_color=&#8221;#b5a216&#8243; use_icon_font_size=&#8221;on&#8221; icon_font_size=&#8221;30px&#8221; open_icon_color=&#8221;#b5a216&#8243; open_use_icon_font_size=&#8221;on&#8221; open_icon_font_size=&#8221;30px&#8221; icon_font_size_tablet=&#8221;30px&#8221; icon_font_size_phone=&#8221;30px&#8221; icon_font_size_last_edited=&#8221;on|desktop&#8221; open_icon_font_size_tablet=&#8221;30px&#8221; open_icon_font_size_phone=&#8221;30px&#8221; open_icon_font_size_last_edited=&#8221;on|desktop&#8221; _builder_version=&#8221;4.27.4&#8243; _module_preset=&#8221;default&#8221; title_text_color=&#8221;#b5a216&#8243; title_font=&#8221;Merriweather||||||||&#8221; title_text_align=&#8221;center&#8221; title_font_size=&#8221;27px&#8221; body_font=&#8221;Merriweather|300|||||||&#8221; body_text_color=&#8221;#000000&#8243; body_font_size=&#8221;22px&#8221; background_color=&#8221;#FFFFFF&#8221; title_font_size_tablet=&#8221;20px&#8221; title_font_size_phone=&#8221;20px&#8221; title_font_size_last_edited=&#8221;on|desktop&#8221; title_line_height_tablet=&#8221;1.3em&#8221; title_line_height_phone=&#8221;1.2em&#8221; title_line_height_last_edited=&#8221;on|tablet&#8221; body_font_size_tablet=&#8221;20px&#8221; body_font_size_phone=&#8221;18px&#8221; body_font_size_last_edited=&#8221;on|phone&#8221; border_width_all=&#8221;2px&#8221; border_color_all=&#8221;#b5a216&#8243; global_colors_info=&#8221;{}&#8221;]<\/p>\n<h2>DDP<\/h2>\n<p style=\"font-family: 'Poppins';\">Desarrollo de Personas<\/p>\n<h2>DCF<\/h2>\n<p style=\"font-family: 'Poppins';\">Contabilidad y Finanzas<\/p>\n<h2>DJC<\/h2>\n<p style=\"font-family: 'Poppins';\">Servicios Legales e Compliance<\/p>\n<h2>DSE<\/h2>\n<p>Seguridad<\/p>\n<h2>DSO<\/h2>\n<p style=\"font-family: 'Poppins';\">Apoyo General, Obras y Ambiente<\/p>\n<h2>DPG<\/h2>\n<p style=\"font-family: 'Poppins';\">Planificaci\u00f3n y Control de Gesti\u00f3n<\/p>\n<h2>DCM<\/h2>\n<p style=\"font-family: 'Poppins';\">Comunicaci\u00f3n y Marketing<\/p>\n<p style=\"font-family: 'Poppins';\">[\/et_pb_toggle][\/et_pb_column][\/et_pb_row][\/et_pb_section]<\/p>\n","protected":false},"excerpt":{"rendered":"<p>ESTRUCTURA ORGANIZACIONAL EFICIENCIA RIGOR. MULTIPLICIDAD.UNA ORGANIZACI\u00d3N QUE PIENSA EN EL FUTURO. INCM cuenta en su estructura con varios centros y departamentos especializados, que garantizan el desarrollo, gesti\u00f3n y ejecuci\u00f3n de sus diferentes \u00e1reas de actividad. DAI Auditoria InternaDSR Sostenibilidad y RiesgoLAB Laboratorio de Innovaci\u00f3n y Desarrollo DCO ComercialUCF Contraste y Inspecci\u00f3n UEC Edici\u00f3n y Cultura [&hellip;]<\/p>\n","protected":false},"author":1,"featured_media":7426,"parent":0,"menu_order":0,"comment_status":"closed","ping_status":"closed","template":"","meta":{"_acf_changed":false,"_et_pb_use_builder":"on","_et_pb_old_content":"","_et_gb_content_width":"","footnotes":""},"class_list":["post-15120","page","type-page","status-publish","has-post-thumbnail","hentry"],"acf":[],"_links":{"self":[{"href":"https:\/\/incm.pt\/site\/es\/wp-json\/wp\/v2\/pages\/15120","targetHints":{"allow":["GET"]}}],"collection":[{"href":"https:\/\/incm.pt\/site\/es\/wp-json\/wp\/v2\/pages"}],"about":[{"href":"https:\/\/incm.pt\/site\/es\/wp-json\/wp\/v2\/types\/page"}],"author":[{"embeddable":true,"href":"https:\/\/incm.pt\/site\/es\/wp-json\/wp\/v2\/users\/1"}],"replies":[{"embeddable":true,"href":"https:\/\/incm.pt\/site\/es\/wp-json\/wp\/v2\/comments?post=15120"}],"version-history":[{"count":3,"href":"https:\/\/incm.pt\/site\/es\/wp-json\/wp\/v2\/pages\/15120\/revisions"}],"predecessor-version":[{"id":75593,"href":"https:\/\/incm.pt\/site\/es\/wp-json\/wp\/v2\/pages\/15120\/revisions\/75593"}],"wp:featuredmedia":[{"embeddable":true,"href":"https:\/\/incm.pt\/site\/es\/wp-json\/wp\/v2\/media\/7426"}],"wp:attachment":[{"href":"https:\/\/incm.pt\/site\/es\/wp-json\/wp\/v2\/media?parent=15120"}],"curies":[{"name":"wp","href":"https:\/\/api.w.org\/{rel}","templated":true}]}}